{"id":4342,"date":"2021-05-06T14:35:42","date_gmt":"2021-05-06T14:35:42","guid":{"rendered":"http:\/\/lobet.eu\/WP\/?page_id=4342"},"modified":"2026-04-01T16:07:34","modified_gmt":"2026-04-01T16:07:34","slug":"accueil-2","status":"publish","type":"page","link":"https:\/\/lobet.eu\/WP\/","title":{"rendered":"Accueil"},"content":{"rendered":"\t\t<div data-elementor-type=\"wp-page\" data-elementor-id=\"4342\" class=\"elementor elementor-4342\">\n\t\t\t\t\t\t<section class=\"elementor-section elementor-top-section elementor-element elementor-element-b4a2bf3 elementor-section-boxed elementor-section-height-default elementor-section-height-default\" data-id=\"b4a2bf3\" data-element_type=\"section\" data-e-type=\"section\">\n\t\t\t\t\t\t<div class=\"elementor-container elementor-column-gap-default\">\n\t\t\t\t\t<div class=\"elementor-column elementor-col-100 elementor-top-column elementor-element elementor-element-fd151cd\" data-id=\"fd151cd\" data-element_type=\"column\" data-e-type=\"column\">\n\t\t\t<div class=\"elementor-widget-wrap elementor-element-populated\">\n\t\t\t\t\t\t<div class=\"elementor-element elementor-element-45c44b9 elementor-widget elementor-widget-spacer\" data-id=\"45c44b9\" data-element_type=\"widget\" data-e-type=\"widget\" data-widget_type=\"spacer.default\">\n\t\t\t\t<div class=\"elementor-widget-container\">\n\t\t\t\t\t\t\t<div class=\"elementor-spacer\">\n\t\t\t<div class=\"elementor-spacer-inner\"><\/div>\n\t\t<\/div>\n\t\t\t\t\t\t<\/div>\n\t\t\t\t<\/div>\n\t\t\t\t\t<\/div>\n\t\t<\/div>\n\t\t\t\t\t<\/div>\n\t\t<\/section>\n\t\t\t\t<section class=\"elementor-section elementor-top-section elementor-element elementor-element-c819cf9 elementor-section-boxed elementor-section-height-default elementor-section-height-default\" data-id=\"c819cf9\" data-element_type=\"section\" data-e-type=\"section\">\n\t\t\t\t\t\t<div class=\"elementor-container elementor-column-gap-default\">\n\t\t\t\t\t<div class=\"elementor-column elementor-col-50 elementor-top-column elementor-element elementor-element-9a05df3\" data-id=\"9a05df3\" data-element_type=\"column\" data-e-type=\"column\">\n\t\t\t<div class=\"elementor-widget-wrap elementor-element-populated\">\n\t\t\t\t\t\t<div class=\"elementor-element elementor-element-803abd6 elementor-widget__width-initial elementor-widget-tablet__width-initial elementor-widget elementor-widget-text-editor\" data-id=\"803abd6\" data-element_type=\"widget\" data-e-type=\"widget\" data-widget_type=\"text-editor.default\">\n\t\t\t\t<div class=\"elementor-widget-container\">\n\t\t\t\t\t\t\t\t\t<p style=\"text-align: right;\">Cinq semaines au Japon, \u00e0 d\u00e9couvrir 88 temples bouddhistes sur l&#8217;\u00eele de Shikoku, quelques grandes villes, et une autre culture&#8230;<\/p>\t\t\t\t\t\t\t\t<\/div>\n\t\t\t\t<\/div>\n\t\t\t\t\t<\/div>\n\t\t<\/div>\n\t\t\t\t<div class=\"elementor-column elementor-col-50 elementor-top-column elementor-element elementor-element-1e0d627\" data-id=\"1e0d627\" data-element_type=\"column\" data-e-type=\"column\">\n\t\t\t<div class=\"elementor-widget-wrap elementor-element-populated\">\n\t\t\t\t\t\t<div class=\"elementor-element elementor-element-3208e25 elementor-widget__width-initial elementor-widget-tablet__width-initial elementor-pagination-position-outside elementor-widget elementor-widget-image-carousel\" data-id=\"3208e25\" data-element_type=\"widget\" data-e-type=\"widget\" data-settings=\"{&quot;slides_to_show&quot;:&quot;1&quot;,&quot;navigation&quot;:&quot;dots&quot;,&quot;effect&quot;:&quot;fade&quot;,&quot;speed&quot;:2000,&quot;autoplay&quot;:&quot;yes&quot;,&quot;pause_on_interaction&quot;:&quot;yes&quot;,&quot;autoplay_speed&quot;:5000,&quot;infinite&quot;:&quot;yes&quot;}\" data-widget_type=\"image-carousel.default\">\n\t\t\t\t<div class=\"elementor-widget-container\">\n\t\t\t\t\t\t\t<div class=\"elementor-image-carousel-wrapper swiper\" role=\"region\" aria-roledescription=\"carousel\" aria-label=\"Japon 2025\" dir=\"ltr\">\n\t\t\t<div class=\"elementor-image-carousel swiper-wrapper\" aria-live=\"off\">\n\t\t\t\t\t\t\t\t<div class=\"swiper-slide\" role=\"group\" aria-roledescription=\"slide\" aria-label=\"1 sur 19\"><figure class=\"swiper-slide-inner\"><img decoding=\"async\" class=\"swiper-slide-image\" src=\"https:\/\/lobet.eu\/WP\/wp-content\/uploads\/2026\/02\/Y007270-traitee-final-1024x723.jpg\" alt=\"_Y007270 - trait\u00e9e - final\" \/><\/figure><\/div><div class=\"swiper-slide\" role=\"group\" aria-roledescription=\"slide\" aria-label=\"2 sur 19\"><figure class=\"swiper-slide-inner\"><img decoding=\"async\" class=\"swiper-slide-image\" src=\"https:\/\/lobet.eu\/WP\/wp-content\/uploads\/2026\/02\/Y007406-traitee-final-1024x723.jpg\" alt=\"_Y007406 - trait\u00e9e - final\" \/><\/figure><\/div><div class=\"swiper-slide\" role=\"group\" aria-roledescription=\"slide\" aria-label=\"3 sur 19\"><figure class=\"swiper-slide-inner\"><img decoding=\"async\" class=\"swiper-slide-image\" src=\"https:\/\/lobet.eu\/WP\/wp-content\/uploads\/2026\/02\/Y007695-traitee-final-1024x723.jpg\" alt=\"_Y007695 - trait\u00e9e - final\" \/><\/figure><\/div><div class=\"swiper-slide\" role=\"group\" aria-roledescription=\"slide\" aria-label=\"4 sur 19\"><figure class=\"swiper-slide-inner\"><img decoding=\"async\" class=\"swiper-slide-image\" src=\"https:\/\/lobet.eu\/WP\/wp-content\/uploads\/2026\/02\/Y007687-2-traitee-final-1024x723.jpg\" alt=\"_Y007687-2 - trait\u00e9e - final\" \/><\/figure><\/div><div class=\"swiper-slide\" role=\"group\" aria-roledescription=\"slide\" aria-label=\"5 sur 19\"><figure class=\"swiper-slide-inner\"><img decoding=\"async\" class=\"swiper-slide-image\" src=\"https:\/\/lobet.eu\/WP\/wp-content\/uploads\/2026\/02\/Y007575-2-traitee-final-1024x723.jpg\" alt=\"_Y007575-2 - trait\u00e9e - final\" \/><\/figure><\/div><div class=\"swiper-slide\" role=\"group\" aria-roledescription=\"slide\" aria-label=\"6 sur 19\"><figure class=\"swiper-slide-inner\"><img decoding=\"async\" class=\"swiper-slide-image\" src=\"https:\/\/lobet.eu\/WP\/wp-content\/uploads\/2026\/02\/Y007555-2-final-1024x723.jpg\" alt=\"_Y007555-2 - final\" \/><\/figure><\/div><div class=\"swiper-slide\" role=\"group\" aria-roledescription=\"slide\" aria-label=\"7 sur 19\"><figure class=\"swiper-slide-inner\"><img decoding=\"async\" class=\"swiper-slide-image\" src=\"https:\/\/lobet.eu\/WP\/wp-content\/uploads\/2026\/02\/Y009513-final-1024x723.jpg\" alt=\"_Y009513 - final\" \/><\/figure><\/div><div class=\"swiper-slide\" role=\"group\" aria-roledescription=\"slide\" aria-label=\"8 sur 19\"><figure class=\"swiper-slide-inner\"><img decoding=\"async\" class=\"swiper-slide-image\" src=\"https:\/\/lobet.eu\/WP\/wp-content\/uploads\/2026\/02\/Y009138-final-1024x723.jpg\" alt=\"_Y009138 - final\" \/><\/figure><\/div><div class=\"swiper-slide\" role=\"group\" aria-roledescription=\"slide\" aria-label=\"9 sur 19\"><figure class=\"swiper-slide-inner\"><img decoding=\"async\" class=\"swiper-slide-image\" src=\"https:\/\/lobet.eu\/WP\/wp-content\/uploads\/2026\/02\/Y009346-final-1024x723.jpg\" alt=\"_Y009346 - final\" \/><\/figure><\/div><div class=\"swiper-slide\" role=\"group\" aria-roledescription=\"slide\" aria-label=\"10 sur 19\"><figure class=\"swiper-slide-inner\"><img decoding=\"async\" class=\"swiper-slide-image\" src=\"https:\/\/lobet.eu\/WP\/wp-content\/uploads\/2026\/02\/Y008234-traitee-final-1024x723.jpg\" alt=\"_Y008234 - trait\u00e9e - final\" \/><\/figure><\/div><div class=\"swiper-slide\" role=\"group\" aria-roledescription=\"slide\" aria-label=\"11 sur 19\"><figure class=\"swiper-slide-inner\"><img decoding=\"async\" class=\"swiper-slide-image\" src=\"https:\/\/lobet.eu\/WP\/wp-content\/uploads\/2026\/02\/Y008588-traitee-final-1024x723.jpg\" alt=\"_Y008588 - trait\u00e9e - final\" \/><\/figure><\/div><div class=\"swiper-slide\" role=\"group\" aria-roledescription=\"slide\" aria-label=\"12 sur 19\"><figure class=\"swiper-slide-inner\"><img decoding=\"async\" class=\"swiper-slide-image\" src=\"https:\/\/lobet.eu\/WP\/wp-content\/uploads\/2026\/02\/Y009254-final-1024x723.jpg\" alt=\"_Y009254 - final\" \/><\/figure><\/div><div class=\"swiper-slide\" role=\"group\" aria-roledescription=\"slide\" aria-label=\"13 sur 19\"><figure class=\"swiper-slide-inner\"><img decoding=\"async\" class=\"swiper-slide-image\" src=\"https:\/\/lobet.eu\/WP\/wp-content\/uploads\/2026\/02\/Y008706-final-1024x723.jpg\" alt=\"_Y008706 - final\" \/><\/figure><\/div><div class=\"swiper-slide\" role=\"group\" aria-roledescription=\"slide\" aria-label=\"14 sur 19\"><figure class=\"swiper-slide-inner\"><img decoding=\"async\" class=\"swiper-slide-image\" src=\"https:\/\/lobet.eu\/WP\/wp-content\/uploads\/2026\/02\/Y008882-final-1024x723.jpg\" alt=\"_Y008882 - final\" \/><\/figure><\/div><div class=\"swiper-slide\" role=\"group\" aria-roledescription=\"slide\" aria-label=\"15 sur 19\"><figure class=\"swiper-slide-inner\"><img decoding=\"async\" class=\"swiper-slide-image\" src=\"https:\/\/lobet.eu\/WP\/wp-content\/uploads\/2026\/02\/Y008909-final-1024x723.jpg\" alt=\"_Y008909 - final\" \/><\/figure><\/div><div class=\"swiper-slide\" role=\"group\" aria-roledescription=\"slide\" aria-label=\"16 sur 19\"><figure class=\"swiper-slide-inner\"><img decoding=\"async\" class=\"swiper-slide-image\" src=\"https:\/\/lobet.eu\/WP\/wp-content\/uploads\/2026\/02\/Y007124-traitee-final-1024x723.jpg\" alt=\"_Y007124 - trait\u00e9e - final\" \/><\/figure><\/div><div class=\"swiper-slide\" role=\"group\" aria-roledescription=\"slide\" aria-label=\"17 sur 19\"><figure class=\"swiper-slide-inner\"><img decoding=\"async\" class=\"swiper-slide-image\" src=\"https:\/\/lobet.eu\/WP\/wp-content\/uploads\/2026\/02\/Y007254-traitee-final-1024x723.jpg\" alt=\"_Y007254 - trait\u00e9e - final\" \/><\/figure><\/div><div class=\"swiper-slide\" role=\"group\" aria-roledescription=\"slide\" aria-label=\"18 sur 19\"><figure class=\"swiper-slide-inner\"><img decoding=\"async\" class=\"swiper-slide-image\" src=\"https:\/\/lobet.eu\/WP\/wp-content\/uploads\/2026\/02\/Y007835-traitee-final-1024x723.jpg\" alt=\"_Y007835 - trait\u00e9e - final\" \/><\/figure><\/div><div class=\"swiper-slide\" role=\"group\" aria-roledescription=\"slide\" aria-label=\"19 sur 19\"><figure class=\"swiper-slide-inner\"><img decoding=\"async\" class=\"swiper-slide-image\" src=\"https:\/\/lobet.eu\/WP\/wp-content\/uploads\/2026\/02\/Y009027-final-2-1024x723.jpg\" alt=\"_Y009027 - final-2\" \/><\/figure><\/div>\t\t\t<\/div>\n\t\t\t\t\t\t\t\n\t\t\t\t\t\t\t\t\t<div class=\"swiper-pagination\"><\/div>\n\t\t\t\t\t\t\t\t\t<\/div>\n\t\t\t\t\t\t<\/div>\n\t\t\t\t<\/div>\n\t\t\t\t\t<\/div>\n\t\t<\/div>\n\t\t\t\t\t<\/div>\n\t\t<\/section>\n\t\t\t\t<\/div>\n\t\t","protected":false},"excerpt":{"rendered":"<p>Cinq semaines au Japon, \u00e0 d\u00e9couvrir 88 temples bouddhistes sur l&#8217;\u00eele de Shikoku, quelques grandes villes, et une autre culture&#8230;<\/p>\n","protected":false},"author":1,"featured_media":0,"parent":0,"menu_order":0,"comment_status":"closed","ping_status":"closed","template":"","meta":{"_exactmetrics_skip_tracking":false,"_exactmetrics_sitenote_active":false,"_exactmetrics_sitenote_note":"","_exactmetrics_sitenote_category":0,"pgc_sgb_lightbox_settings":"","footnotes":""},"categories":[145,143],"tags":[],"class_list":["post-4342","page","type-page","status-publish","hentry","category-admin","category-main","entry"],"_links":{"self":[{"href":"https:\/\/lobet.eu\/WP\/wp-json\/wp\/v2\/pages\/4342","targetHints":{"allow":["GET"]}}],"collection":[{"href":"https:\/\/lobet.eu\/WP\/wp-json\/wp\/v2\/pages"}],"about":[{"href":"https:\/\/lobet.eu\/WP\/wp-json\/wp\/v2\/types\/page"}],"author":[{"embeddable":true,"href":"https:\/\/lobet.eu\/WP\/wp-json\/wp\/v2\/users\/1"}],"replies":[{"embeddable":true,"href":"https:\/\/lobet.eu\/WP\/wp-json\/wp\/v2\/comments?post=4342"}],"version-history":[{"count":376,"href":"https:\/\/lobet.eu\/WP\/wp-json\/wp\/v2\/pages\/4342\/revisions"}],"predecessor-version":[{"id":12445,"href":"https:\/\/lobet.eu\/WP\/wp-json\/wp\/v2\/pages\/4342\/revisions\/12445"}],"wp:attachment":[{"href":"https:\/\/lobet.eu\/WP\/wp-json\/wp\/v2\/media?parent=4342"}],"wp:term":[{"taxonomy":"category","embeddable":true,"href":"https:\/\/lobet.eu\/WP\/wp-json\/wp\/v2\/categories?post=4342"},{"taxonomy":"post_tag","embeddable":true,"href":"https:\/\/lobet.eu\/WP\/wp-json\/wp\/v2\/tags?post=4342"}],"curies":[{"name":"wp","href":"https:\/\/api.w.org\/{rel}","templated":true}]}}