{"id":4323,"date":"2021-05-06T16:07:30","date_gmt":"2021-05-06T16:07:30","guid":{"rendered":"http:\/\/lobet.eu\/WP\/?page_id=4323"},"modified":"2026-02-07T16:54:18","modified_gmt":"2026-02-07T16:54:18","slug":"contact-2","status":"publish","type":"page","link":"https:\/\/lobet.eu\/WP\/contact-2\/","title":{"rendered":"Contact"},"content":{"rendered":"\t\t<div data-elementor-type=\"wp-page\" data-elementor-id=\"4323\" class=\"elementor elementor-4323\">\n\t\t\t\t\t\t<section class=\"elementor-section elementor-top-section elementor-element elementor-element-03bb0ad elementor-section-boxed elementor-section-height-default elementor-section-height-default\" data-id=\"03bb0ad\" data-element_type=\"section\" data-e-type=\"section\">\n\t\t\t\t\t\t<div class=\"elementor-container elementor-column-gap-default\">\n\t\t\t\t\t<div class=\"elementor-column elementor-col-25 elementor-top-column elementor-element elementor-element-81cb197\" data-id=\"81cb197\" data-element_type=\"column\" data-e-type=\"column\">\n\t\t\t<div class=\"elementor-widget-wrap elementor-element-populated\">\n\t\t\t\t\t\t\t<\/div>\n\t\t<\/div>\n\t\t\t\t<div class=\"elementor-column elementor-col-25 elementor-top-column elementor-element elementor-element-1a8e2d4\" data-id=\"1a8e2d4\" data-element_type=\"column\" data-e-type=\"column\">\n\t\t\t<div class=\"elementor-widget-wrap elementor-element-populated\">\n\t\t\t\t\t\t<div class=\"elementor-element elementor-element-082d9f1 elementor-widget elementor-widget-text-editor\" data-id=\"082d9f1\" data-element_type=\"widget\" data-e-type=\"widget\" data-widget_type=\"text-editor.default\">\n\t\t\t\t<div class=\"elementor-widget-container\">\n\t\t\t\t\t\t\t\t\t<p><span style=\"font-size: 16px;\"><br \/>La photographie est ma passion depuis toujours.\u00a0<\/span><\/p>\n<p>La nature, par des paysages ou des d\u00e9tails trouv\u00e9s au bord des sentiers, est largement\u00a0<span style=\"font-size: 16px;\">pr\u00e9sente dans mes travaux r\u00e9cents.\u00a0<br \/><\/span><span style=\"font-size: 16px;\">Et je prends de plus en plus de plaisir \u00e0 prendre les gens que je rencontre en portrait.\u00a0<\/span><\/p>\n<p><span style=\"font-size: 16px;\">Je fais partie de l\u2019association \u00ab Au-Del\u00e0 des Nuages \u00bb qui aide les parents qui ont perdu\u00a0<\/span><span style=\"font-size: 16px;\">un enfant pendant la grossesse ou autour de la naissance. Ces prises de vues, et plus\u00a0<\/span><span style=\"font-size: 16px;\">encore les rencontres qu\u2019elles impliquent, sont tr\u00e8s importantes pour moi, pour donner\u00a0<\/span><span style=\"font-size: 16px;\">du sens \u00e0 ma pratique photographique.<\/span><\/p>\n<p><span style=\"font-size: 16px;\">J\u2019ai particip\u00e9 ou organis\u00e9 plusieurs expositions avec mes images, seul ou avec d\u2019autres\u00a0<\/span><span style=\"font-size: 16px;\">artistes. La liste peut \u00eatre trouv\u00e9e sur mon site.<\/span><\/p>\n<p>Quelques projets r\u00e9cents :<\/p>\n<p>&#8211; \u00ab En Vase Clos \u00bb, un recueil d\u2019ha\u00efshas cr\u00e9\u00e9 en\u00a0<span style=\"font-size: 16px;\">collaboration avec Carmelina Carracillo pour les\u00a0<\/span><span style=\"font-size: 16px;\">textes. Un an de covid entre photos et ha\u00efkus.\u00a0<\/span><\/p>\n<p>&#8211; \u00ab Voyages Proches \u00bb &#8211; Autour de chez moi\u2026<\/p>\n<p><span style=\"font-size: 16px;\">&#8211; \u00ab Les Rencontres du Retour \u00bb &#8211; Portraits de rencontres\u00a0<\/span><span style=\"font-size: 16px;\">pendant les trois mois de marche pour rentrer de Saint-Jacques de Compostelle.<\/span><\/p>\t\t\t\t\t\t\t\t<\/div>\n\t\t\t\t<\/div>\n\t\t\t\t\t<\/div>\n\t\t<\/div>\n\t\t\t\t<div class=\"elementor-column elementor-col-25 elementor-top-column elementor-element elementor-element-c0efb8e\" data-id=\"c0efb8e\" data-element_type=\"column\" data-e-type=\"column\">\n\t\t\t<div class=\"elementor-widget-wrap elementor-element-populated\">\n\t\t\t\t\t\t<div class=\"elementor-element elementor-element-15730d6 elementor-widget elementor-widget-image\" data-id=\"15730d6\" data-element_type=\"widget\" data-e-type=\"widget\" data-widget_type=\"image.default\">\n\t\t\t\t<div class=\"elementor-widget-container\">\n\t\t\t\t\t\t\t\t\t\t\t\t\t\t\t<img fetchpriority=\"high\" decoding=\"async\" width=\"1024\" height=\"1024\" src=\"https:\/\/lobet.eu\/WP\/wp-content\/uploads\/2026\/02\/YLO7340-1024x1024.jpg\" class=\"attachment-large size-large wp-image-11103\" alt=\"\" srcset=\"https:\/\/lobet.eu\/WP\/wp-content\/uploads\/2026\/02\/YLO7340-1024x1024.jpg 1024w, https:\/\/lobet.eu\/WP\/wp-content\/uploads\/2026\/02\/YLO7340-300x300.jpg 300w, https:\/\/lobet.eu\/WP\/wp-content\/uploads\/2026\/02\/YLO7340-150x150.jpg 150w, https:\/\/lobet.eu\/WP\/wp-content\/uploads\/2026\/02\/YLO7340-768x768.jpg 768w, https:\/\/lobet.eu\/WP\/wp-content\/uploads\/2026\/02\/YLO7340-1536x1536.jpg 1536w, https:\/\/lobet.eu\/WP\/wp-content\/uploads\/2026\/02\/YLO7340-2048x2048.jpg 2048w, https:\/\/lobet.eu\/WP\/wp-content\/uploads\/2026\/02\/YLO7340-600x600.jpg 600w, https:\/\/lobet.eu\/WP\/wp-content\/uploads\/2026\/02\/YLO7340-640x640.jpg 640w, https:\/\/lobet.eu\/WP\/wp-content\/uploads\/2026\/02\/YLO7340-50x50.jpg 50w\" sizes=\"(max-width: 1024px) 100vw, 1024px\" \/>\t\t\t\t\t\t\t\t\t\t\t\t\t\t\t<\/div>\n\t\t\t\t<\/div>\n\t\t\t\t\t<\/div>\n\t\t<\/div>\n\t\t\t\t<div class=\"elementor-column elementor-col-25 elementor-top-column elementor-element elementor-element-3b18132\" data-id=\"3b18132\" data-element_type=\"column\" data-e-type=\"column\">\n\t\t\t<div class=\"elementor-widget-wrap elementor-element-populated\">\n\t\t\t\t\t\t<div class=\"elementor-element elementor-element-891d579 elementor-widget__width-initial elementor-widget elementor-widget-text-editor\" data-id=\"891d579\" data-element_type=\"widget\" data-e-type=\"widget\" data-widget_type=\"text-editor.default\">\n\t\t\t\t<div class=\"elementor-widget-container\">\n\t\t\t\t\t\t\t\t\t<p><em>Un cours?<br \/><\/em><em style=\"font-size: 16px;\">Un tirage?<br \/><\/em><em style=\"font-size: 16px;\">Un livre?<br \/><\/em><em style=\"font-size: 16px;\">Vous voulez me donner votre avis?<br \/><\/em><em style=\"font-size: 16px;\">N&#8217;h\u00e9sitez pas \u00e0 me contacter&#8230;<\/em><\/p>\n<p>\u00a0<\/p>\n<div class=\"wp-block-contact-form-7-contact-form-selector\">\n<div class=\"wpcf7 no-js\" id=\"wpcf7-f2787-o1\" lang=\"fr-FR\" dir=\"ltr\" data-wpcf7-id=\"2787\">\n<div class=\"screen-reader-response\"><p role=\"status\" aria-live=\"polite\" aria-atomic=\"true\"><\/p> <ul><\/ul><\/div>\n<form action=\"\/WP\/wp-json\/wp\/v2\/pages\/4323#wpcf7-f2787-o1\" method=\"post\" class=\"wpcf7-form init\" aria-label=\"Formulaire de contact\" novalidate=\"novalidate\" data-status=\"init\">\n<fieldset class=\"hidden-fields-container\"><input type=\"hidden\" name=\"_wpcf7\" value=\"2787\" \/><input type=\"hidden\" name=\"_wpcf7_version\" value=\"6.1.5\" \/><input type=\"hidden\" name=\"_wpcf7_locale\" value=\"fr_FR\" \/><input type=\"hidden\" name=\"_wpcf7_unit_tag\" value=\"wpcf7-f2787-o1\" \/><input type=\"hidden\" name=\"_wpcf7_container_post\" value=\"0\" \/><input type=\"hidden\" name=\"_wpcf7_posted_data_hash\" value=\"\" \/><input type=\"hidden\" name=\"_wpcf7_recaptcha_response\" value=\"\" \/>\n<\/fieldset>\n<p><label> Votre nom<br \/>\n<span class=\"wpcf7-form-control-wrap\" data-name=\"Votre\"><input size=\"40\" maxlength=\"400\" class=\"wpcf7-form-control wpcf7-text wpcf7-validates-as-required\" aria-required=\"true\" aria-invalid=\"false\" value=\"\" type=\"text\" name=\"Votre\" \/><\/span> <\/label>\n<\/p>\n<p><label> Votre adresse email<br \/>\n<span class=\"wpcf7-form-control-wrap\" data-name=\"your-email\"><input size=\"40\" maxlength=\"400\" class=\"wpcf7-form-control wpcf7-email wpcf7-validates-as-required wpcf7-text wpcf7-validates-as-email\" aria-required=\"true\" aria-invalid=\"false\" value=\"\" type=\"email\" name=\"your-email\" \/><\/span> <\/label>\n<\/p>\n<p><label> Sujet<br \/>\n<span class=\"wpcf7-form-control-wrap\" data-name=\"your-subject\"><input size=\"40\" maxlength=\"400\" class=\"wpcf7-form-control wpcf7-text wpcf7-validates-as-required\" aria-required=\"true\" aria-invalid=\"false\" value=\"\" type=\"text\" name=\"your-subject\" \/><\/span> <\/label>\n<\/p>\n<p><label> Votre message<br \/>\n<span class=\"wpcf7-form-control-wrap\" data-name=\"your-message\"><textarea cols=\"40\" rows=\"10\" maxlength=\"2000\" class=\"wpcf7-form-control wpcf7-textarea\" aria-invalid=\"false\" name=\"your-message\"><\/textarea><\/span> <\/label>\n<\/p>\n<p><input class=\"wpcf7-form-control wpcf7-submit has-spinner\" type=\"submit\" value=\"Envoyer\" \/>\n<\/p><p style=\"display: none !important;\" class=\"akismet-fields-container\" data-prefix=\"_wpcf7_ak_\"><label>&#916;<textarea name=\"_wpcf7_ak_hp_textarea\" cols=\"45\" rows=\"8\" maxlength=\"100\"><\/textarea><\/label><input type=\"hidden\" id=\"ak_js_1\" name=\"_wpcf7_ak_js\" value=\"10\"\/><script>document.getElementById( \"ak_js_1\" ).setAttribute( \"value\", ( new Date() ).getTime() );<\/script><\/p><div class=\"wpcf7-response-output\" aria-hidden=\"true\"><\/div>\n<\/form>\n<\/div>\n<\/div>\n<p>\u00a0<\/p>\n<p>Retrouvez-moi aussi sur\u00a0<a href=\"https:\/\/www.facebook.com\/Yves.lobet.photo\" target=\"_blank\" rel=\"noreferrer noopener\"><span style=\"text-decoration: underline;\">Facebook<\/span>\u00a0<\/a>et\u00a0<span style=\"text-decoration: underline;\"><a href=\"https:\/\/www.instagram.com\/ylobet\/\" target=\"_blank\" rel=\"noreferrer noopener\">Instagram<\/a><\/span><\/p>\t\t\t\t\t\t\t\t<\/div>\n\t\t\t\t<\/div>\n\t\t\t\t\t<\/div>\n\t\t<\/div>\n\t\t\t\t\t<\/div>\n\t\t<\/section>\n\t\t\t\t<\/div>\n\t\t","protected":false},"excerpt":{"rendered":"<p>La photographie est ma passion depuis toujours.\u00a0 La nature, par des paysages ou des d\u00e9tails trouv\u00e9s au bord des sentiers, est largement\u00a0pr\u00e9sente dans mes travaux r\u00e9cents.\u00a0Et je prends de plus en plus de plaisir \u00e0 prendre les gens que je rencontre en portrait.\u00a0 Je fais partie de l\u2019association \u00ab Au-Del\u00e0 des Nuages \u00bb qui aide [&hellip;]<\/p>\n","protected":false},"author":1,"featured_media":0,"parent":0,"menu_order":0,"comment_status":"closed","ping_status":"closed","template":"","meta":{"_exactmetrics_skip_tracking":false,"_exactmetrics_sitenote_active":false,"_exactmetrics_sitenote_note":"","_exactmetrics_sitenote_category":0,"pgc_sgb_lightbox_settings":"","footnotes":""},"categories":[145,143],"tags":[],"class_list":["post-4323","page","type-page","status-publish","hentry","category-admin","category-main","entry"],"_links":{"self":[{"href":"https:\/\/lobet.eu\/WP\/wp-json\/wp\/v2\/pages\/4323","targetHints":{"allow":["GET"]}}],"collection":[{"href":"https:\/\/lobet.eu\/WP\/wp-json\/wp\/v2\/pages"}],"about":[{"href":"https:\/\/lobet.eu\/WP\/wp-json\/wp\/v2\/types\/page"}],"author":[{"embeddable":true,"href":"https:\/\/lobet.eu\/WP\/wp-json\/wp\/v2\/users\/1"}],"replies":[{"embeddable":true,"href":"https:\/\/lobet.eu\/WP\/wp-json\/wp\/v2\/comments?post=4323"}],"version-history":[{"count":114,"href":"https:\/\/lobet.eu\/WP\/wp-json\/wp\/v2\/pages\/4323\/revisions"}],"predecessor-version":[{"id":11134,"href":"https:\/\/lobet.eu\/WP\/wp-json\/wp\/v2\/pages\/4323\/revisions\/11134"}],"wp:attachment":[{"href":"https:\/\/lobet.eu\/WP\/wp-json\/wp\/v2\/media?parent=4323"}],"wp:term":[{"taxonomy":"category","embeddable":true,"href":"https:\/\/lobet.eu\/WP\/wp-json\/wp\/v2\/categories?post=4323"},{"taxonomy":"post_tag","embeddable":true,"href":"https:\/\/lobet.eu\/WP\/wp-json\/wp\/v2\/tags?post=4323"}],"curies":[{"name":"wp","href":"https:\/\/api.w.org\/{rel}","templated":true}]}}