{"id":4040,"date":"2021-05-20T19:39:37","date_gmt":"2021-05-20T19:39:37","guid":{"rendered":"http:\/\/lobet.eu\/WP\/?page_id=4040"},"modified":"2022-06-04T19:32:29","modified_gmt":"2022-06-04T19:32:29","slug":"publications-2","status":"publish","type":"page","link":"https:\/\/lobet.eu\/WP\/publications-2\/","title":{"rendered":"Expositions et autres publications"},"content":{"rendered":"\n<div class=\"wp-block-columns is-style-twentytwentyone-columns-overlap is-layout-flex wp-container-core-columns-is-layout-9d6595d7 wp-block-columns-is-layout-flex\">\n<div class=\"wp-block-column is-layout-flow wp-block-column-is-layout-flow\" style=\"flex-basis:20%\"><\/div>\n\n\n\n<div class=\"wp-block-column is-layout-flow wp-block-column-is-layout-flow\" style=\"flex-basis:40%\">\n<div style=\"height:36px\" aria-hidden=\"true\" class=\"wp-block-spacer\"><\/div>\n\n\n\n<p><strong><mark style=\"background-color:rgba(0, 0, 0, 0);color:#720103\" class=\"has-inline-color\">Expositions<\/mark><\/strong><\/p>\n\n\n\n<p><strong>En Vase Clos<\/strong> &#8211; exposition bas\u00e9e sur le <a href=\"http:\/\/lobet.eu\/WP\/en-vase-clos\" data-type=\"URL\" data-id=\"http:\/\/lobet.eu\/WP\/en-vase-clos\">livre <\/a>&#8220;En Vase Clos&#8221; &#8211; COTA &#8211; Rixensart &#8211; D\u00e9cembre 2021-mars 2022.<br><strong>D\u00e9clencheur<\/strong> &#8211; exposition bas\u00e9e sur le <a href=\"http:\/\/lobet.eu\/WP\/en-vase-clos\" data-type=\"URL\" data-id=\"http:\/\/lobet.eu\/WP\/en-vase-clos\">livre <\/a>&#8220;En Vase Clos&#8221;- Caf\u00e9 Arsene &#8211; Namur &#8211; D\u00e9cembre 2021<br><strong>Exposition CNPN<\/strong> &#8211; Delta &#8211; Namur &#8211; D\u00e9cembre 2021<br><strong>Parcours d\u2019Artistes<\/strong>&nbsp;\u2013 Maison de Quartier de Biez \u2013 Grez-Doiceau \u2013 Mai 2018<br><strong>Sentiers des Arts<\/strong>&nbsp;\u2013 Ferme Rose \u2013 Chaumont-Gistoux \u2013 Mai 2017<br><strong>Arty\u2019Chau\u2026mont<\/strong>&nbsp;\u2013 Espace P\u00e9rez \u2013 Chaumont-Gistoux \u2013 D\u00e9cembre 2015<br><strong>Tr\u00e8fle \u00e0 cinq feuilles<\/strong>&nbsp;\u2013 Chez Hubert Henry de Frahan \u2013 Louvain-la-Neuve \u2013 Septembre 2015<br><strong>Nateurart<\/strong>&nbsp;\u2013 parc du Cinquantenaire \u2013 Bruxelles \u2013 Juin 2015<br><strong>Fascination of Plants Day<\/strong>&nbsp;\u2013 Universit\u00e9 de Li\u00e8ge \u2013 Li\u00e8ge \u2013 Mai 2015<br><strong>Horizons et V\u00e9g\u00e9tales<\/strong>&nbsp;\u2013 XP4 \u2013 Schaerbeeck \u2013 Octobre 2014<br><strong>Sentiers des Arts<\/strong>&nbsp;\u2013 Home \u2013 Chaumont-Gistoux \u2013 Juin 2014<br><strong>Weekend Photo Award #5<\/strong>&nbsp;\u2013 Galeries Royales Saint-Hubert \u2013 Bruxelles \u2013 Mai 2013<\/p>\n\n\n\n<hr class=\"wp-block-separator has-css-opacity is-style-wide\"\/>\n\n\n\n<p><strong><span style=\"color:#720103\" class=\"has-inline-color\">Autres publications<\/span><\/strong><\/p>\n\n\n\n<p><strong>Fugacit\u00e9s &#8211; Belgitudes en ha\u00efkus <\/strong>&#8211; Carmelina Carracillo &#8211; Recueil d&#8217;ha\u00efkus &#8211; Couverture &#8211; 2021<br><strong>L&#8217;expression cristalline d&#8217;un terroir &#8211; Chablis<\/strong> &#8211; Illustration &#8211; janvier 2019<br><strong>Topoguide du Sentier de Grande Randonn\u00e9e \u2013 Tour du Brabant Wallon<\/strong> \u2013 Illustrations &#8211; Janvier 2018<br><strong>Topoguide du Sentier de Grande Randonn\u00e9e \u2013 Tour du Pays de Herve <\/strong>\u2013 Illustrations\u2013 Mars 2017<br><strong>Alter\u00e9chos<\/strong> \u2013 Illustration d&#8217;un article &#8211; Novembre 2016 <br><strong>La galaxie Nos Pilifs<\/strong> &#8211; Plaquette de pr\u00e9sentation des asbl Nos Pilifs &#8211; Illustrations &#8211; 2014<br><strong>Regain<\/strong> \u2013 Illustration d&#8217;un article &#8211; Septembre 2013<\/p>\n<\/div>\n\n\n\n<div class=\"wp-block-column is-layout-flow wp-block-column-is-layout-flow\" style=\"flex-basis:20%\"><\/div>\n<\/div>\n\n\n\n<div style=\"height:135px\" aria-hidden=\"true\" class=\"wp-block-spacer\"><\/div>\n\n\n\n<p><\/p>\n","protected":false},"excerpt":{"rendered":"<p>Expositions En Vase Clos &#8211; exposition bas\u00e9e sur le livre &#8220;En Vase Clos&#8221; &#8211; COTA &#8211; Rixensart &#8211; D\u00e9cembre 2021-mars 2022.D\u00e9clencheur &#8211; exposition bas\u00e9e sur le livre &#8220;En Vase Clos&#8221;- Caf\u00e9 Arsene &#8211; Namur &#8211; D\u00e9cembre 2021Exposition CNPN &#8211; Delta &#8211; Namur &#8211; D\u00e9cembre 2021Parcours d\u2019Artistes&nbsp;\u2013 Maison de Quartier de Biez \u2013 Grez-Doiceau \u2013 Mai [&hellip;]<\/p>\n","protected":false},"author":1,"featured_media":0,"parent":0,"menu_order":0,"comment_status":"closed","ping_status":"closed","template":"","meta":{"_exactmetrics_skip_tracking":false,"_exactmetrics_sitenote_active":false,"_exactmetrics_sitenote_note":"","_exactmetrics_sitenote_category":0,"pgc_sgb_lightbox_settings":"","footnotes":""},"categories":[145,143],"tags":[],"class_list":["post-4040","page","type-page","status-publish","hentry","category-admin","category-main","entry"],"_links":{"self":[{"href":"https:\/\/lobet.eu\/WP\/wp-json\/wp\/v2\/pages\/4040","targetHints":{"allow":["GET"]}}],"collection":[{"href":"https:\/\/lobet.eu\/WP\/wp-json\/wp\/v2\/pages"}],"about":[{"href":"https:\/\/lobet.eu\/WP\/wp-json\/wp\/v2\/types\/page"}],"author":[{"embeddable":true,"href":"https:\/\/lobet.eu\/WP\/wp-json\/wp\/v2\/users\/1"}],"replies":[{"embeddable":true,"href":"https:\/\/lobet.eu\/WP\/wp-json\/wp\/v2\/comments?post=4040"}],"version-history":[{"count":28,"href":"https:\/\/lobet.eu\/WP\/wp-json\/wp\/v2\/pages\/4040\/revisions"}],"predecessor-version":[{"id":9856,"href":"https:\/\/lobet.eu\/WP\/wp-json\/wp\/v2\/pages\/4040\/revisions\/9856"}],"wp:attachment":[{"href":"https:\/\/lobet.eu\/WP\/wp-json\/wp\/v2\/media?parent=4040"}],"wp:term":[{"taxonomy":"category","embeddable":true,"href":"https:\/\/lobet.eu\/WP\/wp-json\/wp\/v2\/categories?post=4040"},{"taxonomy":"post_tag","embeddable":true,"href":"https:\/\/lobet.eu\/WP\/wp-json\/wp\/v2\/tags?post=4040"}],"curies":[{"name":"wp","href":"https:\/\/api.w.org\/{rel}","templated":true}]}}