{"id":3907,"date":"2021-05-08T13:28:59","date_gmt":"2021-05-08T13:28:59","guid":{"rendered":"http:\/\/lobet.eu\/WP\/?page_id=3907"},"modified":"2026-04-05T13:00:26","modified_gmt":"2026-04-05T13:00:26","slug":"en-vase-clos","status":"publish","type":"page","link":"https:\/\/lobet.eu\/WP\/en-vase-clos\/","title":{"rendered":"En vase clos"},"content":{"rendered":"\n<div class=\"wp-block-columns is-style-twentytwentyone-columns-overlap is-layout-flex wp-container-core-columns-is-layout-9d6595d7 wp-block-columns-is-layout-flex\">\n<div class=\"wp-block-column is-layout-flow wp-block-column-is-layout-flow\" style=\"flex-basis:40%\">\n<figure class=\"wp-block-image size-large is-style-default\"><img fetchpriority=\"high\" decoding=\"async\" width=\"1024\" height=\"683\" src=\"http:\/\/lobet.eu\/WP\/wp-content\/uploads\/2021\/06\/YLO8740-1024x683.jpg\" alt=\"\" class=\"wp-image-4491\" srcset=\"https:\/\/lobet.eu\/WP\/wp-content\/uploads\/2021\/06\/YLO8740-1024x683.jpg 1024w, https:\/\/lobet.eu\/WP\/wp-content\/uploads\/2021\/06\/YLO8740-300x200.jpg 300w, https:\/\/lobet.eu\/WP\/wp-content\/uploads\/2021\/06\/YLO8740-150x100.jpg 150w, https:\/\/lobet.eu\/WP\/wp-content\/uploads\/2021\/06\/YLO8740-768x512.jpg 768w, https:\/\/lobet.eu\/WP\/wp-content\/uploads\/2021\/06\/YLO8740-1170x780.jpg 1170w, https:\/\/lobet.eu\/WP\/wp-content\/uploads\/2021\/06\/YLO8740-960x640.jpg 960w, https:\/\/lobet.eu\/WP\/wp-content\/uploads\/2021\/06\/YLO8740.jpg 1200w\" sizes=\"(max-width: 1024px) 100vw, 1024px\" \/><\/figure>\n\n\n\n<div style=\"height:30px\" aria-hidden=\"true\" class=\"wp-block-spacer\"><\/div>\n\n\n\n<p>&#8220;<em>Vos ha\u00efshas sont inspirants !&nbsp; Ils me connectent assez vite vers toutes sortes de pens\u00e9es intimes ou po\u00e9tiques.&nbsp; Parfois, j&#8217;avais l&#8217;impression de r\u00e9soudre une \u00e9nigme avant de laisser filer mon esprit dans la photo.&nbsp; Donc, j&#8217;aime ce pouvoir hypnotique de l&#8217;ha\u00efsha<em>.&#8221;<\/em><\/em><\/p>\n\n\n\n<p>&#8220;<em>Magnifique et \u00e0 m\u00e9diter encore longtemps !<em>!&#8221;<\/em><\/em><\/p>\n\n\n\n<p><em>&#8220;J&#8217;ai eu beaucoup de plaisir a lire ton livre , une tr\u00e8s belle coop\u00e9ration , tr\u00e8s \u00e9mouvant et paisible. Bravo.&#8221;<\/em><\/p>\n\n\n\n<p>Ted Forbes en a parl\u00e9 sur YouTube : <a href=\"https:\/\/www.youtube.com\/watch?v=WqtzBUYbJ3o&amp;t=183s\" target=\"_blank\" rel=\"noreferrer noopener\"><mark style=\"background-color:rgba(0, 0, 0, 0)\" class=\"has-inline-color has-vivid-cyan-blue-color\">https:\/\/www.youtube.com\/watch?v=WqtzBUYbJ3o&amp;t=183s<\/mark><\/a><\/p>\n<\/div>\n\n\n\n<div class=\"wp-block-column is-layout-flow wp-block-column-is-layout-flow\" style=\"flex-basis:5%\"><\/div>\n\n\n\n<div class=\"wp-block-column is-layout-flow wp-block-column-is-layout-flow\" style=\"flex-basis:65%\">\n<p>A l\u2019origine de ce recueil \u00ab En vase clos \u00bb, le regard crois\u00e9 de deux artistes r\u00e9sidant \u00e0 Chaumont-Gistoux (Brabant wallon), une po\u00e9tesse et un photographe. Durant une ann\u00e9e de pand\u00e9mie, depuis mars 2020, Carmelina Carracillo a cr\u00e9\u00e9 des ha\u00efkus et des tercets au cours de balades m\u00e9ditatives pr\u00e8s de chez elle. De son c\u00f4t\u00e9, Yves Lobet a captur\u00e9 des images chez lui et lors de longues promenades solitaires dans les environs.<br>Le \u00ab ha\u00efsha \u00bb, ha\u00efku-photo, est la forme moderne du ha\u00efga qui, au Japon depuis le 17e si\u00e8cle, allie ha\u00efku et peinture sur un m\u00eame support. Le ha\u00efku est une forme de po\u00e9sie br\u00e8ve. Il est anim\u00e9 par la joie et la m\u00e9lancolie face \u00e0 l\u2019impermanence, par l\u2019amour et la compassion pour tous les \u00eatres vivants. Il c\u00e9l\u00e8bre le pr\u00e9sent, l\u2019union du monde vivant avec l\u2019intime en soi. Il en appelle \u00e0 la m\u00e9ditation sur les saisons, la nature, la condition humaine, \u00e0 l&#8217;autod\u00e9rision.<br>Dans cet ouvrage, photo et ha\u00efku se mettent ensemble au service de cet \u00e9tat d&#8217;esprit, cherchant \u00e0 capter l\u2019instant dans sa part impr\u00e9visible, insolite, anodine, unique. En filigrane, se per\u00e7oit la gr\u00e2ce rendue aux choses proches, belles, bonnes, dr\u00f4les, justes, simples, fortuites. En toile de fond, le confinement aux effets sur la raison, les rituels, les sentiments, les relations avec soi-m\u00eame et avec les autres.<br>Mai 2021<\/p>\n\n\n\n<p><\/p>\n\n\n\n<div style=\"height:25px\" aria-hidden=\"true\" class=\"wp-block-spacer\"><\/div>\n\n\n\n<p>Quelques extraits:<br><\/p>\n\n\n\n<figure class=\"wp-block-gallery has-nested-images columns-3 is-cropped wp-block-gallery-1 is-layout-flex wp-block-gallery-is-layout-flex\">\n<figure class=\"wp-block-image size-large\"><a href=\"https:\/\/lobet.eu\/WP\/wp-content\/uploads\/2021\/05\/En-vase-clos-p-16-17-v2.jpg\"><img decoding=\"async\" width=\"1024\" height=\"453\" data-id=\"3929\" src=\"http:\/\/lobet.eu\/WP\/wp-content\/uploads\/2021\/05\/En-vase-clos-p-16-17-v2-1024x453.jpg\" alt=\"\" class=\"wp-image-3929\" srcset=\"https:\/\/lobet.eu\/WP\/wp-content\/uploads\/2021\/05\/En-vase-clos-p-16-17-v2-1024x453.jpg 1024w, https:\/\/lobet.eu\/WP\/wp-content\/uploads\/2021\/05\/En-vase-clos-p-16-17-v2-300x133.jpg 300w, https:\/\/lobet.eu\/WP\/wp-content\/uploads\/2021\/05\/En-vase-clos-p-16-17-v2-150x66.jpg 150w, https:\/\/lobet.eu\/WP\/wp-content\/uploads\/2021\/05\/En-vase-clos-p-16-17-v2-768x340.jpg 768w, https:\/\/lobet.eu\/WP\/wp-content\/uploads\/2021\/05\/En-vase-clos-p-16-17-v2-1536x680.jpg 1536w, https:\/\/lobet.eu\/WP\/wp-content\/uploads\/2021\/05\/En-vase-clos-p-16-17-v2-2000x885.jpg 2000w, https:\/\/lobet.eu\/WP\/wp-content\/uploads\/2021\/05\/En-vase-clos-p-16-17-v2-1170x518.jpg 1170w, https:\/\/lobet.eu\/WP\/wp-content\/uploads\/2021\/05\/En-vase-clos-p-16-17-v2.jpg 2029w\" sizes=\"(max-width: 1024px) 100vw, 1024px\" \/><\/a><\/figure>\n\n\n\n<figure class=\"wp-block-image size-large\"><a href=\"https:\/\/lobet.eu\/WP\/wp-content\/uploads\/2021\/05\/En-vase-clos-p-52-53-v2.jpg\"><img decoding=\"async\" width=\"1024\" height=\"453\" data-id=\"3931\" src=\"http:\/\/lobet.eu\/WP\/wp-content\/uploads\/2021\/05\/En-vase-clos-p-52-53-v2-1024x453.jpg\" alt=\"\" class=\"wp-image-3931\" srcset=\"https:\/\/lobet.eu\/WP\/wp-content\/uploads\/2021\/05\/En-vase-clos-p-52-53-v2-1024x453.jpg 1024w, https:\/\/lobet.eu\/WP\/wp-content\/uploads\/2021\/05\/En-vase-clos-p-52-53-v2-300x133.jpg 300w, https:\/\/lobet.eu\/WP\/wp-content\/uploads\/2021\/05\/En-vase-clos-p-52-53-v2-150x66.jpg 150w, https:\/\/lobet.eu\/WP\/wp-content\/uploads\/2021\/05\/En-vase-clos-p-52-53-v2-768x340.jpg 768w, https:\/\/lobet.eu\/WP\/wp-content\/uploads\/2021\/05\/En-vase-clos-p-52-53-v2-1536x680.jpg 1536w, https:\/\/lobet.eu\/WP\/wp-content\/uploads\/2021\/05\/En-vase-clos-p-52-53-v2-2000x885.jpg 2000w, https:\/\/lobet.eu\/WP\/wp-content\/uploads\/2021\/05\/En-vase-clos-p-52-53-v2-1170x518.jpg 1170w, https:\/\/lobet.eu\/WP\/wp-content\/uploads\/2021\/05\/En-vase-clos-p-52-53-v2.jpg 2029w\" sizes=\"(max-width: 1024px) 100vw, 1024px\" \/><\/a><\/figure>\n\n\n\n<figure class=\"wp-block-image size-large\"><a href=\"https:\/\/lobet.eu\/WP\/wp-content\/uploads\/2021\/05\/En-vase-clos-p-72-73-v2.jpg\"><img loading=\"lazy\" decoding=\"async\" width=\"1024\" height=\"454\" data-id=\"3933\" src=\"http:\/\/lobet.eu\/WP\/wp-content\/uploads\/2021\/05\/En-vase-clos-p-72-73-v2-1024x454.jpg\" alt=\"\" class=\"wp-image-3933\" srcset=\"https:\/\/lobet.eu\/WP\/wp-content\/uploads\/2021\/05\/En-vase-clos-p-72-73-v2-1024x454.jpg 1024w, https:\/\/lobet.eu\/WP\/wp-content\/uploads\/2021\/05\/En-vase-clos-p-72-73-v2-300x133.jpg 300w, https:\/\/lobet.eu\/WP\/wp-content\/uploads\/2021\/05\/En-vase-clos-p-72-73-v2-150x67.jpg 150w, https:\/\/lobet.eu\/WP\/wp-content\/uploads\/2021\/05\/En-vase-clos-p-72-73-v2-768x341.jpg 768w, https:\/\/lobet.eu\/WP\/wp-content\/uploads\/2021\/05\/En-vase-clos-p-72-73-v2-1536x681.jpg 1536w, https:\/\/lobet.eu\/WP\/wp-content\/uploads\/2021\/05\/En-vase-clos-p-72-73-v2-2000x887.jpg 2000w, https:\/\/lobet.eu\/WP\/wp-content\/uploads\/2021\/05\/En-vase-clos-p-72-73-v2-1170x519.jpg 1170w, https:\/\/lobet.eu\/WP\/wp-content\/uploads\/2021\/05\/En-vase-clos-p-72-73-v2.jpg 2031w\" sizes=\"(max-width: 1024px) 100vw, 1024px\" \/><\/a><\/figure>\n\n\n\n<figure class=\"wp-block-image size-large\"><a href=\"https:\/\/lobet.eu\/WP\/wp-content\/uploads\/2021\/05\/En-vase-clos-p-116-117-v2.jpg\"><img loading=\"lazy\" decoding=\"async\" width=\"1024\" height=\"454\" data-id=\"3936\" src=\"http:\/\/lobet.eu\/WP\/wp-content\/uploads\/2021\/05\/En-vase-clos-p-116-117-v2-1024x454.jpg\" alt=\"\" class=\"wp-image-3936\" srcset=\"https:\/\/lobet.eu\/WP\/wp-content\/uploads\/2021\/05\/En-vase-clos-p-116-117-v2-1024x454.jpg 1024w, https:\/\/lobet.eu\/WP\/wp-content\/uploads\/2021\/05\/En-vase-clos-p-116-117-v2-300x133.jpg 300w, https:\/\/lobet.eu\/WP\/wp-content\/uploads\/2021\/05\/En-vase-clos-p-116-117-v2-150x67.jpg 150w, https:\/\/lobet.eu\/WP\/wp-content\/uploads\/2021\/05\/En-vase-clos-p-116-117-v2-768x341.jpg 768w, https:\/\/lobet.eu\/WP\/wp-content\/uploads\/2021\/05\/En-vase-clos-p-116-117-v2-1536x681.jpg 1536w, https:\/\/lobet.eu\/WP\/wp-content\/uploads\/2021\/05\/En-vase-clos-p-116-117-v2-2000x887.jpg 2000w, https:\/\/lobet.eu\/WP\/wp-content\/uploads\/2021\/05\/En-vase-clos-p-116-117-v2-1170x519.jpg 1170w, https:\/\/lobet.eu\/WP\/wp-content\/uploads\/2021\/05\/En-vase-clos-p-116-117-v2.jpg 2031w\" sizes=\"(max-width: 1024px) 100vw, 1024px\" \/><\/a><\/figure>\n\n\n\n<figure class=\"wp-block-image size-large\"><a href=\"https:\/\/lobet.eu\/WP\/wp-content\/uploads\/2021\/05\/En-vase-clos-p-120-121-v2.jpg\"><img loading=\"lazy\" decoding=\"async\" width=\"1024\" height=\"454\" data-id=\"3925\" src=\"http:\/\/lobet.eu\/WP\/wp-content\/uploads\/2021\/05\/En-vase-clos-p-120-121-v2-1024x454.jpg\" alt=\"\" class=\"wp-image-3925\" srcset=\"https:\/\/lobet.eu\/WP\/wp-content\/uploads\/2021\/05\/En-vase-clos-p-120-121-v2-1024x454.jpg 1024w, https:\/\/lobet.eu\/WP\/wp-content\/uploads\/2021\/05\/En-vase-clos-p-120-121-v2-300x133.jpg 300w, https:\/\/lobet.eu\/WP\/wp-content\/uploads\/2021\/05\/En-vase-clos-p-120-121-v2-150x67.jpg 150w, https:\/\/lobet.eu\/WP\/wp-content\/uploads\/2021\/05\/En-vase-clos-p-120-121-v2-768x341.jpg 768w, https:\/\/lobet.eu\/WP\/wp-content\/uploads\/2021\/05\/En-vase-clos-p-120-121-v2-1536x682.jpg 1536w, https:\/\/lobet.eu\/WP\/wp-content\/uploads\/2021\/05\/En-vase-clos-p-120-121-v2-2000x888.jpg 2000w, https:\/\/lobet.eu\/WP\/wp-content\/uploads\/2021\/05\/En-vase-clos-p-120-121-v2-1170x519.jpg 1170w, https:\/\/lobet.eu\/WP\/wp-content\/uploads\/2021\/05\/En-vase-clos-p-120-121-v2.jpg 2030w\" sizes=\"(max-width: 1024px) 100vw, 1024px\" \/><\/a><\/figure>\n\n\n\n<figure class=\"wp-block-image size-large\"><a href=\"https:\/\/lobet.eu\/WP\/wp-content\/uploads\/2021\/05\/En-vase-clos-p-134-135-v2.jpg\"><img loading=\"lazy\" decoding=\"async\" width=\"1024\" height=\"454\" data-id=\"3926\" src=\"http:\/\/lobet.eu\/WP\/wp-content\/uploads\/2021\/05\/En-vase-clos-p-134-135-v2-1024x454.jpg\" alt=\"\" class=\"wp-image-3926\" srcset=\"https:\/\/lobet.eu\/WP\/wp-content\/uploads\/2021\/05\/En-vase-clos-p-134-135-v2-1024x454.jpg 1024w, https:\/\/lobet.eu\/WP\/wp-content\/uploads\/2021\/05\/En-vase-clos-p-134-135-v2-300x133.jpg 300w, https:\/\/lobet.eu\/WP\/wp-content\/uploads\/2021\/05\/En-vase-clos-p-134-135-v2-150x67.jpg 150w, https:\/\/lobet.eu\/WP\/wp-content\/uploads\/2021\/05\/En-vase-clos-p-134-135-v2-768x341.jpg 768w, https:\/\/lobet.eu\/WP\/wp-content\/uploads\/2021\/05\/En-vase-clos-p-134-135-v2-1536x682.jpg 1536w, https:\/\/lobet.eu\/WP\/wp-content\/uploads\/2021\/05\/En-vase-clos-p-134-135-v2-2000x888.jpg 2000w, https:\/\/lobet.eu\/WP\/wp-content\/uploads\/2021\/05\/En-vase-clos-p-134-135-v2-1170x519.jpg 1170w, https:\/\/lobet.eu\/WP\/wp-content\/uploads\/2021\/05\/En-vase-clos-p-134-135-v2.jpg 2030w\" sizes=\"(max-width: 1024px) 100vw, 1024px\" \/><\/a><\/figure>\n<\/figure>\n<\/div>\n<\/div>\n\n\n\n<hr class=\"wp-block-separator has-css-opacity is-style-wide\"\/>\n\n\n\n<p>Prix : 22 \u20ac  <br>Le livre est disponible dans quelques librairie. N&#8217;h\u00e9sitez pas \u00e0 nous contacter si vous d\u00e9sirez un exemplaire:<br>&#8211; <em>Carmelina Carracillo: <a rel=\"noreferrer noopener\" href=\"mailto:Carmel.carracillo@hotmail.com\" target=\"_blank\">Carmel.carracillo@hotmail.com<\/a><br>&#8211; Yves Lobet: <a rel=\"noreferrer noopener\" href=\"mailto:ylphoto@lobet.eu\" target=\"_blank\">ylphoto@lobet.eu<\/a><\/em><\/p>\n\n\n\n<div style=\"height:216px\" aria-hidden=\"true\" class=\"wp-block-spacer\"><\/div>\n","protected":false},"excerpt":{"rendered":"<p>&#8220;Vos ha\u00efshas sont inspirants !&nbsp; Ils me connectent assez vite vers toutes sortes de pens\u00e9es intimes ou po\u00e9tiques.&nbsp; Parfois, j&#8217;avais l&#8217;impression de r\u00e9soudre une \u00e9nigme avant de laisser filer mon esprit dans la photo.&nbsp; Donc, j&#8217;aime ce pouvoir hypnotique de l&#8217;ha\u00efsha.&#8221; &#8220;Magnifique et \u00e0 m\u00e9diter encore longtemps !!&#8221; &#8220;J&#8217;ai eu beaucoup de plaisir a lire [&hellip;]<\/p>\n","protected":false},"author":1,"featured_media":0,"parent":0,"menu_order":0,"comment_status":"closed","ping_status":"closed","template":"","meta":{"_exactmetrics_skip_tracking":false,"_exactmetrics_sitenote_active":false,"_exactmetrics_sitenote_note":"","_exactmetrics_sitenote_category":0,"pgc_sgb_lightbox_settings":"","footnotes":""},"categories":[145,143],"tags":[],"class_list":["post-3907","page","type-page","status-publish","hentry","category-admin","category-main","entry"],"_links":{"self":[{"href":"https:\/\/lobet.eu\/WP\/wp-json\/wp\/v2\/pages\/3907","targetHints":{"allow":["GET"]}}],"collection":[{"href":"https:\/\/lobet.eu\/WP\/wp-json\/wp\/v2\/pages"}],"about":[{"href":"https:\/\/lobet.eu\/WP\/wp-json\/wp\/v2\/types\/page"}],"author":[{"embeddable":true,"href":"https:\/\/lobet.eu\/WP\/wp-json\/wp\/v2\/users\/1"}],"replies":[{"embeddable":true,"href":"https:\/\/lobet.eu\/WP\/wp-json\/wp\/v2\/comments?post=3907"}],"version-history":[{"count":62,"href":"https:\/\/lobet.eu\/WP\/wp-json\/wp\/v2\/pages\/3907\/revisions"}],"predecessor-version":[{"id":12449,"href":"https:\/\/lobet.eu\/WP\/wp-json\/wp\/v2\/pages\/3907\/revisions\/12449"}],"wp:attachment":[{"href":"https:\/\/lobet.eu\/WP\/wp-json\/wp\/v2\/media?parent=3907"}],"wp:term":[{"taxonomy":"category","embeddable":true,"href":"https:\/\/lobet.eu\/WP\/wp-json\/wp\/v2\/categories?post=3907"},{"taxonomy":"post_tag","embeddable":true,"href":"https:\/\/lobet.eu\/WP\/wp-json\/wp\/v2\/tags?post=3907"}],"curies":[{"name":"wp","href":"https:\/\/api.w.org\/{rel}","templated":true}]}}