{"id":3617,"date":"2021-05-08T13:28:59","date_gmt":"2021-05-08T13:28:59","guid":{"rendered":"http:\/\/lobet.eu\/WP\/?page_id=3617"},"modified":"2026-03-01T13:40:38","modified_gmt":"2026-03-01T13:40:38","slug":"7-peches-capitaux","status":"publish","type":"page","link":"https:\/\/lobet.eu\/WP\/7-peches-capitaux\/","title":{"rendered":"7 p\u00e9ch\u00e9s capitaux"},"content":{"rendered":"\t\t<div data-elementor-type=\"wp-page\" data-elementor-id=\"3617\" class=\"elementor elementor-3617\">\n\t\t\t\t\t\t<section class=\"elementor-section elementor-top-section elementor-element elementor-element-502b3fa elementor-section-boxed elementor-section-height-default elementor-section-height-default\" data-id=\"502b3fa\" data-element_type=\"section\" data-e-type=\"section\">\n\t\t\t\t\t\t<div class=\"elementor-container elementor-column-gap-default\">\n\t\t\t\t\t<div class=\"elementor-column elementor-col-50 elementor-top-column elementor-element elementor-element-6f7d154\" data-id=\"6f7d154\" data-element_type=\"column\" data-e-type=\"column\">\n\t\t\t<div class=\"elementor-widget-wrap elementor-element-populated\">\n\t\t\t\t\t\t<div class=\"elementor-element elementor-element-d1df4dd elementor-widget elementor-widget-heading\" data-id=\"d1df4dd\" data-element_type=\"widget\" data-e-type=\"widget\" data-widget_type=\"heading.default\">\n\t\t\t\t<div class=\"elementor-widget-container\">\n\t\t\t\t\t<h2 class=\"elementor-heading-title elementor-size-default\">7 p\u00e9ch\u00e9s capitaux<\/h2>\t\t\t\t<\/div>\n\t\t\t\t<\/div>\n\t\t\t\t<div class=\"elementor-element elementor-element-4a5f3be elementor-widget-divider--view-line elementor-widget elementor-widget-divider\" data-id=\"4a5f3be\" data-element_type=\"widget\" data-e-type=\"widget\" data-widget_type=\"divider.default\">\n\t\t\t\t<div class=\"elementor-widget-container\">\n\t\t\t\t\t\t\t<div class=\"elementor-divider\">\n\t\t\t<span class=\"elementor-divider-separator\">\n\t\t\t\t\t\t<\/span>\n\t\t<\/div>\n\t\t\t\t\t\t<\/div>\n\t\t\t\t<\/div>\n\t\t\t\t<div class=\"elementor-element elementor-element-5747219 elementor-widget elementor-widget-text-editor\" data-id=\"5747219\" data-element_type=\"widget\" data-e-type=\"widget\" data-widget_type=\"text-editor.default\">\n\t\t\t\t<div class=\"elementor-widget-container\">\n\t\t\t\t\t\t\t\t\t<p style=\"text-align: right;\">Orgueil, paresse, luxure, gourmandise, col\u00e8re, envie et avarice.<br \/>Comment repr\u00e9senter les 7 p\u00e9ch\u00e9s capitaux\u00a0? Un autre th\u00e8me de projet propos\u00e9 par l\u2019Atelier Obscura. Les acteurs de la troupe de la Traque au Trac m\u2019ont fait le plaisir de passer avec moi une journ\u00e9e de prises de vues dans un studio improvis\u00e9. La cuisine \u00e9tait \u00e0 la fois espace de repos\u2026 et source d\u2019inspiration!<\/p>\t\t\t\t\t\t\t\t<\/div>\n\t\t\t\t<\/div>\n\t\t\t\t\t<\/div>\n\t\t<\/div>\n\t\t\t\t<div class=\"elementor-column elementor-col-50 elementor-top-column elementor-element elementor-element-711dacd\" data-id=\"711dacd\" data-element_type=\"column\" data-e-type=\"column\">\n\t\t\t<div class=\"elementor-widget-wrap elementor-element-populated\">\n\t\t\t\t\t\t<div class=\"elementor-element elementor-element-e51a558 gallery-spacing-custom elementor-widget elementor-widget-image-gallery\" data-id=\"e51a558\" data-element_type=\"widget\" data-e-type=\"widget\" data-widget_type=\"image-gallery.default\">\n\t\t\t\t<div class=\"elementor-widget-container\">\n\t\t\t\t\t\t\t<div class=\"elementor-image-gallery\">\n\t\t\t<div id='gallery-1' class='gallery galleryid-3617 gallery-columns-4 gallery-size-full'><figure class='gallery-item'>\n\t\t\t<div class='gallery-icon landscape'>\n\t\t\t\t<a data-elementor-open-lightbox=\"yes\" data-elementor-lightbox-slideshow=\"e51a558\" data-e-action-hash=\"#elementor-action%3Aaction%3Dlightbox%26settings%3DeyJpZCI6MTE0MzksInVybCI6Imh0dHBzOlwvXC9sb2JldC5ldVwvV1BcL3dwLWNvbnRlbnRcL3VwbG9hZHNcLzIwMjZcLzAyXC9EU0MxNDgyLmpwZyIsInNsaWRlc2hvdyI6ImU1MWE1NTgifQ%3D%3D\" href='https:\/\/lobet.eu\/WP\/wp-content\/uploads\/2026\/02\/DSC1482.jpg'><img fetchpriority=\"high\" decoding=\"async\" width=\"1200\" height=\"1200\" src=\"https:\/\/lobet.eu\/WP\/wp-content\/uploads\/2026\/02\/DSC1482.jpg\" class=\"attachment-full size-full\" alt=\"\" srcset=\"https:\/\/lobet.eu\/WP\/wp-content\/uploads\/2026\/02\/DSC1482.jpg 1200w, https:\/\/lobet.eu\/WP\/wp-content\/uploads\/2026\/02\/DSC1482-300x300.jpg 300w, https:\/\/lobet.eu\/WP\/wp-content\/uploads\/2026\/02\/DSC1482-1024x1024.jpg 1024w, https:\/\/lobet.eu\/WP\/wp-content\/uploads\/2026\/02\/DSC1482-150x150.jpg 150w, https:\/\/lobet.eu\/WP\/wp-content\/uploads\/2026\/02\/DSC1482-768x768.jpg 768w, https:\/\/lobet.eu\/WP\/wp-content\/uploads\/2026\/02\/DSC1482-600x600.jpg 600w, https:\/\/lobet.eu\/WP\/wp-content\/uploads\/2026\/02\/DSC1482-640x640.jpg 640w, https:\/\/lobet.eu\/WP\/wp-content\/uploads\/2026\/02\/DSC1482-50x50.jpg 50w\" sizes=\"(max-width: 1200px) 100vw, 1200px\" \/><\/a>\n\t\t\t<\/div><\/figure><figure class='gallery-item'>\n\t\t\t<div class='gallery-icon landscape'>\n\t\t\t\t<a data-elementor-open-lightbox=\"yes\" data-elementor-lightbox-slideshow=\"e51a558\" data-e-action-hash=\"#elementor-action%3Aaction%3Dlightbox%26settings%3DeyJpZCI6MTE0NDIsInVybCI6Imh0dHBzOlwvXC9sb2JldC5ldVwvV1BcL3dwLWNvbnRlbnRcL3VwbG9hZHNcLzIwMjZcLzAyXC9EU0MxMjA1LmpwZyIsInNsaWRlc2hvdyI6ImU1MWE1NTgifQ%3D%3D\" href='https:\/\/lobet.eu\/WP\/wp-content\/uploads\/2026\/02\/DSC1205.jpg'><img decoding=\"async\" width=\"1200\" height=\"1200\" src=\"https:\/\/lobet.eu\/WP\/wp-content\/uploads\/2026\/02\/DSC1205.jpg\" class=\"attachment-full size-full\" alt=\"\" srcset=\"https:\/\/lobet.eu\/WP\/wp-content\/uploads\/2026\/02\/DSC1205.jpg 1200w, https:\/\/lobet.eu\/WP\/wp-content\/uploads\/2026\/02\/DSC1205-300x300.jpg 300w, https:\/\/lobet.eu\/WP\/wp-content\/uploads\/2026\/02\/DSC1205-1024x1024.jpg 1024w, https:\/\/lobet.eu\/WP\/wp-content\/uploads\/2026\/02\/DSC1205-150x150.jpg 150w, https:\/\/lobet.eu\/WP\/wp-content\/uploads\/2026\/02\/DSC1205-768x768.jpg 768w, https:\/\/lobet.eu\/WP\/wp-content\/uploads\/2026\/02\/DSC1205-600x600.jpg 600w, https:\/\/lobet.eu\/WP\/wp-content\/uploads\/2026\/02\/DSC1205-640x640.jpg 640w, https:\/\/lobet.eu\/WP\/wp-content\/uploads\/2026\/02\/DSC1205-50x50.jpg 50w\" sizes=\"(max-width: 1200px) 100vw, 1200px\" \/><\/a>\n\t\t\t<\/div><\/figure><figure class='gallery-item'>\n\t\t\t<div class='gallery-icon landscape'>\n\t\t\t\t<a data-elementor-open-lightbox=\"yes\" data-elementor-lightbox-slideshow=\"e51a558\" data-e-action-hash=\"#elementor-action%3Aaction%3Dlightbox%26settings%3DeyJpZCI6MTE0NDEsInVybCI6Imh0dHBzOlwvXC9sb2JldC5ldVwvV1BcL3dwLWNvbnRlbnRcL3VwbG9hZHNcLzIwMjZcLzAyXC9EU0MxMTk5LmpwZyIsInNsaWRlc2hvdyI6ImU1MWE1NTgifQ%3D%3D\" href='https:\/\/lobet.eu\/WP\/wp-content\/uploads\/2026\/02\/DSC1199.jpg'><img decoding=\"async\" width=\"1200\" height=\"1200\" src=\"https:\/\/lobet.eu\/WP\/wp-content\/uploads\/2026\/02\/DSC1199.jpg\" class=\"attachment-full size-full\" alt=\"\" srcset=\"https:\/\/lobet.eu\/WP\/wp-content\/uploads\/2026\/02\/DSC1199.jpg 1200w, https:\/\/lobet.eu\/WP\/wp-content\/uploads\/2026\/02\/DSC1199-300x300.jpg 300w, https:\/\/lobet.eu\/WP\/wp-content\/uploads\/2026\/02\/DSC1199-1024x1024.jpg 1024w, https:\/\/lobet.eu\/WP\/wp-content\/uploads\/2026\/02\/DSC1199-150x150.jpg 150w, https:\/\/lobet.eu\/WP\/wp-content\/uploads\/2026\/02\/DSC1199-768x768.jpg 768w, https:\/\/lobet.eu\/WP\/wp-content\/uploads\/2026\/02\/DSC1199-600x600.jpg 600w, https:\/\/lobet.eu\/WP\/wp-content\/uploads\/2026\/02\/DSC1199-640x640.jpg 640w, https:\/\/lobet.eu\/WP\/wp-content\/uploads\/2026\/02\/DSC1199-50x50.jpg 50w\" sizes=\"(max-width: 1200px) 100vw, 1200px\" \/><\/a>\n\t\t\t<\/div><\/figure><figure class='gallery-item'>\n\t\t\t<div class='gallery-icon landscape'>\n\t\t\t\t<a data-elementor-open-lightbox=\"yes\" data-elementor-lightbox-slideshow=\"e51a558\" data-e-action-hash=\"#elementor-action%3Aaction%3Dlightbox%26settings%3DeyJpZCI6MTE0NDAsInVybCI6Imh0dHBzOlwvXC9sb2JldC5ldVwvV1BcL3dwLWNvbnRlbnRcL3VwbG9hZHNcLzIwMjZcLzAyXC9EU0MxNzU5LmpwZyIsInNsaWRlc2hvdyI6ImU1MWE1NTgifQ%3D%3D\" href='https:\/\/lobet.eu\/WP\/wp-content\/uploads\/2026\/02\/DSC1759.jpg'><img loading=\"lazy\" decoding=\"async\" width=\"1200\" height=\"1200\" src=\"https:\/\/lobet.eu\/WP\/wp-content\/uploads\/2026\/02\/DSC1759.jpg\" class=\"attachment-full size-full\" alt=\"\" srcset=\"https:\/\/lobet.eu\/WP\/wp-content\/uploads\/2026\/02\/DSC1759.jpg 1200w, https:\/\/lobet.eu\/WP\/wp-content\/uploads\/2026\/02\/DSC1759-300x300.jpg 300w, https:\/\/lobet.eu\/WP\/wp-content\/uploads\/2026\/02\/DSC1759-1024x1024.jpg 1024w, https:\/\/lobet.eu\/WP\/wp-content\/uploads\/2026\/02\/DSC1759-150x150.jpg 150w, https:\/\/lobet.eu\/WP\/wp-content\/uploads\/2026\/02\/DSC1759-768x768.jpg 768w, https:\/\/lobet.eu\/WP\/wp-content\/uploads\/2026\/02\/DSC1759-600x600.jpg 600w, https:\/\/lobet.eu\/WP\/wp-content\/uploads\/2026\/02\/DSC1759-640x640.jpg 640w, https:\/\/lobet.eu\/WP\/wp-content\/uploads\/2026\/02\/DSC1759-50x50.jpg 50w\" sizes=\"(max-width: 1200px) 100vw, 1200px\" \/><\/a>\n\t\t\t<\/div><\/figure><figure class='gallery-item'>\n\t\t\t<div class='gallery-icon landscape'>\n\t\t\t\t<a data-elementor-open-lightbox=\"yes\" data-elementor-lightbox-slideshow=\"e51a558\" data-e-action-hash=\"#elementor-action%3Aaction%3Dlightbox%26settings%3DeyJpZCI6MTE0MzgsInVybCI6Imh0dHBzOlwvXC9sb2JldC5ldVwvV1BcL3dwLWNvbnRlbnRcL3VwbG9hZHNcLzIwMjZcLzAyXC9EU0MxNDgwLmpwZyIsInNsaWRlc2hvdyI6ImU1MWE1NTgifQ%3D%3D\" href='https:\/\/lobet.eu\/WP\/wp-content\/uploads\/2026\/02\/DSC1480.jpg'><img loading=\"lazy\" decoding=\"async\" width=\"1200\" height=\"1200\" src=\"https:\/\/lobet.eu\/WP\/wp-content\/uploads\/2026\/02\/DSC1480.jpg\" class=\"attachment-full size-full\" alt=\"\" srcset=\"https:\/\/lobet.eu\/WP\/wp-content\/uploads\/2026\/02\/DSC1480.jpg 1200w, https:\/\/lobet.eu\/WP\/wp-content\/uploads\/2026\/02\/DSC1480-300x300.jpg 300w, https:\/\/lobet.eu\/WP\/wp-content\/uploads\/2026\/02\/DSC1480-1024x1024.jpg 1024w, https:\/\/lobet.eu\/WP\/wp-content\/uploads\/2026\/02\/DSC1480-150x150.jpg 150w, https:\/\/lobet.eu\/WP\/wp-content\/uploads\/2026\/02\/DSC1480-768x768.jpg 768w, https:\/\/lobet.eu\/WP\/wp-content\/uploads\/2026\/02\/DSC1480-600x600.jpg 600w, https:\/\/lobet.eu\/WP\/wp-content\/uploads\/2026\/02\/DSC1480-640x640.jpg 640w, https:\/\/lobet.eu\/WP\/wp-content\/uploads\/2026\/02\/DSC1480-50x50.jpg 50w\" sizes=\"(max-width: 1200px) 100vw, 1200px\" \/><\/a>\n\t\t\t<\/div><\/figure><figure class='gallery-item'>\n\t\t\t<div class='gallery-icon landscape'>\n\t\t\t\t<a data-elementor-open-lightbox=\"yes\" data-elementor-lightbox-slideshow=\"e51a558\" data-e-action-hash=\"#elementor-action%3Aaction%3Dlightbox%26settings%3DeyJpZCI6MTE0MzcsInVybCI6Imh0dHBzOlwvXC9sb2JldC5ldVwvV1BcL3dwLWNvbnRlbnRcL3VwbG9hZHNcLzIwMjZcLzAyXC9EU0MxNDc2LmpwZyIsInNsaWRlc2hvdyI6ImU1MWE1NTgifQ%3D%3D\" href='https:\/\/lobet.eu\/WP\/wp-content\/uploads\/2026\/02\/DSC1476.jpg'><img loading=\"lazy\" decoding=\"async\" width=\"1200\" height=\"1200\" src=\"https:\/\/lobet.eu\/WP\/wp-content\/uploads\/2026\/02\/DSC1476.jpg\" class=\"attachment-full size-full\" alt=\"\" srcset=\"https:\/\/lobet.eu\/WP\/wp-content\/uploads\/2026\/02\/DSC1476.jpg 1200w, https:\/\/lobet.eu\/WP\/wp-content\/uploads\/2026\/02\/DSC1476-300x300.jpg 300w, https:\/\/lobet.eu\/WP\/wp-content\/uploads\/2026\/02\/DSC1476-1024x1024.jpg 1024w, https:\/\/lobet.eu\/WP\/wp-content\/uploads\/2026\/02\/DSC1476-150x150.jpg 150w, https:\/\/lobet.eu\/WP\/wp-content\/uploads\/2026\/02\/DSC1476-768x768.jpg 768w, https:\/\/lobet.eu\/WP\/wp-content\/uploads\/2026\/02\/DSC1476-600x600.jpg 600w, https:\/\/lobet.eu\/WP\/wp-content\/uploads\/2026\/02\/DSC1476-640x640.jpg 640w, https:\/\/lobet.eu\/WP\/wp-content\/uploads\/2026\/02\/DSC1476-50x50.jpg 50w\" sizes=\"(max-width: 1200px) 100vw, 1200px\" \/><\/a>\n\t\t\t<\/div><\/figure><figure class='gallery-item'>\n\t\t\t<div class='gallery-icon landscape'>\n\t\t\t\t<a data-elementor-open-lightbox=\"yes\" data-elementor-lightbox-slideshow=\"e51a558\" data-e-action-hash=\"#elementor-action%3Aaction%3Dlightbox%26settings%3DeyJpZCI6MTE0MzYsInVybCI6Imh0dHBzOlwvXC9sb2JldC5ldVwvV1BcL3dwLWNvbnRlbnRcL3VwbG9hZHNcLzIwMjZcLzAyXC9EU0MxMjEyLmpwZyIsInNsaWRlc2hvdyI6ImU1MWE1NTgifQ%3D%3D\" href='https:\/\/lobet.eu\/WP\/wp-content\/uploads\/2026\/02\/DSC1212.jpg'><img loading=\"lazy\" decoding=\"async\" width=\"1200\" height=\"1200\" src=\"https:\/\/lobet.eu\/WP\/wp-content\/uploads\/2026\/02\/DSC1212.jpg\" class=\"attachment-full size-full\" alt=\"\" srcset=\"https:\/\/lobet.eu\/WP\/wp-content\/uploads\/2026\/02\/DSC1212.jpg 1200w, https:\/\/lobet.eu\/WP\/wp-content\/uploads\/2026\/02\/DSC1212-300x300.jpg 300w, https:\/\/lobet.eu\/WP\/wp-content\/uploads\/2026\/02\/DSC1212-1024x1024.jpg 1024w, https:\/\/lobet.eu\/WP\/wp-content\/uploads\/2026\/02\/DSC1212-150x150.jpg 150w, https:\/\/lobet.eu\/WP\/wp-content\/uploads\/2026\/02\/DSC1212-768x768.jpg 768w, https:\/\/lobet.eu\/WP\/wp-content\/uploads\/2026\/02\/DSC1212-600x600.jpg 600w, https:\/\/lobet.eu\/WP\/wp-content\/uploads\/2026\/02\/DSC1212-640x640.jpg 640w, https:\/\/lobet.eu\/WP\/wp-content\/uploads\/2026\/02\/DSC1212-50x50.jpg 50w\" sizes=\"(max-width: 1200px) 100vw, 1200px\" \/><\/a>\n\t\t\t<\/div><\/figure>\n\t\t<\/div>\n\t\t<\/div>\n\t\t\t\t\t\t<\/div>\n\t\t\t\t<\/div>\n\t\t\t\t\t<\/div>\n\t\t<\/div>\n\t\t\t\t\t<\/div>\n\t\t<\/section>\n\t\t\t\t<\/div>\n\t\t","protected":false},"excerpt":{"rendered":"<p>7 p\u00e9ch\u00e9s capitaux Orgueil, paresse, luxure, gourmandise, col\u00e8re, envie et avarice.Comment repr\u00e9senter les 7 p\u00e9ch\u00e9s capitaux\u00a0? Un autre th\u00e8me de projet propos\u00e9 par l\u2019Atelier Obscura. Les acteurs de la troupe de la Traque au Trac m\u2019ont fait le plaisir de passer avec moi une journ\u00e9e de prises de vues dans un studio improvis\u00e9. La cuisine [&hellip;]<\/p>\n","protected":false},"author":1,"featured_media":0,"parent":0,"menu_order":0,"comment_status":"closed","ping_status":"closed","template":"","meta":{"_exactmetrics_skip_tracking":false,"_exactmetrics_sitenote_active":false,"_exactmetrics_sitenote_note":"","_exactmetrics_sitenote_category":0,"pgc_sgb_lightbox_settings":"","footnotes":""},"categories":[144,143],"tags":[],"class_list":["post-3617","page","type-page","status-publish","hentry","category-galerie","category-main","entry"],"_links":{"self":[{"href":"https:\/\/lobet.eu\/WP\/wp-json\/wp\/v2\/pages\/3617","targetHints":{"allow":["GET"]}}],"collection":[{"href":"https:\/\/lobet.eu\/WP\/wp-json\/wp\/v2\/pages"}],"about":[{"href":"https:\/\/lobet.eu\/WP\/wp-json\/wp\/v2\/types\/page"}],"author":[{"embeddable":true,"href":"https:\/\/lobet.eu\/WP\/wp-json\/wp\/v2\/users\/1"}],"replies":[{"embeddable":true,"href":"https:\/\/lobet.eu\/WP\/wp-json\/wp\/v2\/comments?post=3617"}],"version-history":[{"count":18,"href":"https:\/\/lobet.eu\/WP\/wp-json\/wp\/v2\/pages\/3617\/revisions"}],"predecessor-version":[{"id":12013,"href":"https:\/\/lobet.eu\/WP\/wp-json\/wp\/v2\/pages\/3617\/revisions\/12013"}],"wp:attachment":[{"href":"https:\/\/lobet.eu\/WP\/wp-json\/wp\/v2\/media?parent=3617"}],"wp:term":[{"taxonomy":"category","embeddable":true,"href":"https:\/\/lobet.eu\/WP\/wp-json\/wp\/v2\/categories?post=3617"},{"taxonomy":"post_tag","embeddable":true,"href":"https:\/\/lobet.eu\/WP\/wp-json\/wp\/v2\/tags?post=3617"}],"curies":[{"name":"wp","href":"https:\/\/api.w.org\/{rel}","templated":true}]}}