{"id":3510,"date":"2021-05-08T13:28:59","date_gmt":"2021-05-08T13:28:59","guid":{"rendered":"http:\/\/lobet.eu\/WP\/?page_id=3510"},"modified":"2026-03-15T13:02:51","modified_gmt":"2026-03-15T13:02:51","slug":"grasphopper","status":"publish","type":"page","link":"https:\/\/lobet.eu\/WP\/grasphopper\/","title":{"rendered":"Grasphopper"},"content":{"rendered":"\t\t<div data-elementor-type=\"wp-page\" data-elementor-id=\"3510\" class=\"elementor elementor-3510\">\n\t\t\t\t\t\t<section class=\"elementor-section elementor-top-section elementor-element elementor-element-f706c9f elementor-section-boxed elementor-section-height-default elementor-section-height-default\" data-id=\"f706c9f\" data-element_type=\"section\" data-e-type=\"section\">\n\t\t\t\t\t\t<div class=\"elementor-container elementor-column-gap-default\">\n\t\t\t\t\t<div class=\"elementor-column elementor-col-50 elementor-top-column elementor-element elementor-element-40f2176\" data-id=\"40f2176\" data-element_type=\"column\" data-e-type=\"column\">\n\t\t\t<div class=\"elementor-widget-wrap elementor-element-populated\">\n\t\t\t\t\t\t<div class=\"elementor-element elementor-element-e6edaca elementor-widget elementor-widget-heading\" data-id=\"e6edaca\" data-element_type=\"widget\" data-e-type=\"widget\" data-widget_type=\"heading.default\">\n\t\t\t\t<div class=\"elementor-widget-container\">\n\t\t\t\t\t<h2 class=\"elementor-heading-title elementor-size-default\">Grasphopper<\/h2>\t\t\t\t<\/div>\n\t\t\t\t<\/div>\n\t\t\t\t<div class=\"elementor-element elementor-element-a2bc840 elementor-widget-divider--view-line elementor-widget elementor-widget-divider\" data-id=\"a2bc840\" data-element_type=\"widget\" data-e-type=\"widget\" data-widget_type=\"divider.default\">\n\t\t\t\t<div class=\"elementor-widget-container\">\n\t\t\t\t\t\t\t<div class=\"elementor-divider\">\n\t\t\t<span class=\"elementor-divider-separator\">\n\t\t\t\t\t\t<\/span>\n\t\t<\/div>\n\t\t\t\t\t\t<\/div>\n\t\t\t\t<\/div>\n\t\t\t\t<div class=\"elementor-element elementor-element-ad6cf5d elementor-widget elementor-widget-text-editor\" data-id=\"ad6cf5d\" data-element_type=\"widget\" data-e-type=\"widget\" data-widget_type=\"text-editor.default\">\n\t\t\t\t<div class=\"elementor-widget-container\">\n\t\t\t\t\t\t\t\t\t<p style=\"text-align: right;\"><span style=\"font-family: 'Josefin Sans', sans-serif; font-size: 16px; font-style: normal; font-variant-ligatures: normal; font-variant-caps: normal; font-weight: 400; text-align: start;\">GraspHopper The Refill Grocery est une \u00e9picerie bio \u00e0 objectif z\u00e9ro d\u00e9chet qui permet \u00e0 ses clients de r\u00e9aliser l\u2019ensemble de leurs courses sans plastique, en privil\u00e9giant les produits en vrac et dans des emballages consign\u00e9s et recyclables.\u00a0<\/span><\/p>\t\t\t\t\t\t\t\t<\/div>\n\t\t\t\t<\/div>\n\t\t\t\t\t<\/div>\n\t\t<\/div>\n\t\t\t\t<div class=\"elementor-column elementor-col-50 elementor-top-column elementor-element elementor-element-96613d3\" data-id=\"96613d3\" data-element_type=\"column\" data-e-type=\"column\">\n\t\t\t<div class=\"elementor-widget-wrap elementor-element-populated\">\n\t\t\t\t\t\t<div class=\"elementor-element elementor-element-2d73962 gallery-spacing-custom elementor-widget elementor-widget-image-gallery\" data-id=\"2d73962\" data-element_type=\"widget\" data-e-type=\"widget\" data-widget_type=\"image-gallery.default\">\n\t\t\t\t<div class=\"elementor-widget-container\">\n\t\t\t\t\t\t\t<div class=\"elementor-image-gallery\">\n\t\t\t<div id='gallery-1' class='gallery galleryid-3510 gallery-columns-5 gallery-size-full'><figure class='gallery-item'>\n\t\t\t<div class='gallery-icon portrait'>\n\t\t\t\t<a data-elementor-open-lightbox=\"yes\" data-elementor-lightbox-slideshow=\"2d73962\" data-e-action-hash=\"#elementor-action%3Aaction%3Dlightbox%26settings%3DeyJpZCI6MTE5MjQsInVybCI6Imh0dHBzOlwvXC9sb2JldC5ldVwvV1BcL3dwLWNvbnRlbnRcL3VwbG9hZHNcLzIwMjZcLzAyXC9ZTE8xODc0LU51bWVyby00LmpwZyIsInNsaWRlc2hvdyI6IjJkNzM5NjIifQ%3D%3D\" href='https:\/\/lobet.eu\/WP\/wp-content\/uploads\/2026\/02\/YLO1874-Numero-4.jpg'><img fetchpriority=\"high\" decoding=\"async\" width=\"1000\" height=\"1200\" src=\"https:\/\/lobet.eu\/WP\/wp-content\/uploads\/2026\/02\/YLO1874-Numero-4.jpg\" class=\"attachment-full size-full\" alt=\"\" srcset=\"https:\/\/lobet.eu\/WP\/wp-content\/uploads\/2026\/02\/YLO1874-Numero-4.jpg 1000w, https:\/\/lobet.eu\/WP\/wp-content\/uploads\/2026\/02\/YLO1874-Numero-4-250x300.jpg 250w, https:\/\/lobet.eu\/WP\/wp-content\/uploads\/2026\/02\/YLO1874-Numero-4-853x1024.jpg 853w, https:\/\/lobet.eu\/WP\/wp-content\/uploads\/2026\/02\/YLO1874-Numero-4-125x150.jpg 125w, https:\/\/lobet.eu\/WP\/wp-content\/uploads\/2026\/02\/YLO1874-Numero-4-768x922.jpg 768w\" sizes=\"(max-width: 1000px) 100vw, 1000px\" \/><\/a>\n\t\t\t<\/div><\/figure><figure class='gallery-item'>\n\t\t\t<div class='gallery-icon portrait'>\n\t\t\t\t<a data-elementor-open-lightbox=\"yes\" data-elementor-lightbox-slideshow=\"2d73962\" data-e-action-hash=\"#elementor-action%3Aaction%3Dlightbox%26settings%3DeyJpZCI6MTE5MjMsInVybCI6Imh0dHBzOlwvXC9sb2JldC5ldVwvV1BcL3dwLWNvbnRlbnRcL3VwbG9hZHNcLzIwMjZcLzAyXC9ZTE8xODYxLU51bWVyby0xLmpwZyIsInNsaWRlc2hvdyI6IjJkNzM5NjIifQ%3D%3D\" href='https:\/\/lobet.eu\/WP\/wp-content\/uploads\/2026\/02\/YLO1861-Numero-1.jpg'><img decoding=\"async\" width=\"1000\" height=\"1200\" src=\"https:\/\/lobet.eu\/WP\/wp-content\/uploads\/2026\/02\/YLO1861-Numero-1.jpg\" class=\"attachment-full size-full\" alt=\"\" srcset=\"https:\/\/lobet.eu\/WP\/wp-content\/uploads\/2026\/02\/YLO1861-Numero-1.jpg 1000w, https:\/\/lobet.eu\/WP\/wp-content\/uploads\/2026\/02\/YLO1861-Numero-1-250x300.jpg 250w, https:\/\/lobet.eu\/WP\/wp-content\/uploads\/2026\/02\/YLO1861-Numero-1-853x1024.jpg 853w, https:\/\/lobet.eu\/WP\/wp-content\/uploads\/2026\/02\/YLO1861-Numero-1-125x150.jpg 125w, https:\/\/lobet.eu\/WP\/wp-content\/uploads\/2026\/02\/YLO1861-Numero-1-768x922.jpg 768w\" sizes=\"(max-width: 1000px) 100vw, 1000px\" \/><\/a>\n\t\t\t<\/div><\/figure><figure class='gallery-item'>\n\t\t\t<div class='gallery-icon portrait'>\n\t\t\t\t<a data-elementor-open-lightbox=\"yes\" data-elementor-lightbox-slideshow=\"2d73962\" data-e-action-hash=\"#elementor-action%3Aaction%3Dlightbox%26settings%3DeyJpZCI6MTE5MjIsInVybCI6Imh0dHBzOlwvXC9sb2JldC5ldVwvV1BcL3dwLWNvbnRlbnRcL3VwbG9hZHNcLzIwMjZcLzAyXC9ZTE8xOTA1LU51bWVyby0xMy5qcGciLCJzbGlkZXNob3ciOiIyZDczOTYyIn0%3D\" href='https:\/\/lobet.eu\/WP\/wp-content\/uploads\/2026\/02\/YLO1905-Numero-13.jpg'><img decoding=\"async\" width=\"1000\" height=\"1200\" src=\"https:\/\/lobet.eu\/WP\/wp-content\/uploads\/2026\/02\/YLO1905-Numero-13.jpg\" class=\"attachment-full size-full\" alt=\"\" srcset=\"https:\/\/lobet.eu\/WP\/wp-content\/uploads\/2026\/02\/YLO1905-Numero-13.jpg 1000w, https:\/\/lobet.eu\/WP\/wp-content\/uploads\/2026\/02\/YLO1905-Numero-13-250x300.jpg 250w, https:\/\/lobet.eu\/WP\/wp-content\/uploads\/2026\/02\/YLO1905-Numero-13-853x1024.jpg 853w, https:\/\/lobet.eu\/WP\/wp-content\/uploads\/2026\/02\/YLO1905-Numero-13-125x150.jpg 125w, https:\/\/lobet.eu\/WP\/wp-content\/uploads\/2026\/02\/YLO1905-Numero-13-768x922.jpg 768w\" sizes=\"(max-width: 1000px) 100vw, 1000px\" \/><\/a>\n\t\t\t<\/div><\/figure><figure class='gallery-item'>\n\t\t\t<div class='gallery-icon portrait'>\n\t\t\t\t<a data-elementor-open-lightbox=\"yes\" data-elementor-lightbox-slideshow=\"2d73962\" data-e-action-hash=\"#elementor-action%3Aaction%3Dlightbox%26settings%3DeyJpZCI6MTE5MjEsInVybCI6Imh0dHBzOlwvXC9sb2JldC5ldVwvV1BcL3dwLWNvbnRlbnRcL3VwbG9hZHNcLzIwMjZcLzAyXC9ZTE8xOTAyLU51bWVyby0xMS5qcGciLCJzbGlkZXNob3ciOiIyZDczOTYyIn0%3D\" href='https:\/\/lobet.eu\/WP\/wp-content\/uploads\/2026\/02\/YLO1902-Numero-11.jpg'><img loading=\"lazy\" decoding=\"async\" width=\"1000\" height=\"1200\" src=\"https:\/\/lobet.eu\/WP\/wp-content\/uploads\/2026\/02\/YLO1902-Numero-11.jpg\" class=\"attachment-full size-full\" alt=\"\" srcset=\"https:\/\/lobet.eu\/WP\/wp-content\/uploads\/2026\/02\/YLO1902-Numero-11.jpg 1000w, https:\/\/lobet.eu\/WP\/wp-content\/uploads\/2026\/02\/YLO1902-Numero-11-250x300.jpg 250w, https:\/\/lobet.eu\/WP\/wp-content\/uploads\/2026\/02\/YLO1902-Numero-11-853x1024.jpg 853w, https:\/\/lobet.eu\/WP\/wp-content\/uploads\/2026\/02\/YLO1902-Numero-11-125x150.jpg 125w, https:\/\/lobet.eu\/WP\/wp-content\/uploads\/2026\/02\/YLO1902-Numero-11-768x922.jpg 768w\" sizes=\"(max-width: 1000px) 100vw, 1000px\" \/><\/a>\n\t\t\t<\/div><\/figure><figure class='gallery-item'>\n\t\t\t<div class='gallery-icon portrait'>\n\t\t\t\t<a data-elementor-open-lightbox=\"yes\" data-elementor-lightbox-slideshow=\"2d73962\" data-e-action-hash=\"#elementor-action%3Aaction%3Dlightbox%26settings%3DeyJpZCI6MTE5MjAsInVybCI6Imh0dHBzOlwvXC9sb2JldC5ldVwvV1BcL3dwLWNvbnRlbnRcL3VwbG9hZHNcLzIwMjZcLzAyXC9ZTE8xODk4LU51bWVyby0xMC5qcGciLCJzbGlkZXNob3ciOiIyZDczOTYyIn0%3D\" href='https:\/\/lobet.eu\/WP\/wp-content\/uploads\/2026\/02\/YLO1898-Numero-10.jpg'><img loading=\"lazy\" decoding=\"async\" width=\"1000\" height=\"1200\" src=\"https:\/\/lobet.eu\/WP\/wp-content\/uploads\/2026\/02\/YLO1898-Numero-10.jpg\" class=\"attachment-full size-full\" alt=\"\" srcset=\"https:\/\/lobet.eu\/WP\/wp-content\/uploads\/2026\/02\/YLO1898-Numero-10.jpg 1000w, https:\/\/lobet.eu\/WP\/wp-content\/uploads\/2026\/02\/YLO1898-Numero-10-250x300.jpg 250w, https:\/\/lobet.eu\/WP\/wp-content\/uploads\/2026\/02\/YLO1898-Numero-10-853x1024.jpg 853w, https:\/\/lobet.eu\/WP\/wp-content\/uploads\/2026\/02\/YLO1898-Numero-10-125x150.jpg 125w, https:\/\/lobet.eu\/WP\/wp-content\/uploads\/2026\/02\/YLO1898-Numero-10-768x922.jpg 768w\" sizes=\"(max-width: 1000px) 100vw, 1000px\" \/><\/a>\n\t\t\t<\/div><\/figure><figure class='gallery-item'>\n\t\t\t<div class='gallery-icon portrait'>\n\t\t\t\t<a data-elementor-open-lightbox=\"yes\" data-elementor-lightbox-slideshow=\"2d73962\" data-e-action-hash=\"#elementor-action%3Aaction%3Dlightbox%26settings%3DeyJpZCI6MTE5MTksInVybCI6Imh0dHBzOlwvXC9sb2JldC5ldVwvV1BcL3dwLWNvbnRlbnRcL3VwbG9hZHNcLzIwMjZcLzAyXC9ZTE8xODkyLU51bWVyby05LmpwZyIsInNsaWRlc2hvdyI6IjJkNzM5NjIifQ%3D%3D\" href='https:\/\/lobet.eu\/WP\/wp-content\/uploads\/2026\/02\/YLO1892-Numero-9.jpg'><img loading=\"lazy\" decoding=\"async\" width=\"1000\" height=\"1200\" src=\"https:\/\/lobet.eu\/WP\/wp-content\/uploads\/2026\/02\/YLO1892-Numero-9.jpg\" class=\"attachment-full size-full\" alt=\"\" srcset=\"https:\/\/lobet.eu\/WP\/wp-content\/uploads\/2026\/02\/YLO1892-Numero-9.jpg 1000w, https:\/\/lobet.eu\/WP\/wp-content\/uploads\/2026\/02\/YLO1892-Numero-9-250x300.jpg 250w, https:\/\/lobet.eu\/WP\/wp-content\/uploads\/2026\/02\/YLO1892-Numero-9-853x1024.jpg 853w, https:\/\/lobet.eu\/WP\/wp-content\/uploads\/2026\/02\/YLO1892-Numero-9-125x150.jpg 125w, https:\/\/lobet.eu\/WP\/wp-content\/uploads\/2026\/02\/YLO1892-Numero-9-768x922.jpg 768w\" sizes=\"(max-width: 1000px) 100vw, 1000px\" \/><\/a>\n\t\t\t<\/div><\/figure><figure class='gallery-item'>\n\t\t\t<div class='gallery-icon portrait'>\n\t\t\t\t<a data-elementor-open-lightbox=\"yes\" data-elementor-lightbox-slideshow=\"2d73962\" data-e-action-hash=\"#elementor-action%3Aaction%3Dlightbox%26settings%3DeyJpZCI6MTE5MTgsInVybCI6Imh0dHBzOlwvXC9sb2JldC5ldVwvV1BcL3dwLWNvbnRlbnRcL3VwbG9hZHNcLzIwMjZcLzAyXC9ZTE8xODg1LU51bWVyby03LmpwZyIsInNsaWRlc2hvdyI6IjJkNzM5NjIifQ%3D%3D\" href='https:\/\/lobet.eu\/WP\/wp-content\/uploads\/2026\/02\/YLO1885-Numero-7.jpg'><img loading=\"lazy\" decoding=\"async\" width=\"1000\" height=\"1200\" src=\"https:\/\/lobet.eu\/WP\/wp-content\/uploads\/2026\/02\/YLO1885-Numero-7.jpg\" class=\"attachment-full size-full\" alt=\"\" srcset=\"https:\/\/lobet.eu\/WP\/wp-content\/uploads\/2026\/02\/YLO1885-Numero-7.jpg 1000w, https:\/\/lobet.eu\/WP\/wp-content\/uploads\/2026\/02\/YLO1885-Numero-7-250x300.jpg 250w, https:\/\/lobet.eu\/WP\/wp-content\/uploads\/2026\/02\/YLO1885-Numero-7-853x1024.jpg 853w, https:\/\/lobet.eu\/WP\/wp-content\/uploads\/2026\/02\/YLO1885-Numero-7-125x150.jpg 125w, https:\/\/lobet.eu\/WP\/wp-content\/uploads\/2026\/02\/YLO1885-Numero-7-768x922.jpg 768w\" sizes=\"(max-width: 1000px) 100vw, 1000px\" \/><\/a>\n\t\t\t<\/div><\/figure><figure class='gallery-item'>\n\t\t\t<div class='gallery-icon portrait'>\n\t\t\t\t<a data-elementor-open-lightbox=\"yes\" data-elementor-lightbox-slideshow=\"2d73962\" data-e-action-hash=\"#elementor-action%3Aaction%3Dlightbox%26settings%3DeyJpZCI6MTE5MTcsInVybCI6Imh0dHBzOlwvXC9sb2JldC5ldVwvV1BcL3dwLWNvbnRlbnRcL3VwbG9hZHNcLzIwMjZcLzAyXC9ZTE8xODgxLU51bWVyby02LmpwZyIsInNsaWRlc2hvdyI6IjJkNzM5NjIifQ%3D%3D\" href='https:\/\/lobet.eu\/WP\/wp-content\/uploads\/2026\/02\/YLO1881-Numero-6.jpg'><img loading=\"lazy\" decoding=\"async\" width=\"1000\" height=\"1200\" src=\"https:\/\/lobet.eu\/WP\/wp-content\/uploads\/2026\/02\/YLO1881-Numero-6.jpg\" class=\"attachment-full size-full\" alt=\"\" srcset=\"https:\/\/lobet.eu\/WP\/wp-content\/uploads\/2026\/02\/YLO1881-Numero-6.jpg 1000w, https:\/\/lobet.eu\/WP\/wp-content\/uploads\/2026\/02\/YLO1881-Numero-6-250x300.jpg 250w, https:\/\/lobet.eu\/WP\/wp-content\/uploads\/2026\/02\/YLO1881-Numero-6-853x1024.jpg 853w, https:\/\/lobet.eu\/WP\/wp-content\/uploads\/2026\/02\/YLO1881-Numero-6-125x150.jpg 125w, https:\/\/lobet.eu\/WP\/wp-content\/uploads\/2026\/02\/YLO1881-Numero-6-768x922.jpg 768w\" sizes=\"(max-width: 1000px) 100vw, 1000px\" \/><\/a>\n\t\t\t<\/div><\/figure><figure class='gallery-item'>\n\t\t\t<div class='gallery-icon portrait'>\n\t\t\t\t<a data-elementor-open-lightbox=\"yes\" data-elementor-lightbox-slideshow=\"2d73962\" data-e-action-hash=\"#elementor-action%3Aaction%3Dlightbox%26settings%3DeyJpZCI6MTE5MTYsInVybCI6Imh0dHBzOlwvXC9sb2JldC5ldVwvV1BcL3dwLWNvbnRlbnRcL3VwbG9hZHNcLzIwMjZcLzAyXC9ZTE8xODc5LU51bWVyby0yLmpwZyIsInNsaWRlc2hvdyI6IjJkNzM5NjIifQ%3D%3D\" href='https:\/\/lobet.eu\/WP\/wp-content\/uploads\/2026\/02\/YLO1879-Numero-2.jpg'><img loading=\"lazy\" decoding=\"async\" width=\"1000\" height=\"1200\" src=\"https:\/\/lobet.eu\/WP\/wp-content\/uploads\/2026\/02\/YLO1879-Numero-2.jpg\" class=\"attachment-full size-full\" alt=\"\" srcset=\"https:\/\/lobet.eu\/WP\/wp-content\/uploads\/2026\/02\/YLO1879-Numero-2.jpg 1000w, https:\/\/lobet.eu\/WP\/wp-content\/uploads\/2026\/02\/YLO1879-Numero-2-250x300.jpg 250w, https:\/\/lobet.eu\/WP\/wp-content\/uploads\/2026\/02\/YLO1879-Numero-2-853x1024.jpg 853w, https:\/\/lobet.eu\/WP\/wp-content\/uploads\/2026\/02\/YLO1879-Numero-2-125x150.jpg 125w, https:\/\/lobet.eu\/WP\/wp-content\/uploads\/2026\/02\/YLO1879-Numero-2-768x922.jpg 768w\" sizes=\"(max-width: 1000px) 100vw, 1000px\" \/><\/a>\n\t\t\t<\/div><\/figure>\n\t\t<\/div>\n\t\t<\/div>\n\t\t\t\t\t\t<\/div>\n\t\t\t\t<\/div>\n\t\t\t\t\t<\/div>\n\t\t<\/div>\n\t\t\t\t\t<\/div>\n\t\t<\/section>\n\t\t\t\t<\/div>\n\t\t","protected":false},"excerpt":{"rendered":"<p>Grasphopper GraspHopper The Refill Grocery est une \u00e9picerie bio \u00e0 objectif z\u00e9ro d\u00e9chet qui permet \u00e0 ses clients de r\u00e9aliser l\u2019ensemble de leurs courses sans plastique, en privil\u00e9giant les produits en vrac et dans des emballages consign\u00e9s et recyclables.\u00a0<\/p>\n","protected":false},"author":1,"featured_media":0,"parent":0,"menu_order":0,"comment_status":"closed","ping_status":"closed","template":"","meta":{"_exactmetrics_skip_tracking":false,"_exactmetrics_sitenote_active":false,"_exactmetrics_sitenote_note":"","_exactmetrics_sitenote_category":0,"pgc_sgb_lightbox_settings":"","footnotes":""},"categories":[144,143],"tags":[],"class_list":["post-3510","page","type-page","status-publish","hentry","category-galerie","category-main","entry"],"_links":{"self":[{"href":"https:\/\/lobet.eu\/WP\/wp-json\/wp\/v2\/pages\/3510","targetHints":{"allow":["GET"]}}],"collection":[{"href":"https:\/\/lobet.eu\/WP\/wp-json\/wp\/v2\/pages"}],"about":[{"href":"https:\/\/lobet.eu\/WP\/wp-json\/wp\/v2\/types\/page"}],"author":[{"embeddable":true,"href":"https:\/\/lobet.eu\/WP\/wp-json\/wp\/v2\/users\/1"}],"replies":[{"embeddable":true,"href":"https:\/\/lobet.eu\/WP\/wp-json\/wp\/v2\/comments?post=3510"}],"version-history":[{"count":17,"href":"https:\/\/lobet.eu\/WP\/wp-json\/wp\/v2\/pages\/3510\/revisions"}],"predecessor-version":[{"id":12391,"href":"https:\/\/lobet.eu\/WP\/wp-json\/wp\/v2\/pages\/3510\/revisions\/12391"}],"wp:attachment":[{"href":"https:\/\/lobet.eu\/WP\/wp-json\/wp\/v2\/media?parent=3510"}],"wp:term":[{"taxonomy":"category","embeddable":true,"href":"https:\/\/lobet.eu\/WP\/wp-json\/wp\/v2\/categories?post=3510"},{"taxonomy":"post_tag","embeddable":true,"href":"https:\/\/lobet.eu\/WP\/wp-json\/wp\/v2\/tags?post=3510"}],"curies":[{"name":"wp","href":"https:\/\/api.w.org\/{rel}","templated":true}]}}