{"id":3450,"date":"2021-05-08T13:28:59","date_gmt":"2021-05-08T13:28:59","guid":{"rendered":"http:\/\/lobet.eu\/WP\/?page_id=3450"},"modified":"2026-03-14T15:25:31","modified_gmt":"2026-03-14T15:25:31","slug":"fondation-vuitton","status":"publish","type":"page","link":"https:\/\/lobet.eu\/WP\/fondation-vuitton\/","title":{"rendered":"Fondation Vuitton"},"content":{"rendered":"\t\t<div data-elementor-type=\"wp-page\" data-elementor-id=\"3450\" class=\"elementor elementor-3450\">\n\t\t\t\t\t\t<section class=\"elementor-section elementor-top-section elementor-element elementor-element-6306907 elementor-section-boxed elementor-section-height-default elementor-section-height-default\" data-id=\"6306907\" data-element_type=\"section\" data-e-type=\"section\">\n\t\t\t\t\t\t<div class=\"elementor-container elementor-column-gap-default\">\n\t\t\t\t\t<div class=\"elementor-column elementor-col-50 elementor-top-column elementor-element elementor-element-9d3b6b0\" data-id=\"9d3b6b0\" data-element_type=\"column\" data-e-type=\"column\">\n\t\t\t<div class=\"elementor-widget-wrap elementor-element-populated\">\n\t\t\t\t\t\t<div class=\"elementor-element elementor-element-1df84dc elementor-widget elementor-widget-heading\" data-id=\"1df84dc\" data-element_type=\"widget\" data-e-type=\"widget\" data-widget_type=\"heading.default\">\n\t\t\t\t<div class=\"elementor-widget-container\">\n\t\t\t\t\t<h2 class=\"elementor-heading-title elementor-size-default\">Fondation Vuitton<\/h2>\t\t\t\t<\/div>\n\t\t\t\t<\/div>\n\t\t\t\t<div class=\"elementor-element elementor-element-282c2d5 elementor-widget-divider--view-line elementor-widget elementor-widget-divider\" data-id=\"282c2d5\" data-element_type=\"widget\" data-e-type=\"widget\" data-widget_type=\"divider.default\">\n\t\t\t\t<div class=\"elementor-widget-container\">\n\t\t\t\t\t\t\t<div class=\"elementor-divider\">\n\t\t\t<span class=\"elementor-divider-separator\">\n\t\t\t\t\t\t<\/span>\n\t\t<\/div>\n\t\t\t\t\t\t<\/div>\n\t\t\t\t<\/div>\n\t\t\t\t<div class=\"elementor-element elementor-element-2f45e03 elementor-widget elementor-widget-text-editor\" data-id=\"2f45e03\" data-element_type=\"widget\" data-e-type=\"widget\" data-widget_type=\"text-editor.default\">\n\t\t\t\t<div class=\"elementor-widget-container\">\n\t\t\t\t\t\t\t\t\t<p style=\"text-align: right;\">En allant visiter la Fondation Vuitton \u00e0 Paris, <br \/>je n\u2019avais pas l\u2019intention d\u2019y prendre des photos.<\/p><p style=\"text-align: right;\">Mais rapidement, j\u2019ai \u00e9t\u00e9 frapp\u00e9 par les ombres et les reflets un peu partout qui esquissent les visiteurs et les alentours.\u00a0<\/p><p style=\"text-align: right;\">Plein d\u2019images \u00e0 saisir\u2026<\/p>\t\t\t\t\t\t\t\t<\/div>\n\t\t\t\t<\/div>\n\t\t\t\t\t<\/div>\n\t\t<\/div>\n\t\t\t\t<div class=\"elementor-column elementor-col-50 elementor-top-column elementor-element elementor-element-cc8c959\" data-id=\"cc8c959\" data-element_type=\"column\" data-e-type=\"column\">\n\t\t\t<div class=\"elementor-widget-wrap elementor-element-populated\">\n\t\t\t\t\t\t<div class=\"elementor-element elementor-element-aea2ca9 gallery-spacing-custom elementor-widget elementor-widget-image-gallery\" data-id=\"aea2ca9\" data-element_type=\"widget\" data-e-type=\"widget\" data-widget_type=\"image-gallery.default\">\n\t\t\t\t<div class=\"elementor-widget-container\">\n\t\t\t\t\t\t\t<div class=\"elementor-image-gallery\">\n\t\t\t<div id='gallery-1' class='gallery galleryid-3450 gallery-columns-4 gallery-size-full'><figure class='gallery-item'>\n\t\t\t<div class='gallery-icon landscape'>\n\t\t\t\t<a data-elementor-open-lightbox=\"yes\" data-elementor-lightbox-slideshow=\"aea2ca9\" data-e-action-hash=\"#elementor-action%3Aaction%3Dlightbox%26settings%3DeyJpZCI6MTE2OTUsInVybCI6Imh0dHBzOlwvXC9sb2JldC5ldVwvV1BcL3dwLWNvbnRlbnRcL3VwbG9hZHNcLzIwMjZcLzAyXC9Gb25kYXRpb24tVnVpdHRvbi0wOTcuanBnIiwic2xpZGVzaG93IjoiYWVhMmNhOSJ9\" href='https:\/\/lobet.eu\/WP\/wp-content\/uploads\/2026\/02\/Fondation-Vuitton-097.jpg'><img fetchpriority=\"high\" decoding=\"async\" width=\"1700\" height=\"1200\" src=\"https:\/\/lobet.eu\/WP\/wp-content\/uploads\/2026\/02\/Fondation-Vuitton-097.jpg\" class=\"attachment-full size-full\" alt=\"\" srcset=\"https:\/\/lobet.eu\/WP\/wp-content\/uploads\/2026\/02\/Fondation-Vuitton-097.jpg 1700w, https:\/\/lobet.eu\/WP\/wp-content\/uploads\/2026\/02\/Fondation-Vuitton-097-300x212.jpg 300w, https:\/\/lobet.eu\/WP\/wp-content\/uploads\/2026\/02\/Fondation-Vuitton-097-1024x723.jpg 1024w, https:\/\/lobet.eu\/WP\/wp-content\/uploads\/2026\/02\/Fondation-Vuitton-097-150x106.jpg 150w, https:\/\/lobet.eu\/WP\/wp-content\/uploads\/2026\/02\/Fondation-Vuitton-097-768x542.jpg 768w, https:\/\/lobet.eu\/WP\/wp-content\/uploads\/2026\/02\/Fondation-Vuitton-097-1536x1084.jpg 1536w\" sizes=\"(max-width: 1700px) 100vw, 1700px\" \/><\/a>\n\t\t\t<\/div><\/figure><figure class='gallery-item'>\n\t\t\t<div class='gallery-icon landscape'>\n\t\t\t\t<a data-elementor-open-lightbox=\"yes\" data-elementor-lightbox-slideshow=\"aea2ca9\" data-e-action-hash=\"#elementor-action%3Aaction%3Dlightbox%26settings%3DeyJpZCI6MTE3MDQsInVybCI6Imh0dHBzOlwvXC9sb2JldC5ldVwvV1BcL3dwLWNvbnRlbnRcL3VwbG9hZHNcLzIwMjZcLzAyXC9Gb25kYXRpb24tVnVpdHRvbi0wNDAuanBnIiwic2xpZGVzaG93IjoiYWVhMmNhOSJ9\" href='https:\/\/lobet.eu\/WP\/wp-content\/uploads\/2026\/02\/Fondation-Vuitton-040.jpg'><img decoding=\"async\" width=\"1700\" height=\"1200\" src=\"https:\/\/lobet.eu\/WP\/wp-content\/uploads\/2026\/02\/Fondation-Vuitton-040.jpg\" class=\"attachment-full size-full\" alt=\"\" srcset=\"https:\/\/lobet.eu\/WP\/wp-content\/uploads\/2026\/02\/Fondation-Vuitton-040.jpg 1700w, https:\/\/lobet.eu\/WP\/wp-content\/uploads\/2026\/02\/Fondation-Vuitton-040-300x212.jpg 300w, https:\/\/lobet.eu\/WP\/wp-content\/uploads\/2026\/02\/Fondation-Vuitton-040-1024x723.jpg 1024w, https:\/\/lobet.eu\/WP\/wp-content\/uploads\/2026\/02\/Fondation-Vuitton-040-150x106.jpg 150w, https:\/\/lobet.eu\/WP\/wp-content\/uploads\/2026\/02\/Fondation-Vuitton-040-768x542.jpg 768w, https:\/\/lobet.eu\/WP\/wp-content\/uploads\/2026\/02\/Fondation-Vuitton-040-1536x1084.jpg 1536w\" sizes=\"(max-width: 1700px) 100vw, 1700px\" \/><\/a>\n\t\t\t<\/div><\/figure><figure class='gallery-item'>\n\t\t\t<div class='gallery-icon landscape'>\n\t\t\t\t<a data-elementor-open-lightbox=\"yes\" data-elementor-lightbox-slideshow=\"aea2ca9\" data-e-action-hash=\"#elementor-action%3Aaction%3Dlightbox%26settings%3DeyJpZCI6MTE3MDMsInVybCI6Imh0dHBzOlwvXC9sb2JldC5ldVwvV1BcL3dwLWNvbnRlbnRcL3VwbG9hZHNcLzIwMjZcLzAyXC9Gb25kYXRpb24tVnVpdHRvbi0wMjQuanBnIiwic2xpZGVzaG93IjoiYWVhMmNhOSJ9\" href='https:\/\/lobet.eu\/WP\/wp-content\/uploads\/2026\/02\/Fondation-Vuitton-024.jpg'><img decoding=\"async\" width=\"1700\" height=\"1200\" src=\"https:\/\/lobet.eu\/WP\/wp-content\/uploads\/2026\/02\/Fondation-Vuitton-024.jpg\" class=\"attachment-full size-full\" alt=\"\" srcset=\"https:\/\/lobet.eu\/WP\/wp-content\/uploads\/2026\/02\/Fondation-Vuitton-024.jpg 1700w, https:\/\/lobet.eu\/WP\/wp-content\/uploads\/2026\/02\/Fondation-Vuitton-024-300x212.jpg 300w, https:\/\/lobet.eu\/WP\/wp-content\/uploads\/2026\/02\/Fondation-Vuitton-024-1024x723.jpg 1024w, https:\/\/lobet.eu\/WP\/wp-content\/uploads\/2026\/02\/Fondation-Vuitton-024-150x106.jpg 150w, https:\/\/lobet.eu\/WP\/wp-content\/uploads\/2026\/02\/Fondation-Vuitton-024-768x542.jpg 768w, https:\/\/lobet.eu\/WP\/wp-content\/uploads\/2026\/02\/Fondation-Vuitton-024-1536x1084.jpg 1536w\" sizes=\"(max-width: 1700px) 100vw, 1700px\" \/><\/a>\n\t\t\t<\/div><\/figure><figure class='gallery-item'>\n\t\t\t<div class='gallery-icon landscape'>\n\t\t\t\t<a data-elementor-open-lightbox=\"yes\" data-elementor-lightbox-slideshow=\"aea2ca9\" data-e-action-hash=\"#elementor-action%3Aaction%3Dlightbox%26settings%3DeyJpZCI6MTE2OTgsInVybCI6Imh0dHBzOlwvXC9sb2JldC5ldVwvV1BcL3dwLWNvbnRlbnRcL3VwbG9hZHNcLzIwMjZcLzAyXC9Gb25kYXRpb24tVnVpdHRvbi0wMDIuanBnIiwic2xpZGVzaG93IjoiYWVhMmNhOSJ9\" href='https:\/\/lobet.eu\/WP\/wp-content\/uploads\/2026\/02\/Fondation-Vuitton-002.jpg'><img loading=\"lazy\" decoding=\"async\" width=\"1700\" height=\"1200\" src=\"https:\/\/lobet.eu\/WP\/wp-content\/uploads\/2026\/02\/Fondation-Vuitton-002.jpg\" class=\"attachment-full size-full\" alt=\"\" srcset=\"https:\/\/lobet.eu\/WP\/wp-content\/uploads\/2026\/02\/Fondation-Vuitton-002.jpg 1700w, https:\/\/lobet.eu\/WP\/wp-content\/uploads\/2026\/02\/Fondation-Vuitton-002-300x212.jpg 300w, https:\/\/lobet.eu\/WP\/wp-content\/uploads\/2026\/02\/Fondation-Vuitton-002-1024x723.jpg 1024w, https:\/\/lobet.eu\/WP\/wp-content\/uploads\/2026\/02\/Fondation-Vuitton-002-150x106.jpg 150w, https:\/\/lobet.eu\/WP\/wp-content\/uploads\/2026\/02\/Fondation-Vuitton-002-768x542.jpg 768w, https:\/\/lobet.eu\/WP\/wp-content\/uploads\/2026\/02\/Fondation-Vuitton-002-1536x1084.jpg 1536w\" sizes=\"(max-width: 1700px) 100vw, 1700px\" \/><\/a>\n\t\t\t<\/div><\/figure><figure class='gallery-item'>\n\t\t\t<div class='gallery-icon landscape'>\n\t\t\t\t<a data-elementor-open-lightbox=\"yes\" data-elementor-lightbox-slideshow=\"aea2ca9\" data-e-action-hash=\"#elementor-action%3Aaction%3Dlightbox%26settings%3DeyJpZCI6MTE2OTQsInVybCI6Imh0dHBzOlwvXC9sb2JldC5ldVwvV1BcL3dwLWNvbnRlbnRcL3VwbG9hZHNcLzIwMjZcLzAyXC9Gb25kYXRpb24tVnVpdHRvbi0wODUuanBnIiwic2xpZGVzaG93IjoiYWVhMmNhOSJ9\" href='https:\/\/lobet.eu\/WP\/wp-content\/uploads\/2026\/02\/Fondation-Vuitton-085.jpg'><img loading=\"lazy\" decoding=\"async\" width=\"1700\" height=\"1200\" src=\"https:\/\/lobet.eu\/WP\/wp-content\/uploads\/2026\/02\/Fondation-Vuitton-085.jpg\" class=\"attachment-full size-full\" alt=\"\" srcset=\"https:\/\/lobet.eu\/WP\/wp-content\/uploads\/2026\/02\/Fondation-Vuitton-085.jpg 1700w, https:\/\/lobet.eu\/WP\/wp-content\/uploads\/2026\/02\/Fondation-Vuitton-085-300x212.jpg 300w, https:\/\/lobet.eu\/WP\/wp-content\/uploads\/2026\/02\/Fondation-Vuitton-085-1024x723.jpg 1024w, https:\/\/lobet.eu\/WP\/wp-content\/uploads\/2026\/02\/Fondation-Vuitton-085-150x106.jpg 150w, https:\/\/lobet.eu\/WP\/wp-content\/uploads\/2026\/02\/Fondation-Vuitton-085-768x542.jpg 768w, https:\/\/lobet.eu\/WP\/wp-content\/uploads\/2026\/02\/Fondation-Vuitton-085-1536x1084.jpg 1536w\" sizes=\"(max-width: 1700px) 100vw, 1700px\" \/><\/a>\n\t\t\t<\/div><\/figure><figure class='gallery-item'>\n\t\t\t<div class='gallery-icon landscape'>\n\t\t\t\t<a data-elementor-open-lightbox=\"yes\" data-elementor-lightbox-slideshow=\"aea2ca9\" data-e-action-hash=\"#elementor-action%3Aaction%3Dlightbox%26settings%3DeyJpZCI6MTE2OTMsInVybCI6Imh0dHBzOlwvXC9sb2JldC5ldVwvV1BcL3dwLWNvbnRlbnRcL3VwbG9hZHNcLzIwMjZcLzAyXC9Gb25kYXRpb24tVnVpdHRvbi0wNzcuanBnIiwic2xpZGVzaG93IjoiYWVhMmNhOSJ9\" href='https:\/\/lobet.eu\/WP\/wp-content\/uploads\/2026\/02\/Fondation-Vuitton-077.jpg'><img loading=\"lazy\" decoding=\"async\" width=\"1700\" height=\"1200\" src=\"https:\/\/lobet.eu\/WP\/wp-content\/uploads\/2026\/02\/Fondation-Vuitton-077.jpg\" class=\"attachment-full size-full\" alt=\"\" srcset=\"https:\/\/lobet.eu\/WP\/wp-content\/uploads\/2026\/02\/Fondation-Vuitton-077.jpg 1700w, https:\/\/lobet.eu\/WP\/wp-content\/uploads\/2026\/02\/Fondation-Vuitton-077-300x212.jpg 300w, https:\/\/lobet.eu\/WP\/wp-content\/uploads\/2026\/02\/Fondation-Vuitton-077-1024x723.jpg 1024w, https:\/\/lobet.eu\/WP\/wp-content\/uploads\/2026\/02\/Fondation-Vuitton-077-150x106.jpg 150w, https:\/\/lobet.eu\/WP\/wp-content\/uploads\/2026\/02\/Fondation-Vuitton-077-768x542.jpg 768w, https:\/\/lobet.eu\/WP\/wp-content\/uploads\/2026\/02\/Fondation-Vuitton-077-1536x1084.jpg 1536w\" sizes=\"(max-width: 1700px) 100vw, 1700px\" \/><\/a>\n\t\t\t<\/div><\/figure><figure class='gallery-item'>\n\t\t\t<div class='gallery-icon landscape'>\n\t\t\t\t<a data-elementor-open-lightbox=\"yes\" data-elementor-lightbox-slideshow=\"aea2ca9\" data-e-action-hash=\"#elementor-action%3Aaction%3Dlightbox%26settings%3DeyJpZCI6MTE3MDIsInVybCI6Imh0dHBzOlwvXC9sb2JldC5ldVwvV1BcL3dwLWNvbnRlbnRcL3VwbG9hZHNcLzIwMjZcLzAyXC9Gb25kYXRpb24tVnVpdHRvbi0wMjEuanBnIiwic2xpZGVzaG93IjoiYWVhMmNhOSJ9\" href='https:\/\/lobet.eu\/WP\/wp-content\/uploads\/2026\/02\/Fondation-Vuitton-021.jpg'><img loading=\"lazy\" decoding=\"async\" width=\"1700\" height=\"1200\" src=\"https:\/\/lobet.eu\/WP\/wp-content\/uploads\/2026\/02\/Fondation-Vuitton-021.jpg\" class=\"attachment-full size-full\" alt=\"\" srcset=\"https:\/\/lobet.eu\/WP\/wp-content\/uploads\/2026\/02\/Fondation-Vuitton-021.jpg 1700w, https:\/\/lobet.eu\/WP\/wp-content\/uploads\/2026\/02\/Fondation-Vuitton-021-300x212.jpg 300w, https:\/\/lobet.eu\/WP\/wp-content\/uploads\/2026\/02\/Fondation-Vuitton-021-1024x723.jpg 1024w, https:\/\/lobet.eu\/WP\/wp-content\/uploads\/2026\/02\/Fondation-Vuitton-021-150x106.jpg 150w, https:\/\/lobet.eu\/WP\/wp-content\/uploads\/2026\/02\/Fondation-Vuitton-021-768x542.jpg 768w, https:\/\/lobet.eu\/WP\/wp-content\/uploads\/2026\/02\/Fondation-Vuitton-021-1536x1084.jpg 1536w\" sizes=\"(max-width: 1700px) 100vw, 1700px\" \/><\/a>\n\t\t\t<\/div><\/figure><figure class='gallery-item'>\n\t\t\t<div class='gallery-icon landscape'>\n\t\t\t\t<a data-elementor-open-lightbox=\"yes\" data-elementor-lightbox-slideshow=\"aea2ca9\" data-e-action-hash=\"#elementor-action%3Aaction%3Dlightbox%26settings%3DeyJpZCI6MTE3MDEsInVybCI6Imh0dHBzOlwvXC9sb2JldC5ldVwvV1BcL3dwLWNvbnRlbnRcL3VwbG9hZHNcLzIwMjZcLzAyXC9Gb25kYXRpb24tVnVpdHRvbi0wMTUuanBnIiwic2xpZGVzaG93IjoiYWVhMmNhOSJ9\" href='https:\/\/lobet.eu\/WP\/wp-content\/uploads\/2026\/02\/Fondation-Vuitton-015.jpg'><img loading=\"lazy\" decoding=\"async\" width=\"1700\" height=\"1200\" src=\"https:\/\/lobet.eu\/WP\/wp-content\/uploads\/2026\/02\/Fondation-Vuitton-015.jpg\" class=\"attachment-full size-full\" alt=\"\" srcset=\"https:\/\/lobet.eu\/WP\/wp-content\/uploads\/2026\/02\/Fondation-Vuitton-015.jpg 1700w, https:\/\/lobet.eu\/WP\/wp-content\/uploads\/2026\/02\/Fondation-Vuitton-015-300x212.jpg 300w, https:\/\/lobet.eu\/WP\/wp-content\/uploads\/2026\/02\/Fondation-Vuitton-015-1024x723.jpg 1024w, https:\/\/lobet.eu\/WP\/wp-content\/uploads\/2026\/02\/Fondation-Vuitton-015-150x106.jpg 150w, https:\/\/lobet.eu\/WP\/wp-content\/uploads\/2026\/02\/Fondation-Vuitton-015-768x542.jpg 768w, https:\/\/lobet.eu\/WP\/wp-content\/uploads\/2026\/02\/Fondation-Vuitton-015-1536x1084.jpg 1536w\" sizes=\"(max-width: 1700px) 100vw, 1700px\" \/><\/a>\n\t\t\t<\/div><\/figure><figure class='gallery-item'>\n\t\t\t<div class='gallery-icon landscape'>\n\t\t\t\t<a data-elementor-open-lightbox=\"yes\" data-elementor-lightbox-slideshow=\"aea2ca9\" data-e-action-hash=\"#elementor-action%3Aaction%3Dlightbox%26settings%3DeyJpZCI6MTE3MDAsInVybCI6Imh0dHBzOlwvXC9sb2JldC5ldVwvV1BcL3dwLWNvbnRlbnRcL3VwbG9hZHNcLzIwMjZcLzAyXC9Gb25kYXRpb24tVnVpdHRvbi0wMTQuanBnIiwic2xpZGVzaG93IjoiYWVhMmNhOSJ9\" href='https:\/\/lobet.eu\/WP\/wp-content\/uploads\/2026\/02\/Fondation-Vuitton-014.jpg'><img loading=\"lazy\" decoding=\"async\" width=\"1700\" height=\"1200\" src=\"https:\/\/lobet.eu\/WP\/wp-content\/uploads\/2026\/02\/Fondation-Vuitton-014.jpg\" class=\"attachment-full size-full\" alt=\"\" srcset=\"https:\/\/lobet.eu\/WP\/wp-content\/uploads\/2026\/02\/Fondation-Vuitton-014.jpg 1700w, https:\/\/lobet.eu\/WP\/wp-content\/uploads\/2026\/02\/Fondation-Vuitton-014-300x212.jpg 300w, https:\/\/lobet.eu\/WP\/wp-content\/uploads\/2026\/02\/Fondation-Vuitton-014-1024x723.jpg 1024w, https:\/\/lobet.eu\/WP\/wp-content\/uploads\/2026\/02\/Fondation-Vuitton-014-150x106.jpg 150w, https:\/\/lobet.eu\/WP\/wp-content\/uploads\/2026\/02\/Fondation-Vuitton-014-768x542.jpg 768w, https:\/\/lobet.eu\/WP\/wp-content\/uploads\/2026\/02\/Fondation-Vuitton-014-1536x1084.jpg 1536w\" sizes=\"(max-width: 1700px) 100vw, 1700px\" \/><\/a>\n\t\t\t<\/div><\/figure><figure class='gallery-item'>\n\t\t\t<div class='gallery-icon landscape'>\n\t\t\t\t<a data-elementor-open-lightbox=\"yes\" data-elementor-lightbox-slideshow=\"aea2ca9\" data-e-action-hash=\"#elementor-action%3Aaction%3Dlightbox%26settings%3DeyJpZCI6MTE2OTksInVybCI6Imh0dHBzOlwvXC9sb2JldC5ldVwvV1BcL3dwLWNvbnRlbnRcL3VwbG9hZHNcLzIwMjZcLzAyXC9Gb25kYXRpb24tVnVpdHRvbi0wMTEuanBnIiwic2xpZGVzaG93IjoiYWVhMmNhOSJ9\" href='https:\/\/lobet.eu\/WP\/wp-content\/uploads\/2026\/02\/Fondation-Vuitton-011.jpg'><img loading=\"lazy\" decoding=\"async\" width=\"1700\" height=\"1200\" src=\"https:\/\/lobet.eu\/WP\/wp-content\/uploads\/2026\/02\/Fondation-Vuitton-011.jpg\" class=\"attachment-full size-full\" alt=\"\" srcset=\"https:\/\/lobet.eu\/WP\/wp-content\/uploads\/2026\/02\/Fondation-Vuitton-011.jpg 1700w, https:\/\/lobet.eu\/WP\/wp-content\/uploads\/2026\/02\/Fondation-Vuitton-011-300x212.jpg 300w, https:\/\/lobet.eu\/WP\/wp-content\/uploads\/2026\/02\/Fondation-Vuitton-011-1024x723.jpg 1024w, https:\/\/lobet.eu\/WP\/wp-content\/uploads\/2026\/02\/Fondation-Vuitton-011-150x106.jpg 150w, https:\/\/lobet.eu\/WP\/wp-content\/uploads\/2026\/02\/Fondation-Vuitton-011-768x542.jpg 768w, https:\/\/lobet.eu\/WP\/wp-content\/uploads\/2026\/02\/Fondation-Vuitton-011-1536x1084.jpg 1536w\" sizes=\"(max-width: 1700px) 100vw, 1700px\" \/><\/a>\n\t\t\t<\/div><\/figure><figure class='gallery-item'>\n\t\t\t<div class='gallery-icon landscape'>\n\t\t\t\t<a data-elementor-open-lightbox=\"yes\" data-elementor-lightbox-slideshow=\"aea2ca9\" data-e-action-hash=\"#elementor-action%3Aaction%3Dlightbox%26settings%3DeyJpZCI6MTE2OTYsInVybCI6Imh0dHBzOlwvXC9sb2JldC5ldVwvV1BcL3dwLWNvbnRlbnRcL3VwbG9hZHNcLzIwMjZcLzAyXC9Gb25kYXRpb24tVnVpdHRvbi0xMDguanBnIiwic2xpZGVzaG93IjoiYWVhMmNhOSJ9\" href='https:\/\/lobet.eu\/WP\/wp-content\/uploads\/2026\/02\/Fondation-Vuitton-108.jpg'><img loading=\"lazy\" decoding=\"async\" width=\"1700\" height=\"1200\" src=\"https:\/\/lobet.eu\/WP\/wp-content\/uploads\/2026\/02\/Fondation-Vuitton-108.jpg\" class=\"attachment-full size-full\" alt=\"\" srcset=\"https:\/\/lobet.eu\/WP\/wp-content\/uploads\/2026\/02\/Fondation-Vuitton-108.jpg 1700w, https:\/\/lobet.eu\/WP\/wp-content\/uploads\/2026\/02\/Fondation-Vuitton-108-300x212.jpg 300w, https:\/\/lobet.eu\/WP\/wp-content\/uploads\/2026\/02\/Fondation-Vuitton-108-1024x723.jpg 1024w, https:\/\/lobet.eu\/WP\/wp-content\/uploads\/2026\/02\/Fondation-Vuitton-108-150x106.jpg 150w, https:\/\/lobet.eu\/WP\/wp-content\/uploads\/2026\/02\/Fondation-Vuitton-108-768x542.jpg 768w, https:\/\/lobet.eu\/WP\/wp-content\/uploads\/2026\/02\/Fondation-Vuitton-108-1536x1084.jpg 1536w\" sizes=\"(max-width: 1700px) 100vw, 1700px\" \/><\/a>\n\t\t\t<\/div><\/figure><figure class='gallery-item'>\n\t\t\t<div class='gallery-icon landscape'>\n\t\t\t\t<a data-elementor-open-lightbox=\"yes\" data-elementor-lightbox-slideshow=\"aea2ca9\" data-e-action-hash=\"#elementor-action%3Aaction%3Dlightbox%26settings%3DeyJpZCI6MTE2OTcsInVybCI6Imh0dHBzOlwvXC9sb2JldC5ldVwvV1BcL3dwLWNvbnRlbnRcL3VwbG9hZHNcLzIwMjZcLzAyXC9Gb25kYXRpb24tVnVpdHRvbi0xMTQuanBnIiwic2xpZGVzaG93IjoiYWVhMmNhOSJ9\" href='https:\/\/lobet.eu\/WP\/wp-content\/uploads\/2026\/02\/Fondation-Vuitton-114.jpg'><img loading=\"lazy\" decoding=\"async\" width=\"1700\" height=\"1200\" src=\"https:\/\/lobet.eu\/WP\/wp-content\/uploads\/2026\/02\/Fondation-Vuitton-114.jpg\" class=\"attachment-full size-full\" alt=\"\" srcset=\"https:\/\/lobet.eu\/WP\/wp-content\/uploads\/2026\/02\/Fondation-Vuitton-114.jpg 1700w, https:\/\/lobet.eu\/WP\/wp-content\/uploads\/2026\/02\/Fondation-Vuitton-114-300x212.jpg 300w, https:\/\/lobet.eu\/WP\/wp-content\/uploads\/2026\/02\/Fondation-Vuitton-114-1024x723.jpg 1024w, https:\/\/lobet.eu\/WP\/wp-content\/uploads\/2026\/02\/Fondation-Vuitton-114-150x106.jpg 150w, https:\/\/lobet.eu\/WP\/wp-content\/uploads\/2026\/02\/Fondation-Vuitton-114-768x542.jpg 768w, https:\/\/lobet.eu\/WP\/wp-content\/uploads\/2026\/02\/Fondation-Vuitton-114-1536x1084.jpg 1536w\" sizes=\"(max-width: 1700px) 100vw, 1700px\" \/><\/a>\n\t\t\t<\/div><\/figure>\n\t\t<\/div>\n\t\t<\/div>\n\t\t\t\t\t\t<\/div>\n\t\t\t\t<\/div>\n\t\t\t\t\t<\/div>\n\t\t<\/div>\n\t\t\t\t\t<\/div>\n\t\t<\/section>\n\t\t\t\t<\/div>\n\t\t","protected":false},"excerpt":{"rendered":"<p>Fondation Vuitton En allant visiter la Fondation Vuitton \u00e0 Paris, je n\u2019avais pas l\u2019intention d\u2019y prendre des photos. Mais rapidement, j\u2019ai \u00e9t\u00e9 frapp\u00e9 par les ombres et les reflets un peu partout qui esquissent les visiteurs et les alentours.\u00a0 Plein d\u2019images \u00e0 saisir\u2026<\/p>\n","protected":false},"author":1,"featured_media":0,"parent":0,"menu_order":0,"comment_status":"closed","ping_status":"closed","template":"","meta":{"_exactmetrics_skip_tracking":false,"_exactmetrics_sitenote_active":false,"_exactmetrics_sitenote_note":"","_exactmetrics_sitenote_category":0,"pgc_sgb_lightbox_settings":"","footnotes":""},"categories":[144,143],"tags":[],"class_list":["post-3450","page","type-page","status-publish","hentry","category-galerie","category-main","entry"],"_links":{"self":[{"href":"https:\/\/lobet.eu\/WP\/wp-json\/wp\/v2\/pages\/3450","targetHints":{"allow":["GET"]}}],"collection":[{"href":"https:\/\/lobet.eu\/WP\/wp-json\/wp\/v2\/pages"}],"about":[{"href":"https:\/\/lobet.eu\/WP\/wp-json\/wp\/v2\/types\/page"}],"author":[{"embeddable":true,"href":"https:\/\/lobet.eu\/WP\/wp-json\/wp\/v2\/users\/1"}],"replies":[{"embeddable":true,"href":"https:\/\/lobet.eu\/WP\/wp-json\/wp\/v2\/comments?post=3450"}],"version-history":[{"count":16,"href":"https:\/\/lobet.eu\/WP\/wp-json\/wp\/v2\/pages\/3450\/revisions"}],"predecessor-version":[{"id":12381,"href":"https:\/\/lobet.eu\/WP\/wp-json\/wp\/v2\/pages\/3450\/revisions\/12381"}],"wp:attachment":[{"href":"https:\/\/lobet.eu\/WP\/wp-json\/wp\/v2\/media?parent=3450"}],"wp:term":[{"taxonomy":"category","embeddable":true,"href":"https:\/\/lobet.eu\/WP\/wp-json\/wp\/v2\/categories?post=3450"},{"taxonomy":"post_tag","embeddable":true,"href":"https:\/\/lobet.eu\/WP\/wp-json\/wp\/v2\/tags?post=3450"}],"curies":[{"name":"wp","href":"https:\/\/api.w.org\/{rel}","templated":true}]}}