{"id":3169,"date":"2021-05-08T13:28:59","date_gmt":"2021-05-08T13:28:59","guid":{"rendered":"http:\/\/lobet.eu\/WP\/?page_id=3169"},"modified":"2026-03-01T14:14:29","modified_gmt":"2026-03-01T14:14:29","slug":"hebergements","status":"publish","type":"page","link":"https:\/\/lobet.eu\/WP\/hebergements\/","title":{"rendered":"Rencontres d&#8217;un soir"},"content":{"rendered":"\t\t<div data-elementor-type=\"wp-page\" data-elementor-id=\"3169\" class=\"elementor elementor-3169\">\n\t\t\t\t\t\t<section class=\"elementor-section elementor-top-section elementor-element elementor-element-a565bc7 elementor-section-boxed elementor-section-height-default elementor-section-height-default\" data-id=\"a565bc7\" data-element_type=\"section\" data-e-type=\"section\">\n\t\t\t\t\t\t<div class=\"elementor-container elementor-column-gap-default\">\n\t\t\t\t\t<div class=\"elementor-column elementor-col-50 elementor-top-column elementor-element elementor-element-e8a6255\" data-id=\"e8a6255\" data-element_type=\"column\" data-e-type=\"column\">\n\t\t\t<div class=\"elementor-widget-wrap elementor-element-populated\">\n\t\t\t\t\t\t<div class=\"elementor-element elementor-element-139fcab elementor-widget elementor-widget-heading\" data-id=\"139fcab\" data-element_type=\"widget\" data-e-type=\"widget\" data-widget_type=\"heading.default\">\n\t\t\t\t<div class=\"elementor-widget-container\">\n\t\t\t\t\t<h2 class=\"elementor-heading-title elementor-size-default\">Rencontres d'un soir<\/h2>\t\t\t\t<\/div>\n\t\t\t\t<\/div>\n\t\t\t\t<div class=\"elementor-element elementor-element-124415d elementor-widget-divider--view-line elementor-widget elementor-widget-divider\" data-id=\"124415d\" data-element_type=\"widget\" data-e-type=\"widget\" data-widget_type=\"divider.default\">\n\t\t\t\t<div class=\"elementor-widget-container\">\n\t\t\t\t\t\t\t<div class=\"elementor-divider\">\n\t\t\t<span class=\"elementor-divider-separator\">\n\t\t\t\t\t\t<\/span>\n\t\t<\/div>\n\t\t\t\t\t\t<\/div>\n\t\t\t\t<\/div>\n\t\t\t\t<div class=\"elementor-element elementor-element-0a110e1 elementor-widget elementor-widget-text-editor\" data-id=\"0a110e1\" data-element_type=\"widget\" data-e-type=\"widget\" data-widget_type=\"text-editor.default\">\n\t\t\t\t<div class=\"elementor-widget-container\">\n\t\t\t\t\t\t\t\t\t<p style=\"text-align: right;\"><em>Suivre le chemin vers Saint-Jacques de Compostelle, c\u2019est bien s\u00fbr marcher, avancer, progresser le long d\u2019une ligne faite de sentiers, routes et balises.\u00a0<\/em><\/p>\n<p style=\"text-align: right;\"><em>Mais c\u2019est aussi prendre le temps de s\u2019arr\u00eater pour se restaurer et se reposer. Quelques marcheurs choisissent de passer la nuit sous tente ou \u00e0 la belle \u00e9toile quand le temps le permet, mais la plupart pr\u00e9f\u00e8rent poser leur sac dans les h\u00e9bergements qu\u2019on trouve tout au long du trajet. Ce sont souvent des lieux de rencontre avec d\u2019autres marcheurs, mais aussi avec les personnes qui les accueillent. Ils sont propri\u00e9taires de chambres d\u2019h\u00f4tes ou d\u2019une alberge, en Espagne, hospitaliers b\u00e9n\u00e9voles dans un g\u00eete communal, fermier ou retrait\u00e9 qui ont une chambre ou un mobilhome \u00e0 proposer aux p\u00e8lerins. Certains ont fait le trajet jusque Saint-Jacques de Compostelle, parfois plusieurs fois.\u00a0<\/em><\/p>\n<p style=\"text-align: right;\"><em>Avec ces images, j\u2019ai voulu garder trace de quelques-unes de ces br\u00e8ves et belles rencontres d\u2019un soir que j\u2019ai faites entre V\u00e9zelay et Saint-Jacques de Compostelle en 2018 et 2019.<\/em><\/p>\t\t\t\t\t\t\t\t<\/div>\n\t\t\t\t<\/div>\n\t\t\t\t\t<\/div>\n\t\t<\/div>\n\t\t\t\t<div class=\"elementor-column elementor-col-50 elementor-top-column elementor-element elementor-element-bdca5b4\" data-id=\"bdca5b4\" data-element_type=\"column\" data-e-type=\"column\">\n\t\t\t<div class=\"elementor-widget-wrap elementor-element-populated\">\n\t\t\t\t\t\t<div class=\"elementor-element elementor-element-1ce07f5 gallery-spacing-custom elementor-widget elementor-widget-image-gallery\" data-id=\"1ce07f5\" data-element_type=\"widget\" data-e-type=\"widget\" data-widget_type=\"image-gallery.default\">\n\t\t\t\t<div class=\"elementor-widget-container\">\n\t\t\t\t\t\t\t<div class=\"elementor-image-gallery\">\n\t\t\t<div id='gallery-1' class='gallery galleryid-3169 gallery-columns-4 gallery-size-full'><figure class='gallery-item'>\n\t\t\t<div class='gallery-icon landscape'>\n\t\t\t\t<a data-elementor-open-lightbox=\"yes\" data-elementor-lightbox-slideshow=\"1ce07f5\" data-e-action-hash=\"#elementor-action%3Aaction%3Dlightbox%26settings%3DeyJpZCI6MTE2MjMsInVybCI6Imh0dHBzOlwvXC9sb2JldC5ldVwvV1BcL3dwLWNvbnRlbnRcL3VwbG9hZHNcLzIwMjZcLzAyXC9TSkMtMjAxOC0xODZ2Mi5qcGciLCJzbGlkZXNob3ciOiIxY2UwN2Y1In0%3D\" href='https:\/\/lobet.eu\/WP\/wp-content\/uploads\/2026\/02\/SJC-2018-186v2.jpg'><img fetchpriority=\"high\" decoding=\"async\" width=\"1700\" height=\"1200\" src=\"https:\/\/lobet.eu\/WP\/wp-content\/uploads\/2026\/02\/SJC-2018-186v2.jpg\" class=\"attachment-full size-full\" alt=\"\" srcset=\"https:\/\/lobet.eu\/WP\/wp-content\/uploads\/2026\/02\/SJC-2018-186v2.jpg 1700w, https:\/\/lobet.eu\/WP\/wp-content\/uploads\/2026\/02\/SJC-2018-186v2-300x212.jpg 300w, https:\/\/lobet.eu\/WP\/wp-content\/uploads\/2026\/02\/SJC-2018-186v2-1024x723.jpg 1024w, https:\/\/lobet.eu\/WP\/wp-content\/uploads\/2026\/02\/SJC-2018-186v2-150x106.jpg 150w, https:\/\/lobet.eu\/WP\/wp-content\/uploads\/2026\/02\/SJC-2018-186v2-768x542.jpg 768w, https:\/\/lobet.eu\/WP\/wp-content\/uploads\/2026\/02\/SJC-2018-186v2-1536x1084.jpg 1536w\" sizes=\"(max-width: 1700px) 100vw, 1700px\" \/><\/a>\n\t\t\t<\/div><\/figure><figure class='gallery-item'>\n\t\t\t<div class='gallery-icon landscape'>\n\t\t\t\t<a data-elementor-open-lightbox=\"yes\" data-elementor-lightbox-slideshow=\"1ce07f5\" data-e-action-hash=\"#elementor-action%3Aaction%3Dlightbox%26settings%3DeyJpZCI6MTE2MTIsInVybCI6Imh0dHBzOlwvXC9sb2JldC5ldVwvV1BcL3dwLWNvbnRlbnRcL3VwbG9hZHNcLzIwMjZcLzAyXC9TSkMtMjAxOS0wMDc5djIuanBnIiwic2xpZGVzaG93IjoiMWNlMDdmNSJ9\" href='https:\/\/lobet.eu\/WP\/wp-content\/uploads\/2026\/02\/SJC-2019-0079v2.jpg'><img decoding=\"async\" width=\"1700\" height=\"1200\" src=\"https:\/\/lobet.eu\/WP\/wp-content\/uploads\/2026\/02\/SJC-2019-0079v2.jpg\" class=\"attachment-full size-full\" alt=\"\" srcset=\"https:\/\/lobet.eu\/WP\/wp-content\/uploads\/2026\/02\/SJC-2019-0079v2.jpg 1700w, https:\/\/lobet.eu\/WP\/wp-content\/uploads\/2026\/02\/SJC-2019-0079v2-300x212.jpg 300w, https:\/\/lobet.eu\/WP\/wp-content\/uploads\/2026\/02\/SJC-2019-0079v2-1024x723.jpg 1024w, https:\/\/lobet.eu\/WP\/wp-content\/uploads\/2026\/02\/SJC-2019-0079v2-150x106.jpg 150w, https:\/\/lobet.eu\/WP\/wp-content\/uploads\/2026\/02\/SJC-2019-0079v2-768x542.jpg 768w, https:\/\/lobet.eu\/WP\/wp-content\/uploads\/2026\/02\/SJC-2019-0079v2-1536x1084.jpg 1536w\" sizes=\"(max-width: 1700px) 100vw, 1700px\" \/><\/a>\n\t\t\t<\/div><\/figure><figure class='gallery-item'>\n\t\t\t<div class='gallery-icon landscape'>\n\t\t\t\t<a data-elementor-open-lightbox=\"yes\" data-elementor-lightbox-slideshow=\"1ce07f5\" data-e-action-hash=\"#elementor-action%3Aaction%3Dlightbox%26settings%3DeyJpZCI6MTE2MjQsInVybCI6Imh0dHBzOlwvXC9sb2JldC5ldVwvV1BcL3dwLWNvbnRlbnRcL3VwbG9hZHNcLzIwMjZcLzAyXC9TSkMtMjAxOC0zMTB2Mi5qcGciLCJzbGlkZXNob3ciOiIxY2UwN2Y1In0%3D\" href='https:\/\/lobet.eu\/WP\/wp-content\/uploads\/2026\/02\/SJC-2018-310v2.jpg'><img decoding=\"async\" width=\"1700\" height=\"1200\" src=\"https:\/\/lobet.eu\/WP\/wp-content\/uploads\/2026\/02\/SJC-2018-310v2.jpg\" class=\"attachment-full size-full\" alt=\"\" srcset=\"https:\/\/lobet.eu\/WP\/wp-content\/uploads\/2026\/02\/SJC-2018-310v2.jpg 1700w, https:\/\/lobet.eu\/WP\/wp-content\/uploads\/2026\/02\/SJC-2018-310v2-300x212.jpg 300w, https:\/\/lobet.eu\/WP\/wp-content\/uploads\/2026\/02\/SJC-2018-310v2-1024x723.jpg 1024w, https:\/\/lobet.eu\/WP\/wp-content\/uploads\/2026\/02\/SJC-2018-310v2-150x106.jpg 150w, https:\/\/lobet.eu\/WP\/wp-content\/uploads\/2026\/02\/SJC-2018-310v2-768x542.jpg 768w, https:\/\/lobet.eu\/WP\/wp-content\/uploads\/2026\/02\/SJC-2018-310v2-1536x1084.jpg 1536w\" sizes=\"(max-width: 1700px) 100vw, 1700px\" \/><\/a>\n\t\t\t<\/div><\/figure><figure class='gallery-item'>\n\t\t\t<div class='gallery-icon landscape'>\n\t\t\t\t<a data-elementor-open-lightbox=\"yes\" data-elementor-lightbox-slideshow=\"1ce07f5\" data-e-action-hash=\"#elementor-action%3Aaction%3Dlightbox%26settings%3DeyJpZCI6MTE2MTMsInVybCI6Imh0dHBzOlwvXC9sb2JldC5ldVwvV1BcL3dwLWNvbnRlbnRcL3VwbG9hZHNcLzIwMjZcLzAyXC9TSkMtMjAxOS0wMjA4djIuanBnIiwic2xpZGVzaG93IjoiMWNlMDdmNSJ9\" href='https:\/\/lobet.eu\/WP\/wp-content\/uploads\/2026\/02\/SJC-2019-0208v2.jpg'><img loading=\"lazy\" decoding=\"async\" width=\"1700\" height=\"1200\" src=\"https:\/\/lobet.eu\/WP\/wp-content\/uploads\/2026\/02\/SJC-2019-0208v2.jpg\" class=\"attachment-full size-full\" alt=\"\" srcset=\"https:\/\/lobet.eu\/WP\/wp-content\/uploads\/2026\/02\/SJC-2019-0208v2.jpg 1700w, https:\/\/lobet.eu\/WP\/wp-content\/uploads\/2026\/02\/SJC-2019-0208v2-300x212.jpg 300w, https:\/\/lobet.eu\/WP\/wp-content\/uploads\/2026\/02\/SJC-2019-0208v2-1024x723.jpg 1024w, https:\/\/lobet.eu\/WP\/wp-content\/uploads\/2026\/02\/SJC-2019-0208v2-150x106.jpg 150w, https:\/\/lobet.eu\/WP\/wp-content\/uploads\/2026\/02\/SJC-2019-0208v2-768x542.jpg 768w, https:\/\/lobet.eu\/WP\/wp-content\/uploads\/2026\/02\/SJC-2019-0208v2-1536x1084.jpg 1536w\" sizes=\"(max-width: 1700px) 100vw, 1700px\" \/><\/a>\n\t\t\t<\/div><\/figure><figure class='gallery-item'>\n\t\t\t<div class='gallery-icon landscape'>\n\t\t\t\t<a data-elementor-open-lightbox=\"yes\" data-elementor-lightbox-slideshow=\"1ce07f5\" data-e-action-hash=\"#elementor-action%3Aaction%3Dlightbox%26settings%3DeyJpZCI6MTE2MTcsInVybCI6Imh0dHBzOlwvXC9sb2JldC5ldVwvV1BcL3dwLWNvbnRlbnRcL3VwbG9hZHNcLzIwMjZcLzAyXC9TSkMtMjAxOS0wODEydjIuanBnIiwic2xpZGVzaG93IjoiMWNlMDdmNSJ9\" href='https:\/\/lobet.eu\/WP\/wp-content\/uploads\/2026\/02\/SJC-2019-0812v2.jpg'><img loading=\"lazy\" decoding=\"async\" width=\"1700\" height=\"1200\" src=\"https:\/\/lobet.eu\/WP\/wp-content\/uploads\/2026\/02\/SJC-2019-0812v2.jpg\" class=\"attachment-full size-full\" alt=\"\" srcset=\"https:\/\/lobet.eu\/WP\/wp-content\/uploads\/2026\/02\/SJC-2019-0812v2.jpg 1700w, https:\/\/lobet.eu\/WP\/wp-content\/uploads\/2026\/02\/SJC-2019-0812v2-300x212.jpg 300w, https:\/\/lobet.eu\/WP\/wp-content\/uploads\/2026\/02\/SJC-2019-0812v2-1024x723.jpg 1024w, https:\/\/lobet.eu\/WP\/wp-content\/uploads\/2026\/02\/SJC-2019-0812v2-150x106.jpg 150w, https:\/\/lobet.eu\/WP\/wp-content\/uploads\/2026\/02\/SJC-2019-0812v2-768x542.jpg 768w, https:\/\/lobet.eu\/WP\/wp-content\/uploads\/2026\/02\/SJC-2019-0812v2-1536x1084.jpg 1536w\" sizes=\"(max-width: 1700px) 100vw, 1700px\" \/><\/a>\n\t\t\t<\/div><\/figure><figure class='gallery-item'>\n\t\t\t<div class='gallery-icon landscape'>\n\t\t\t\t<a data-elementor-open-lightbox=\"yes\" data-elementor-lightbox-slideshow=\"1ce07f5\" data-e-action-hash=\"#elementor-action%3Aaction%3Dlightbox%26settings%3DeyJpZCI6MTE2MTQsInVybCI6Imh0dHBzOlwvXC9sb2JldC5ldVwvV1BcL3dwLWNvbnRlbnRcL3VwbG9hZHNcLzIwMjZcLzAyXC9TSkMtMjAxOS0wMzc4djIuanBnIiwic2xpZGVzaG93IjoiMWNlMDdmNSJ9\" href='https:\/\/lobet.eu\/WP\/wp-content\/uploads\/2026\/02\/SJC-2019-0378v2.jpg'><img loading=\"lazy\" decoding=\"async\" width=\"1700\" height=\"1200\" src=\"https:\/\/lobet.eu\/WP\/wp-content\/uploads\/2026\/02\/SJC-2019-0378v2.jpg\" class=\"attachment-full size-full\" alt=\"\" srcset=\"https:\/\/lobet.eu\/WP\/wp-content\/uploads\/2026\/02\/SJC-2019-0378v2.jpg 1700w, https:\/\/lobet.eu\/WP\/wp-content\/uploads\/2026\/02\/SJC-2019-0378v2-300x212.jpg 300w, https:\/\/lobet.eu\/WP\/wp-content\/uploads\/2026\/02\/SJC-2019-0378v2-1024x723.jpg 1024w, https:\/\/lobet.eu\/WP\/wp-content\/uploads\/2026\/02\/SJC-2019-0378v2-150x106.jpg 150w, https:\/\/lobet.eu\/WP\/wp-content\/uploads\/2026\/02\/SJC-2019-0378v2-768x542.jpg 768w, https:\/\/lobet.eu\/WP\/wp-content\/uploads\/2026\/02\/SJC-2019-0378v2-1536x1084.jpg 1536w\" sizes=\"(max-width: 1700px) 100vw, 1700px\" \/><\/a>\n\t\t\t<\/div><\/figure><figure class='gallery-item'>\n\t\t\t<div class='gallery-icon landscape'>\n\t\t\t\t<a data-elementor-open-lightbox=\"yes\" data-elementor-lightbox-slideshow=\"1ce07f5\" data-e-action-hash=\"#elementor-action%3Aaction%3Dlightbox%26settings%3DeyJpZCI6MTE2MTUsInVybCI6Imh0dHBzOlwvXC9sb2JldC5ldVwvV1BcL3dwLWNvbnRlbnRcL3VwbG9hZHNcLzIwMjZcLzAyXC9TSkMtMjAxOS0wNjAzdjIuanBnIiwic2xpZGVzaG93IjoiMWNlMDdmNSJ9\" href='https:\/\/lobet.eu\/WP\/wp-content\/uploads\/2026\/02\/SJC-2019-0603v2.jpg'><img loading=\"lazy\" decoding=\"async\" width=\"1700\" height=\"1200\" src=\"https:\/\/lobet.eu\/WP\/wp-content\/uploads\/2026\/02\/SJC-2019-0603v2.jpg\" class=\"attachment-full size-full\" alt=\"\" srcset=\"https:\/\/lobet.eu\/WP\/wp-content\/uploads\/2026\/02\/SJC-2019-0603v2.jpg 1700w, https:\/\/lobet.eu\/WP\/wp-content\/uploads\/2026\/02\/SJC-2019-0603v2-300x212.jpg 300w, https:\/\/lobet.eu\/WP\/wp-content\/uploads\/2026\/02\/SJC-2019-0603v2-1024x723.jpg 1024w, https:\/\/lobet.eu\/WP\/wp-content\/uploads\/2026\/02\/SJC-2019-0603v2-150x106.jpg 150w, https:\/\/lobet.eu\/WP\/wp-content\/uploads\/2026\/02\/SJC-2019-0603v2-768x542.jpg 768w, https:\/\/lobet.eu\/WP\/wp-content\/uploads\/2026\/02\/SJC-2019-0603v2-1536x1084.jpg 1536w\" sizes=\"(max-width: 1700px) 100vw, 1700px\" \/><\/a>\n\t\t\t<\/div><\/figure><figure class='gallery-item'>\n\t\t\t<div class='gallery-icon landscape'>\n\t\t\t\t<a data-elementor-open-lightbox=\"yes\" data-elementor-lightbox-slideshow=\"1ce07f5\" data-e-action-hash=\"#elementor-action%3Aaction%3Dlightbox%26settings%3DeyJpZCI6MTE2MTksInVybCI6Imh0dHBzOlwvXC9sb2JldC5ldVwvV1BcL3dwLWNvbnRlbnRcL3VwbG9hZHNcLzIwMjZcLzAyXC9TSkMtMjAxOS0wOTE2djIuanBnIiwic2xpZGVzaG93IjoiMWNlMDdmNSJ9\" href='https:\/\/lobet.eu\/WP\/wp-content\/uploads\/2026\/02\/SJC-2019-0916v2.jpg'><img loading=\"lazy\" decoding=\"async\" width=\"1700\" height=\"1200\" src=\"https:\/\/lobet.eu\/WP\/wp-content\/uploads\/2026\/02\/SJC-2019-0916v2.jpg\" class=\"attachment-full size-full\" alt=\"\" srcset=\"https:\/\/lobet.eu\/WP\/wp-content\/uploads\/2026\/02\/SJC-2019-0916v2.jpg 1700w, https:\/\/lobet.eu\/WP\/wp-content\/uploads\/2026\/02\/SJC-2019-0916v2-300x212.jpg 300w, https:\/\/lobet.eu\/WP\/wp-content\/uploads\/2026\/02\/SJC-2019-0916v2-1024x723.jpg 1024w, https:\/\/lobet.eu\/WP\/wp-content\/uploads\/2026\/02\/SJC-2019-0916v2-150x106.jpg 150w, https:\/\/lobet.eu\/WP\/wp-content\/uploads\/2026\/02\/SJC-2019-0916v2-768x542.jpg 768w, https:\/\/lobet.eu\/WP\/wp-content\/uploads\/2026\/02\/SJC-2019-0916v2-1536x1084.jpg 1536w\" sizes=\"(max-width: 1700px) 100vw, 1700px\" \/><\/a>\n\t\t\t<\/div><\/figure><figure class='gallery-item'>\n\t\t\t<div class='gallery-icon landscape'>\n\t\t\t\t<a data-elementor-open-lightbox=\"yes\" data-elementor-lightbox-slideshow=\"1ce07f5\" data-e-action-hash=\"#elementor-action%3Aaction%3Dlightbox%26settings%3DeyJpZCI6MTE2MTgsInVybCI6Imh0dHBzOlwvXC9sb2JldC5ldVwvV1BcL3dwLWNvbnRlbnRcL3VwbG9hZHNcLzIwMjZcLzAyXC9TSkMtMjAxOS0wODcxdjIuanBnIiwic2xpZGVzaG93IjoiMWNlMDdmNSJ9\" href='https:\/\/lobet.eu\/WP\/wp-content\/uploads\/2026\/02\/SJC-2019-0871v2.jpg'><img loading=\"lazy\" decoding=\"async\" width=\"1700\" height=\"1200\" src=\"https:\/\/lobet.eu\/WP\/wp-content\/uploads\/2026\/02\/SJC-2019-0871v2.jpg\" class=\"attachment-full size-full\" alt=\"\" srcset=\"https:\/\/lobet.eu\/WP\/wp-content\/uploads\/2026\/02\/SJC-2019-0871v2.jpg 1700w, https:\/\/lobet.eu\/WP\/wp-content\/uploads\/2026\/02\/SJC-2019-0871v2-300x212.jpg 300w, https:\/\/lobet.eu\/WP\/wp-content\/uploads\/2026\/02\/SJC-2019-0871v2-1024x723.jpg 1024w, https:\/\/lobet.eu\/WP\/wp-content\/uploads\/2026\/02\/SJC-2019-0871v2-150x106.jpg 150w, https:\/\/lobet.eu\/WP\/wp-content\/uploads\/2026\/02\/SJC-2019-0871v2-768x542.jpg 768w, https:\/\/lobet.eu\/WP\/wp-content\/uploads\/2026\/02\/SJC-2019-0871v2-1536x1084.jpg 1536w\" sizes=\"(max-width: 1700px) 100vw, 1700px\" \/><\/a>\n\t\t\t<\/div><\/figure><figure class='gallery-item'>\n\t\t\t<div class='gallery-icon landscape'>\n\t\t\t\t<a data-elementor-open-lightbox=\"yes\" data-elementor-lightbox-slideshow=\"1ce07f5\" data-e-action-hash=\"#elementor-action%3Aaction%3Dlightbox%26settings%3DeyJpZCI6MTE2MjAsInVybCI6Imh0dHBzOlwvXC9sb2JldC5ldVwvV1BcL3dwLWNvbnRlbnRcL3VwbG9hZHNcLzIwMjZcLzAyXC9TSkMtMjAxOS0xMDI5djIuanBnIiwic2xpZGVzaG93IjoiMWNlMDdmNSJ9\" href='https:\/\/lobet.eu\/WP\/wp-content\/uploads\/2026\/02\/SJC-2019-1029v2.jpg'><img loading=\"lazy\" decoding=\"async\" width=\"1700\" height=\"1200\" src=\"https:\/\/lobet.eu\/WP\/wp-content\/uploads\/2026\/02\/SJC-2019-1029v2.jpg\" class=\"attachment-full size-full\" alt=\"\" srcset=\"https:\/\/lobet.eu\/WP\/wp-content\/uploads\/2026\/02\/SJC-2019-1029v2.jpg 1700w, https:\/\/lobet.eu\/WP\/wp-content\/uploads\/2026\/02\/SJC-2019-1029v2-300x212.jpg 300w, https:\/\/lobet.eu\/WP\/wp-content\/uploads\/2026\/02\/SJC-2019-1029v2-1024x723.jpg 1024w, https:\/\/lobet.eu\/WP\/wp-content\/uploads\/2026\/02\/SJC-2019-1029v2-150x106.jpg 150w, https:\/\/lobet.eu\/WP\/wp-content\/uploads\/2026\/02\/SJC-2019-1029v2-768x542.jpg 768w, https:\/\/lobet.eu\/WP\/wp-content\/uploads\/2026\/02\/SJC-2019-1029v2-1536x1084.jpg 1536w\" sizes=\"(max-width: 1700px) 100vw, 1700px\" \/><\/a>\n\t\t\t<\/div><\/figure><figure class='gallery-item'>\n\t\t\t<div class='gallery-icon landscape'>\n\t\t\t\t<a data-elementor-open-lightbox=\"yes\" data-elementor-lightbox-slideshow=\"1ce07f5\" data-e-action-hash=\"#elementor-action%3Aaction%3Dlightbox%26settings%3DeyJpZCI6MTE2MjEsInVybCI6Imh0dHBzOlwvXC9sb2JldC5ldVwvV1BcL3dwLWNvbnRlbnRcL3VwbG9hZHNcLzIwMjZcLzAyXC9TSkMtMjAxOS0xMDk0djIuanBnIiwic2xpZGVzaG93IjoiMWNlMDdmNSJ9\" href='https:\/\/lobet.eu\/WP\/wp-content\/uploads\/2026\/02\/SJC-2019-1094v2.jpg'><img loading=\"lazy\" decoding=\"async\" width=\"1700\" height=\"1200\" src=\"https:\/\/lobet.eu\/WP\/wp-content\/uploads\/2026\/02\/SJC-2019-1094v2.jpg\" class=\"attachment-full size-full\" alt=\"\" srcset=\"https:\/\/lobet.eu\/WP\/wp-content\/uploads\/2026\/02\/SJC-2019-1094v2.jpg 1700w, https:\/\/lobet.eu\/WP\/wp-content\/uploads\/2026\/02\/SJC-2019-1094v2-300x212.jpg 300w, https:\/\/lobet.eu\/WP\/wp-content\/uploads\/2026\/02\/SJC-2019-1094v2-1024x723.jpg 1024w, https:\/\/lobet.eu\/WP\/wp-content\/uploads\/2026\/02\/SJC-2019-1094v2-150x106.jpg 150w, https:\/\/lobet.eu\/WP\/wp-content\/uploads\/2026\/02\/SJC-2019-1094v2-768x542.jpg 768w, https:\/\/lobet.eu\/WP\/wp-content\/uploads\/2026\/02\/SJC-2019-1094v2-1536x1084.jpg 1536w\" sizes=\"(max-width: 1700px) 100vw, 1700px\" \/><\/a>\n\t\t\t<\/div><\/figure><figure class='gallery-item'>\n\t\t\t<div class='gallery-icon landscape'>\n\t\t\t\t<a data-elementor-open-lightbox=\"yes\" data-elementor-lightbox-slideshow=\"1ce07f5\" data-e-action-hash=\"#elementor-action%3Aaction%3Dlightbox%26settings%3DeyJpZCI6MTE2MjIsInVybCI6Imh0dHBzOlwvXC9sb2JldC5ldVwvV1BcL3dwLWNvbnRlbnRcL3VwbG9hZHNcLzIwMjZcLzAyXC9TSkMtMjAxOS0xMzAzdjIuanBnIiwic2xpZGVzaG93IjoiMWNlMDdmNSJ9\" href='https:\/\/lobet.eu\/WP\/wp-content\/uploads\/2026\/02\/SJC-2019-1303v2.jpg'><img loading=\"lazy\" decoding=\"async\" width=\"1700\" height=\"1200\" src=\"https:\/\/lobet.eu\/WP\/wp-content\/uploads\/2026\/02\/SJC-2019-1303v2.jpg\" class=\"attachment-full size-full\" alt=\"\" srcset=\"https:\/\/lobet.eu\/WP\/wp-content\/uploads\/2026\/02\/SJC-2019-1303v2.jpg 1700w, https:\/\/lobet.eu\/WP\/wp-content\/uploads\/2026\/02\/SJC-2019-1303v2-300x212.jpg 300w, https:\/\/lobet.eu\/WP\/wp-content\/uploads\/2026\/02\/SJC-2019-1303v2-1024x723.jpg 1024w, https:\/\/lobet.eu\/WP\/wp-content\/uploads\/2026\/02\/SJC-2019-1303v2-150x106.jpg 150w, https:\/\/lobet.eu\/WP\/wp-content\/uploads\/2026\/02\/SJC-2019-1303v2-768x542.jpg 768w, https:\/\/lobet.eu\/WP\/wp-content\/uploads\/2026\/02\/SJC-2019-1303v2-1536x1084.jpg 1536w\" sizes=\"(max-width: 1700px) 100vw, 1700px\" \/><\/a>\n\t\t\t<\/div><\/figure>\n\t\t<\/div>\n\t\t<\/div>\n\t\t\t\t\t\t<\/div>\n\t\t\t\t<\/div>\n\t\t\t\t\t<\/div>\n\t\t<\/div>\n\t\t\t\t\t<\/div>\n\t\t<\/section>\n\t\t\t\t<\/div>\n\t\t","protected":false},"excerpt":{"rendered":"<p>Rencontres d&#8217;un soir Suivre le chemin vers Saint-Jacques de Compostelle, c\u2019est bien s\u00fbr marcher, avancer, progresser le long d\u2019une ligne faite de sentiers, routes et balises.\u00a0 Mais c\u2019est aussi prendre le temps de s\u2019arr\u00eater pour se restaurer et se reposer. Quelques marcheurs choisissent de passer la nuit sous tente ou \u00e0 la belle \u00e9toile quand [&hellip;]<\/p>\n","protected":false},"author":1,"featured_media":0,"parent":0,"menu_order":0,"comment_status":"closed","ping_status":"closed","template":"","meta":{"_exactmetrics_skip_tracking":false,"_exactmetrics_sitenote_active":false,"_exactmetrics_sitenote_note":"","_exactmetrics_sitenote_category":0,"pgc_sgb_lightbox_settings":"","footnotes":""},"categories":[144,143],"tags":[],"class_list":["post-3169","page","type-page","status-publish","hentry","category-galerie","category-main","entry"],"_links":{"self":[{"href":"https:\/\/lobet.eu\/WP\/wp-json\/wp\/v2\/pages\/3169","targetHints":{"allow":["GET"]}}],"collection":[{"href":"https:\/\/lobet.eu\/WP\/wp-json\/wp\/v2\/pages"}],"about":[{"href":"https:\/\/lobet.eu\/WP\/wp-json\/wp\/v2\/types\/page"}],"author":[{"embeddable":true,"href":"https:\/\/lobet.eu\/WP\/wp-json\/wp\/v2\/users\/1"}],"replies":[{"embeddable":true,"href":"https:\/\/lobet.eu\/WP\/wp-json\/wp\/v2\/comments?post=3169"}],"version-history":[{"count":22,"href":"https:\/\/lobet.eu\/WP\/wp-json\/wp\/v2\/pages\/3169\/revisions"}],"predecessor-version":[{"id":12063,"href":"https:\/\/lobet.eu\/WP\/wp-json\/wp\/v2\/pages\/3169\/revisions\/12063"}],"wp:attachment":[{"href":"https:\/\/lobet.eu\/WP\/wp-json\/wp\/v2\/media?parent=3169"}],"wp:term":[{"taxonomy":"category","embeddable":true,"href":"https:\/\/lobet.eu\/WP\/wp-json\/wp\/v2\/categories?post=3169"},{"taxonomy":"post_tag","embeddable":true,"href":"https:\/\/lobet.eu\/WP\/wp-json\/wp\/v2\/tags?post=3169"}],"curies":[{"name":"wp","href":"https:\/\/api.w.org\/{rel}","templated":true}]}}