{"id":12089,"date":"2026-03-02T14:00:33","date_gmt":"2026-03-02T14:00:33","guid":{"rendered":"https:\/\/lobet.eu\/WP\/?page_id=12089"},"modified":"2026-03-02T14:02:10","modified_gmt":"2026-03-02T14:02:10","slug":"chaos-vegetal","status":"publish","type":"page","link":"https:\/\/lobet.eu\/WP\/chaos-vegetal\/","title":{"rendered":"Chaos v\u00e9g\u00e9tal"},"content":{"rendered":"\t\t<div data-elementor-type=\"wp-page\" data-elementor-id=\"12089\" class=\"elementor elementor-12089\">\n\t\t\t\t\t\t<section class=\"elementor-section elementor-top-section elementor-element elementor-element-00b23f1 elementor-section-boxed elementor-section-height-default elementor-section-height-default\" data-id=\"00b23f1\" data-element_type=\"section\" data-e-type=\"section\">\n\t\t\t\t\t\t<div class=\"elementor-container elementor-column-gap-default\">\n\t\t\t\t\t<div class=\"elementor-column elementor-col-50 elementor-top-column elementor-element elementor-element-d40e55e\" data-id=\"d40e55e\" data-element_type=\"column\" data-e-type=\"column\">\n\t\t\t<div class=\"elementor-widget-wrap elementor-element-populated\">\n\t\t\t\t\t\t<div class=\"elementor-element elementor-element-2a51a7a elementor-widget elementor-widget-heading\" data-id=\"2a51a7a\" data-element_type=\"widget\" data-e-type=\"widget\" data-widget_type=\"heading.default\">\n\t\t\t\t<div class=\"elementor-widget-container\">\n\t\t\t\t\t<h2 class=\"elementor-heading-title elementor-size-default\">Chaos v\u00e9g\u00e9tal<\/h2>\t\t\t\t<\/div>\n\t\t\t\t<\/div>\n\t\t\t\t<div class=\"elementor-element elementor-element-49601f3 elementor-widget-divider--view-line elementor-widget elementor-widget-divider\" data-id=\"49601f3\" data-element_type=\"widget\" data-e-type=\"widget\" data-widget_type=\"divider.default\">\n\t\t\t\t<div class=\"elementor-widget-container\">\n\t\t\t\t\t\t\t<div class=\"elementor-divider\">\n\t\t\t<span class=\"elementor-divider-separator\">\n\t\t\t\t\t\t<\/span>\n\t\t<\/div>\n\t\t\t\t\t\t<\/div>\n\t\t\t\t<\/div>\n\t\t\t\t<div class=\"elementor-element elementor-element-938d7db elementor-widget elementor-widget-text-editor\" data-id=\"938d7db\" data-element_type=\"widget\" data-e-type=\"widget\" data-widget_type=\"text-editor.default\">\n\t\t\t\t<div class=\"elementor-widget-container\">\n\t\t\t\t\t\t\t\t\t<p style=\"text-align: right;\">Des entrem\u00ealats, des couches, des embo\u00eetements&#8230;<\/p>\t\t\t\t\t\t\t\t<\/div>\n\t\t\t\t<\/div>\n\t\t\t\t\t<\/div>\n\t\t<\/div>\n\t\t\t\t<div class=\"elementor-column elementor-col-50 elementor-top-column elementor-element elementor-element-fbf6d85\" data-id=\"fbf6d85\" data-element_type=\"column\" data-e-type=\"column\">\n\t\t\t<div class=\"elementor-widget-wrap elementor-element-populated\">\n\t\t\t\t\t\t<div class=\"elementor-element elementor-element-7deed96 gallery-spacing-custom elementor-widget elementor-widget-image-gallery\" data-id=\"7deed96\" data-element_type=\"widget\" data-e-type=\"widget\" data-widget_type=\"image-gallery.default\">\n\t\t\t\t<div class=\"elementor-widget-container\">\n\t\t\t\t\t\t\t<div class=\"elementor-image-gallery\">\n\t\t\t<div id='gallery-1' class='gallery galleryid-12089 gallery-columns-5 gallery-size-full'><figure class='gallery-item'>\n\t\t\t<div class='gallery-icon landscape'>\n\t\t\t\t<a data-elementor-open-lightbox=\"yes\" data-elementor-lightbox-slideshow=\"7deed96\" data-e-action-hash=\"#elementor-action%3Aaction%3Dlightbox%26settings%3DeyJpZCI6MTE1NzUsInVybCI6Imh0dHBzOlwvXC9sb2JldC5ldVwvV1BcL3dwLWNvbnRlbnRcL3VwbG9hZHNcLzIwMjZcLzAyXC9ZTE8zODExLmpwZyIsInNsaWRlc2hvdyI6IjdkZWVkOTYifQ%3D%3D\" href='https:\/\/lobet.eu\/WP\/wp-content\/uploads\/2026\/02\/YLO3811.jpg'><img fetchpriority=\"high\" decoding=\"async\" width=\"1200\" height=\"1200\" src=\"https:\/\/lobet.eu\/WP\/wp-content\/uploads\/2026\/02\/YLO3811.jpg\" class=\"attachment-full size-full\" alt=\"\" srcset=\"https:\/\/lobet.eu\/WP\/wp-content\/uploads\/2026\/02\/YLO3811.jpg 1200w, https:\/\/lobet.eu\/WP\/wp-content\/uploads\/2026\/02\/YLO3811-300x300.jpg 300w, https:\/\/lobet.eu\/WP\/wp-content\/uploads\/2026\/02\/YLO3811-1024x1024.jpg 1024w, https:\/\/lobet.eu\/WP\/wp-content\/uploads\/2026\/02\/YLO3811-150x150.jpg 150w, https:\/\/lobet.eu\/WP\/wp-content\/uploads\/2026\/02\/YLO3811-768x768.jpg 768w, https:\/\/lobet.eu\/WP\/wp-content\/uploads\/2026\/02\/YLO3811-600x600.jpg 600w, https:\/\/lobet.eu\/WP\/wp-content\/uploads\/2026\/02\/YLO3811-640x640.jpg 640w, https:\/\/lobet.eu\/WP\/wp-content\/uploads\/2026\/02\/YLO3811-50x50.jpg 50w\" sizes=\"(max-width: 1200px) 100vw, 1200px\" \/><\/a>\n\t\t\t<\/div><\/figure><figure class='gallery-item'>\n\t\t\t<div class='gallery-icon landscape'>\n\t\t\t\t<a data-elementor-open-lightbox=\"yes\" data-elementor-lightbox-slideshow=\"7deed96\" data-e-action-hash=\"#elementor-action%3Aaction%3Dlightbox%26settings%3DeyJpZCI6MTE1NzQsInVybCI6Imh0dHBzOlwvXC9sb2JldC5ldVwvV1BcL3dwLWNvbnRlbnRcL3VwbG9hZHNcLzIwMjZcLzAyXC9ZTE8zNTg3LmpwZyIsInNsaWRlc2hvdyI6IjdkZWVkOTYifQ%3D%3D\" href='https:\/\/lobet.eu\/WP\/wp-content\/uploads\/2026\/02\/YLO3587.jpg'><img decoding=\"async\" width=\"1200\" height=\"1200\" src=\"https:\/\/lobet.eu\/WP\/wp-content\/uploads\/2026\/02\/YLO3587.jpg\" class=\"attachment-full size-full\" alt=\"\" srcset=\"https:\/\/lobet.eu\/WP\/wp-content\/uploads\/2026\/02\/YLO3587.jpg 1200w, https:\/\/lobet.eu\/WP\/wp-content\/uploads\/2026\/02\/YLO3587-300x300.jpg 300w, https:\/\/lobet.eu\/WP\/wp-content\/uploads\/2026\/02\/YLO3587-1024x1024.jpg 1024w, https:\/\/lobet.eu\/WP\/wp-content\/uploads\/2026\/02\/YLO3587-150x150.jpg 150w, https:\/\/lobet.eu\/WP\/wp-content\/uploads\/2026\/02\/YLO3587-768x768.jpg 768w, https:\/\/lobet.eu\/WP\/wp-content\/uploads\/2026\/02\/YLO3587-600x600.jpg 600w, https:\/\/lobet.eu\/WP\/wp-content\/uploads\/2026\/02\/YLO3587-640x640.jpg 640w, https:\/\/lobet.eu\/WP\/wp-content\/uploads\/2026\/02\/YLO3587-50x50.jpg 50w\" sizes=\"(max-width: 1200px) 100vw, 1200px\" \/><\/a>\n\t\t\t<\/div><\/figure><figure class='gallery-item'>\n\t\t\t<div class='gallery-icon landscape'>\n\t\t\t\t<a data-elementor-open-lightbox=\"yes\" data-elementor-lightbox-slideshow=\"7deed96\" data-e-action-hash=\"#elementor-action%3Aaction%3Dlightbox%26settings%3DeyJpZCI6MTE1NzMsInVybCI6Imh0dHBzOlwvXC9sb2JldC5ldVwvV1BcL3dwLWNvbnRlbnRcL3VwbG9hZHNcLzIwMjZcLzAyXC9ZTE8zNDcxLmpwZyIsInNsaWRlc2hvdyI6IjdkZWVkOTYifQ%3D%3D\" href='https:\/\/lobet.eu\/WP\/wp-content\/uploads\/2026\/02\/YLO3471.jpg'><img decoding=\"async\" width=\"1200\" height=\"1200\" src=\"https:\/\/lobet.eu\/WP\/wp-content\/uploads\/2026\/02\/YLO3471.jpg\" class=\"attachment-full size-full\" alt=\"\" srcset=\"https:\/\/lobet.eu\/WP\/wp-content\/uploads\/2026\/02\/YLO3471.jpg 1200w, https:\/\/lobet.eu\/WP\/wp-content\/uploads\/2026\/02\/YLO3471-300x300.jpg 300w, https:\/\/lobet.eu\/WP\/wp-content\/uploads\/2026\/02\/YLO3471-1024x1024.jpg 1024w, https:\/\/lobet.eu\/WP\/wp-content\/uploads\/2026\/02\/YLO3471-150x150.jpg 150w, https:\/\/lobet.eu\/WP\/wp-content\/uploads\/2026\/02\/YLO3471-768x768.jpg 768w, https:\/\/lobet.eu\/WP\/wp-content\/uploads\/2026\/02\/YLO3471-600x600.jpg 600w, https:\/\/lobet.eu\/WP\/wp-content\/uploads\/2026\/02\/YLO3471-640x640.jpg 640w, https:\/\/lobet.eu\/WP\/wp-content\/uploads\/2026\/02\/YLO3471-50x50.jpg 50w\" sizes=\"(max-width: 1200px) 100vw, 1200px\" \/><\/a>\n\t\t\t<\/div><\/figure><figure class='gallery-item'>\n\t\t\t<div class='gallery-icon landscape'>\n\t\t\t\t<a data-elementor-open-lightbox=\"yes\" data-elementor-lightbox-slideshow=\"7deed96\" data-e-action-hash=\"#elementor-action%3Aaction%3Dlightbox%26settings%3DeyJpZCI6MTE1NzIsInVybCI6Imh0dHBzOlwvXC9sb2JldC5ldVwvV1BcL3dwLWNvbnRlbnRcL3VwbG9hZHNcLzIwMjZcLzAyXC9ZTE8xNTI1LmpwZyIsInNsaWRlc2hvdyI6IjdkZWVkOTYifQ%3D%3D\" href='https:\/\/lobet.eu\/WP\/wp-content\/uploads\/2026\/02\/YLO1525.jpg'><img loading=\"lazy\" decoding=\"async\" width=\"1200\" height=\"1200\" src=\"https:\/\/lobet.eu\/WP\/wp-content\/uploads\/2026\/02\/YLO1525.jpg\" class=\"attachment-full size-full\" alt=\"\" srcset=\"https:\/\/lobet.eu\/WP\/wp-content\/uploads\/2026\/02\/YLO1525.jpg 1200w, https:\/\/lobet.eu\/WP\/wp-content\/uploads\/2026\/02\/YLO1525-300x300.jpg 300w, https:\/\/lobet.eu\/WP\/wp-content\/uploads\/2026\/02\/YLO1525-1024x1024.jpg 1024w, https:\/\/lobet.eu\/WP\/wp-content\/uploads\/2026\/02\/YLO1525-150x150.jpg 150w, https:\/\/lobet.eu\/WP\/wp-content\/uploads\/2026\/02\/YLO1525-768x768.jpg 768w, https:\/\/lobet.eu\/WP\/wp-content\/uploads\/2026\/02\/YLO1525-600x600.jpg 600w, https:\/\/lobet.eu\/WP\/wp-content\/uploads\/2026\/02\/YLO1525-640x640.jpg 640w, https:\/\/lobet.eu\/WP\/wp-content\/uploads\/2026\/02\/YLO1525-50x50.jpg 50w\" sizes=\"(max-width: 1200px) 100vw, 1200px\" \/><\/a>\n\t\t\t<\/div><\/figure><figure class='gallery-item'>\n\t\t\t<div class='gallery-icon landscape'>\n\t\t\t\t<a data-elementor-open-lightbox=\"yes\" data-elementor-lightbox-slideshow=\"7deed96\" data-e-action-hash=\"#elementor-action%3Aaction%3Dlightbox%26settings%3DeyJpZCI6MTE1NzEsInVybCI6Imh0dHBzOlwvXC9sb2JldC5ldVwvV1BcL3dwLWNvbnRlbnRcL3VwbG9hZHNcLzIwMjZcLzAyXC9ZTE8xNDY3LmpwZyIsInNsaWRlc2hvdyI6IjdkZWVkOTYifQ%3D%3D\" href='https:\/\/lobet.eu\/WP\/wp-content\/uploads\/2026\/02\/YLO1467.jpg'><img loading=\"lazy\" decoding=\"async\" width=\"1200\" height=\"1200\" src=\"https:\/\/lobet.eu\/WP\/wp-content\/uploads\/2026\/02\/YLO1467.jpg\" class=\"attachment-full size-full\" alt=\"\" srcset=\"https:\/\/lobet.eu\/WP\/wp-content\/uploads\/2026\/02\/YLO1467.jpg 1200w, https:\/\/lobet.eu\/WP\/wp-content\/uploads\/2026\/02\/YLO1467-300x300.jpg 300w, https:\/\/lobet.eu\/WP\/wp-content\/uploads\/2026\/02\/YLO1467-1024x1024.jpg 1024w, https:\/\/lobet.eu\/WP\/wp-content\/uploads\/2026\/02\/YLO1467-150x150.jpg 150w, https:\/\/lobet.eu\/WP\/wp-content\/uploads\/2026\/02\/YLO1467-768x768.jpg 768w, https:\/\/lobet.eu\/WP\/wp-content\/uploads\/2026\/02\/YLO1467-600x600.jpg 600w, https:\/\/lobet.eu\/WP\/wp-content\/uploads\/2026\/02\/YLO1467-640x640.jpg 640w, https:\/\/lobet.eu\/WP\/wp-content\/uploads\/2026\/02\/YLO1467-50x50.jpg 50w\" sizes=\"(max-width: 1200px) 100vw, 1200px\" \/><\/a>\n\t\t\t<\/div><\/figure><figure class='gallery-item'>\n\t\t\t<div class='gallery-icon landscape'>\n\t\t\t\t<a data-elementor-open-lightbox=\"yes\" data-elementor-lightbox-slideshow=\"7deed96\" data-e-action-hash=\"#elementor-action%3Aaction%3Dlightbox%26settings%3DeyJpZCI6MTE1NzAsInVybCI6Imh0dHBzOlwvXC9sb2JldC5ldVwvV1BcL3dwLWNvbnRlbnRcL3VwbG9hZHNcLzIwMjZcLzAyXC9ZTE8xMDg1LmpwZyIsInNsaWRlc2hvdyI6IjdkZWVkOTYifQ%3D%3D\" href='https:\/\/lobet.eu\/WP\/wp-content\/uploads\/2026\/02\/YLO1085.jpg'><img loading=\"lazy\" decoding=\"async\" width=\"1200\" height=\"1200\" src=\"https:\/\/lobet.eu\/WP\/wp-content\/uploads\/2026\/02\/YLO1085.jpg\" class=\"attachment-full size-full\" alt=\"\" srcset=\"https:\/\/lobet.eu\/WP\/wp-content\/uploads\/2026\/02\/YLO1085.jpg 1200w, https:\/\/lobet.eu\/WP\/wp-content\/uploads\/2026\/02\/YLO1085-300x300.jpg 300w, https:\/\/lobet.eu\/WP\/wp-content\/uploads\/2026\/02\/YLO1085-1024x1024.jpg 1024w, https:\/\/lobet.eu\/WP\/wp-content\/uploads\/2026\/02\/YLO1085-150x150.jpg 150w, https:\/\/lobet.eu\/WP\/wp-content\/uploads\/2026\/02\/YLO1085-768x768.jpg 768w, https:\/\/lobet.eu\/WP\/wp-content\/uploads\/2026\/02\/YLO1085-600x600.jpg 600w, https:\/\/lobet.eu\/WP\/wp-content\/uploads\/2026\/02\/YLO1085-640x640.jpg 640w, https:\/\/lobet.eu\/WP\/wp-content\/uploads\/2026\/02\/YLO1085-50x50.jpg 50w\" sizes=\"(max-width: 1200px) 100vw, 1200px\" \/><\/a>\n\t\t\t<\/div><\/figure><figure class='gallery-item'>\n\t\t\t<div class='gallery-icon landscape'>\n\t\t\t\t<a data-elementor-open-lightbox=\"yes\" data-elementor-lightbox-slideshow=\"7deed96\" data-e-action-hash=\"#elementor-action%3Aaction%3Dlightbox%26settings%3DeyJpZCI6MTE1NjksInVybCI6Imh0dHBzOlwvXC9sb2JldC5ldVwvV1BcL3dwLWNvbnRlbnRcL3VwbG9hZHNcLzIwMjZcLzAyXC9ZTE8xMDY0LmpwZyIsInNsaWRlc2hvdyI6IjdkZWVkOTYifQ%3D%3D\" href='https:\/\/lobet.eu\/WP\/wp-content\/uploads\/2026\/02\/YLO1064.jpg'><img loading=\"lazy\" decoding=\"async\" width=\"1200\" height=\"1200\" src=\"https:\/\/lobet.eu\/WP\/wp-content\/uploads\/2026\/02\/YLO1064.jpg\" class=\"attachment-full size-full\" alt=\"\" srcset=\"https:\/\/lobet.eu\/WP\/wp-content\/uploads\/2026\/02\/YLO1064.jpg 1200w, https:\/\/lobet.eu\/WP\/wp-content\/uploads\/2026\/02\/YLO1064-300x300.jpg 300w, https:\/\/lobet.eu\/WP\/wp-content\/uploads\/2026\/02\/YLO1064-1024x1024.jpg 1024w, https:\/\/lobet.eu\/WP\/wp-content\/uploads\/2026\/02\/YLO1064-150x150.jpg 150w, https:\/\/lobet.eu\/WP\/wp-content\/uploads\/2026\/02\/YLO1064-768x768.jpg 768w, https:\/\/lobet.eu\/WP\/wp-content\/uploads\/2026\/02\/YLO1064-600x600.jpg 600w, https:\/\/lobet.eu\/WP\/wp-content\/uploads\/2026\/02\/YLO1064-640x640.jpg 640w, https:\/\/lobet.eu\/WP\/wp-content\/uploads\/2026\/02\/YLO1064-50x50.jpg 50w\" sizes=\"(max-width: 1200px) 100vw, 1200px\" \/><\/a>\n\t\t\t<\/div><\/figure><figure class='gallery-item'>\n\t\t\t<div class='gallery-icon landscape'>\n\t\t\t\t<a data-elementor-open-lightbox=\"yes\" data-elementor-lightbox-slideshow=\"7deed96\" data-e-action-hash=\"#elementor-action%3Aaction%3Dlightbox%26settings%3DeyJpZCI6MTE1NjgsInVybCI6Imh0dHBzOlwvXC9sb2JldC5ldVwvV1BcL3dwLWNvbnRlbnRcL3VwbG9hZHNcLzIwMjZcLzAyXC9ZTE8xMDA5LmpwZyIsInNsaWRlc2hvdyI6IjdkZWVkOTYifQ%3D%3D\" href='https:\/\/lobet.eu\/WP\/wp-content\/uploads\/2026\/02\/YLO1009.jpg'><img loading=\"lazy\" decoding=\"async\" width=\"1200\" height=\"1200\" src=\"https:\/\/lobet.eu\/WP\/wp-content\/uploads\/2026\/02\/YLO1009.jpg\" class=\"attachment-full size-full\" alt=\"\" srcset=\"https:\/\/lobet.eu\/WP\/wp-content\/uploads\/2026\/02\/YLO1009.jpg 1200w, https:\/\/lobet.eu\/WP\/wp-content\/uploads\/2026\/02\/YLO1009-300x300.jpg 300w, https:\/\/lobet.eu\/WP\/wp-content\/uploads\/2026\/02\/YLO1009-1024x1024.jpg 1024w, https:\/\/lobet.eu\/WP\/wp-content\/uploads\/2026\/02\/YLO1009-150x150.jpg 150w, https:\/\/lobet.eu\/WP\/wp-content\/uploads\/2026\/02\/YLO1009-768x768.jpg 768w, https:\/\/lobet.eu\/WP\/wp-content\/uploads\/2026\/02\/YLO1009-600x600.jpg 600w, https:\/\/lobet.eu\/WP\/wp-content\/uploads\/2026\/02\/YLO1009-640x640.jpg 640w, https:\/\/lobet.eu\/WP\/wp-content\/uploads\/2026\/02\/YLO1009-50x50.jpg 50w\" sizes=\"(max-width: 1200px) 100vw, 1200px\" \/><\/a>\n\t\t\t<\/div><\/figure><figure class='gallery-item'>\n\t\t\t<div class='gallery-icon landscape'>\n\t\t\t\t<a data-elementor-open-lightbox=\"yes\" data-elementor-lightbox-slideshow=\"7deed96\" data-e-action-hash=\"#elementor-action%3Aaction%3Dlightbox%26settings%3DeyJpZCI6MTE1NjcsInVybCI6Imh0dHBzOlwvXC9sb2JldC5ldVwvV1BcL3dwLWNvbnRlbnRcL3VwbG9hZHNcLzIwMjZcLzAyXC9ZTE84MzA0LmpwZyIsInNsaWRlc2hvdyI6IjdkZWVkOTYifQ%3D%3D\" href='https:\/\/lobet.eu\/WP\/wp-content\/uploads\/2026\/02\/YLO8304.jpg'><img loading=\"lazy\" decoding=\"async\" width=\"1200\" height=\"1200\" src=\"https:\/\/lobet.eu\/WP\/wp-content\/uploads\/2026\/02\/YLO8304.jpg\" class=\"attachment-full size-full\" alt=\"\" srcset=\"https:\/\/lobet.eu\/WP\/wp-content\/uploads\/2026\/02\/YLO8304.jpg 1200w, https:\/\/lobet.eu\/WP\/wp-content\/uploads\/2026\/02\/YLO8304-300x300.jpg 300w, https:\/\/lobet.eu\/WP\/wp-content\/uploads\/2026\/02\/YLO8304-1024x1024.jpg 1024w, https:\/\/lobet.eu\/WP\/wp-content\/uploads\/2026\/02\/YLO8304-150x150.jpg 150w, https:\/\/lobet.eu\/WP\/wp-content\/uploads\/2026\/02\/YLO8304-768x768.jpg 768w, https:\/\/lobet.eu\/WP\/wp-content\/uploads\/2026\/02\/YLO8304-600x600.jpg 600w, https:\/\/lobet.eu\/WP\/wp-content\/uploads\/2026\/02\/YLO8304-640x640.jpg 640w, https:\/\/lobet.eu\/WP\/wp-content\/uploads\/2026\/02\/YLO8304-50x50.jpg 50w\" sizes=\"(max-width: 1200px) 100vw, 1200px\" \/><\/a>\n\t\t\t<\/div><\/figure><figure class='gallery-item'>\n\t\t\t<div class='gallery-icon landscape'>\n\t\t\t\t<a data-elementor-open-lightbox=\"yes\" data-elementor-lightbox-slideshow=\"7deed96\" data-e-action-hash=\"#elementor-action%3Aaction%3Dlightbox%26settings%3DeyJpZCI6MTE1NjYsInVybCI6Imh0dHBzOlwvXC9sb2JldC5ldVwvV1BcL3dwLWNvbnRlbnRcL3VwbG9hZHNcLzIwMjZcLzAyXC9ZTE83NjMyLmpwZyIsInNsaWRlc2hvdyI6IjdkZWVkOTYifQ%3D%3D\" href='https:\/\/lobet.eu\/WP\/wp-content\/uploads\/2026\/02\/YLO7632.jpg'><img loading=\"lazy\" decoding=\"async\" width=\"1200\" height=\"1200\" src=\"https:\/\/lobet.eu\/WP\/wp-content\/uploads\/2026\/02\/YLO7632.jpg\" class=\"attachment-full size-full\" alt=\"\" srcset=\"https:\/\/lobet.eu\/WP\/wp-content\/uploads\/2026\/02\/YLO7632.jpg 1200w, https:\/\/lobet.eu\/WP\/wp-content\/uploads\/2026\/02\/YLO7632-300x300.jpg 300w, https:\/\/lobet.eu\/WP\/wp-content\/uploads\/2026\/02\/YLO7632-1024x1024.jpg 1024w, https:\/\/lobet.eu\/WP\/wp-content\/uploads\/2026\/02\/YLO7632-150x150.jpg 150w, https:\/\/lobet.eu\/WP\/wp-content\/uploads\/2026\/02\/YLO7632-768x768.jpg 768w, https:\/\/lobet.eu\/WP\/wp-content\/uploads\/2026\/02\/YLO7632-600x600.jpg 600w, https:\/\/lobet.eu\/WP\/wp-content\/uploads\/2026\/02\/YLO7632-640x640.jpg 640w, https:\/\/lobet.eu\/WP\/wp-content\/uploads\/2026\/02\/YLO7632-50x50.jpg 50w\" sizes=\"(max-width: 1200px) 100vw, 1200px\" \/><\/a>\n\t\t\t<\/div><\/figure><figure class='gallery-item'>\n\t\t\t<div class='gallery-icon landscape'>\n\t\t\t\t<a data-elementor-open-lightbox=\"yes\" data-elementor-lightbox-slideshow=\"7deed96\" data-e-action-hash=\"#elementor-action%3Aaction%3Dlightbox%26settings%3DeyJpZCI6MTE1NjUsInVybCI6Imh0dHBzOlwvXC9sb2JldC5ldVwvV1BcL3dwLWNvbnRlbnRcL3VwbG9hZHNcLzIwMjZcLzAyXC9ZTE83MzU4LmpwZyIsInNsaWRlc2hvdyI6IjdkZWVkOTYifQ%3D%3D\" href='https:\/\/lobet.eu\/WP\/wp-content\/uploads\/2026\/02\/YLO7358.jpg'><img loading=\"lazy\" decoding=\"async\" width=\"1200\" height=\"1200\" src=\"https:\/\/lobet.eu\/WP\/wp-content\/uploads\/2026\/02\/YLO7358.jpg\" class=\"attachment-full size-full\" alt=\"\" srcset=\"https:\/\/lobet.eu\/WP\/wp-content\/uploads\/2026\/02\/YLO7358.jpg 1200w, https:\/\/lobet.eu\/WP\/wp-content\/uploads\/2026\/02\/YLO7358-300x300.jpg 300w, https:\/\/lobet.eu\/WP\/wp-content\/uploads\/2026\/02\/YLO7358-1024x1024.jpg 1024w, https:\/\/lobet.eu\/WP\/wp-content\/uploads\/2026\/02\/YLO7358-150x150.jpg 150w, https:\/\/lobet.eu\/WP\/wp-content\/uploads\/2026\/02\/YLO7358-768x768.jpg 768w, https:\/\/lobet.eu\/WP\/wp-content\/uploads\/2026\/02\/YLO7358-600x600.jpg 600w, https:\/\/lobet.eu\/WP\/wp-content\/uploads\/2026\/02\/YLO7358-640x640.jpg 640w, https:\/\/lobet.eu\/WP\/wp-content\/uploads\/2026\/02\/YLO7358-50x50.jpg 50w\" sizes=\"(max-width: 1200px) 100vw, 1200px\" \/><\/a>\n\t\t\t<\/div><\/figure><figure class='gallery-item'>\n\t\t\t<div class='gallery-icon landscape'>\n\t\t\t\t<a data-elementor-open-lightbox=\"yes\" data-elementor-lightbox-slideshow=\"7deed96\" data-e-action-hash=\"#elementor-action%3Aaction%3Dlightbox%26settings%3DeyJpZCI6MTE1NjQsInVybCI6Imh0dHBzOlwvXC9sb2JldC5ldVwvV1BcL3dwLWNvbnRlbnRcL3VwbG9hZHNcLzIwMjZcLzAyXC9ZTE81NjYzLmpwZyIsInNsaWRlc2hvdyI6IjdkZWVkOTYifQ%3D%3D\" href='https:\/\/lobet.eu\/WP\/wp-content\/uploads\/2026\/02\/YLO5663.jpg'><img loading=\"lazy\" decoding=\"async\" width=\"1200\" height=\"1200\" src=\"https:\/\/lobet.eu\/WP\/wp-content\/uploads\/2026\/02\/YLO5663.jpg\" class=\"attachment-full size-full\" alt=\"\" srcset=\"https:\/\/lobet.eu\/WP\/wp-content\/uploads\/2026\/02\/YLO5663.jpg 1200w, https:\/\/lobet.eu\/WP\/wp-content\/uploads\/2026\/02\/YLO5663-300x300.jpg 300w, https:\/\/lobet.eu\/WP\/wp-content\/uploads\/2026\/02\/YLO5663-1024x1024.jpg 1024w, https:\/\/lobet.eu\/WP\/wp-content\/uploads\/2026\/02\/YLO5663-150x150.jpg 150w, https:\/\/lobet.eu\/WP\/wp-content\/uploads\/2026\/02\/YLO5663-768x768.jpg 768w, https:\/\/lobet.eu\/WP\/wp-content\/uploads\/2026\/02\/YLO5663-600x600.jpg 600w, https:\/\/lobet.eu\/WP\/wp-content\/uploads\/2026\/02\/YLO5663-640x640.jpg 640w, https:\/\/lobet.eu\/WP\/wp-content\/uploads\/2026\/02\/YLO5663-50x50.jpg 50w\" sizes=\"(max-width: 1200px) 100vw, 1200px\" \/><\/a>\n\t\t\t<\/div><\/figure><figure class='gallery-item'>\n\t\t\t<div class='gallery-icon landscape'>\n\t\t\t\t<a data-elementor-open-lightbox=\"yes\" data-elementor-lightbox-slideshow=\"7deed96\" data-e-action-hash=\"#elementor-action%3Aaction%3Dlightbox%26settings%3DeyJpZCI6MTE1NjMsInVybCI6Imh0dHBzOlwvXC9sb2JldC5ldVwvV1BcL3dwLWNvbnRlbnRcL3VwbG9hZHNcLzIwMjZcLzAyXC9ZTE8zODc3LmpwZyIsInNsaWRlc2hvdyI6IjdkZWVkOTYifQ%3D%3D\" href='https:\/\/lobet.eu\/WP\/wp-content\/uploads\/2026\/02\/YLO3877.jpg'><img loading=\"lazy\" decoding=\"async\" width=\"1200\" height=\"1200\" src=\"https:\/\/lobet.eu\/WP\/wp-content\/uploads\/2026\/02\/YLO3877.jpg\" class=\"attachment-full size-full\" alt=\"\" srcset=\"https:\/\/lobet.eu\/WP\/wp-content\/uploads\/2026\/02\/YLO3877.jpg 1200w, https:\/\/lobet.eu\/WP\/wp-content\/uploads\/2026\/02\/YLO3877-300x300.jpg 300w, https:\/\/lobet.eu\/WP\/wp-content\/uploads\/2026\/02\/YLO3877-1024x1024.jpg 1024w, https:\/\/lobet.eu\/WP\/wp-content\/uploads\/2026\/02\/YLO3877-150x150.jpg 150w, https:\/\/lobet.eu\/WP\/wp-content\/uploads\/2026\/02\/YLO3877-768x768.jpg 768w, https:\/\/lobet.eu\/WP\/wp-content\/uploads\/2026\/02\/YLO3877-600x600.jpg 600w, https:\/\/lobet.eu\/WP\/wp-content\/uploads\/2026\/02\/YLO3877-640x640.jpg 640w, https:\/\/lobet.eu\/WP\/wp-content\/uploads\/2026\/02\/YLO3877-50x50.jpg 50w\" sizes=\"(max-width: 1200px) 100vw, 1200px\" \/><\/a>\n\t\t\t<\/div><\/figure>\n\t\t<\/div>\n\t\t<\/div>\n\t\t\t\t\t\t<\/div>\n\t\t\t\t<\/div>\n\t\t\t\t\t<\/div>\n\t\t<\/div>\n\t\t\t\t\t<\/div>\n\t\t<\/section>\n\t\t\t\t<\/div>\n\t\t","protected":false},"excerpt":{"rendered":"<p>Chaos v\u00e9g\u00e9tal Des entrem\u00ealats, des couches, des embo\u00eetements&#8230;<\/p>\n","protected":false},"author":1,"featured_media":0,"parent":0,"menu_order":0,"comment_status":"closed","ping_status":"closed","template":"","meta":{"_exactmetrics_skip_tracking":false,"_exactmetrics_sitenote_active":false,"_exactmetrics_sitenote_note":"","_exactmetrics_sitenote_category":0,"pgc_sgb_lightbox_settings":"","footnotes":""},"categories":[144],"tags":[],"class_list":["post-12089","page","type-page","status-publish","hentry","category-galerie","entry"],"_links":{"self":[{"href":"https:\/\/lobet.eu\/WP\/wp-json\/wp\/v2\/pages\/12089","targetHints":{"allow":["GET"]}}],"collection":[{"href":"https:\/\/lobet.eu\/WP\/wp-json\/wp\/v2\/pages"}],"about":[{"href":"https:\/\/lobet.eu\/WP\/wp-json\/wp\/v2\/types\/page"}],"author":[{"embeddable":true,"href":"https:\/\/lobet.eu\/WP\/wp-json\/wp\/v2\/users\/1"}],"replies":[{"embeddable":true,"href":"https:\/\/lobet.eu\/WP\/wp-json\/wp\/v2\/comments?post=12089"}],"version-history":[{"count":4,"href":"https:\/\/lobet.eu\/WP\/wp-json\/wp\/v2\/pages\/12089\/revisions"}],"predecessor-version":[{"id":12139,"href":"https:\/\/lobet.eu\/WP\/wp-json\/wp\/v2\/pages\/12089\/revisions\/12139"}],"wp:attachment":[{"href":"https:\/\/lobet.eu\/WP\/wp-json\/wp\/v2\/media?parent=12089"}],"wp:term":[{"taxonomy":"category","embeddable":true,"href":"https:\/\/lobet.eu\/WP\/wp-json\/wp\/v2\/categories?post=12089"},{"taxonomy":"post_tag","embeddable":true,"href":"https:\/\/lobet.eu\/WP\/wp-json\/wp\/v2\/tags?post=12089"}],"curies":[{"name":"wp","href":"https:\/\/api.w.org\/{rel}","templated":true}]}}