{"id":12087,"date":"2026-03-01T21:50:26","date_gmt":"2026-03-01T21:50:26","guid":{"rendered":"https:\/\/lobet.eu\/WP\/?page_id=12087"},"modified":"2026-03-02T14:04:52","modified_gmt":"2026-03-02T14:04:52","slug":"une-nuit-a-arles","status":"publish","type":"page","link":"https:\/\/lobet.eu\/WP\/une-nuit-a-arles\/","title":{"rendered":"Une nuit \u00e0 Arles"},"content":{"rendered":"\t\t<div data-elementor-type=\"wp-page\" data-elementor-id=\"12087\" class=\"elementor elementor-12087\">\n\t\t\t\t\t\t<section class=\"elementor-section elementor-top-section elementor-element elementor-element-00b23f1 elementor-section-boxed elementor-section-height-default elementor-section-height-default\" data-id=\"00b23f1\" data-element_type=\"section\" data-e-type=\"section\">\n\t\t\t\t\t\t<div class=\"elementor-container elementor-column-gap-default\">\n\t\t\t\t\t<div class=\"elementor-column elementor-col-50 elementor-top-column elementor-element elementor-element-d40e55e\" data-id=\"d40e55e\" data-element_type=\"column\" data-e-type=\"column\">\n\t\t\t<div class=\"elementor-widget-wrap elementor-element-populated\">\n\t\t\t\t\t\t<div class=\"elementor-element elementor-element-2a51a7a elementor-widget elementor-widget-heading\" data-id=\"2a51a7a\" data-element_type=\"widget\" data-e-type=\"widget\" data-widget_type=\"heading.default\">\n\t\t\t\t<div class=\"elementor-widget-container\">\n\t\t\t\t\t<h2 class=\"elementor-heading-title elementor-size-default\">Une nuit \u00e0 Arles<\/h2>\t\t\t\t<\/div>\n\t\t\t\t<\/div>\n\t\t\t\t<div class=\"elementor-element elementor-element-49601f3 elementor-widget-divider--view-line elementor-widget elementor-widget-divider\" data-id=\"49601f3\" data-element_type=\"widget\" data-e-type=\"widget\" data-widget_type=\"divider.default\">\n\t\t\t\t<div class=\"elementor-widget-container\">\n\t\t\t\t\t\t\t<div class=\"elementor-divider\">\n\t\t\t<span class=\"elementor-divider-separator\">\n\t\t\t\t\t\t<\/span>\n\t\t<\/div>\n\t\t\t\t\t\t<\/div>\n\t\t\t\t<\/div>\n\t\t\t\t<div class=\"elementor-element elementor-element-938d7db elementor-widget elementor-widget-text-editor\" data-id=\"938d7db\" data-element_type=\"widget\" data-e-type=\"widget\" data-widget_type=\"text-editor.default\">\n\t\t\t\t<div class=\"elementor-widget-container\">\n\t\t\t\t\t\t\t\t\t<p style=\"text-align: right;\">Pendant un stage \u00e0 Arles, une nuit \u00e0 d\u00e9ambuler en ville. Et la prendre en photo autrement&#8230;<\/p>\t\t\t\t\t\t\t\t<\/div>\n\t\t\t\t<\/div>\n\t\t\t\t\t<\/div>\n\t\t<\/div>\n\t\t\t\t<div class=\"elementor-column elementor-col-50 elementor-top-column elementor-element elementor-element-fbf6d85\" data-id=\"fbf6d85\" data-element_type=\"column\" data-e-type=\"column\">\n\t\t\t<div class=\"elementor-widget-wrap elementor-element-populated\">\n\t\t\t\t\t\t<div class=\"elementor-element elementor-element-7deed96 gallery-spacing-custom elementor-widget elementor-widget-image-gallery\" data-id=\"7deed96\" data-element_type=\"widget\" data-e-type=\"widget\" data-widget_type=\"image-gallery.default\">\n\t\t\t\t<div class=\"elementor-widget-container\">\n\t\t\t\t\t\t\t<div class=\"elementor-image-gallery\">\n\t\t\t<div id='gallery-1' class='gallery galleryid-12087 gallery-columns-4 gallery-size-full'><figure class='gallery-item'>\n\t\t\t<div class='gallery-icon landscape'>\n\t\t\t\t<a data-elementor-open-lightbox=\"yes\" data-elementor-lightbox-slideshow=\"7deed96\" data-e-action-hash=\"#elementor-action%3Aaction%3Dlightbox%26settings%3DeyJpZCI6MTE0ODcsInVybCI6Imh0dHBzOlwvXC9sb2JldC5ldVwvV1BcL3dwLWNvbnRlbnRcL3VwbG9hZHNcLzIwMjZcLzAyXC9ZTE80NDg0LmpwZyIsInNsaWRlc2hvdyI6IjdkZWVkOTYifQ%3D%3D\" href='https:\/\/lobet.eu\/WP\/wp-content\/uploads\/2026\/02\/YLO4484.jpg'><img fetchpriority=\"high\" decoding=\"async\" width=\"1700\" height=\"1200\" src=\"https:\/\/lobet.eu\/WP\/wp-content\/uploads\/2026\/02\/YLO4484.jpg\" class=\"attachment-full size-full\" alt=\"\" srcset=\"https:\/\/lobet.eu\/WP\/wp-content\/uploads\/2026\/02\/YLO4484.jpg 1700w, https:\/\/lobet.eu\/WP\/wp-content\/uploads\/2026\/02\/YLO4484-300x212.jpg 300w, https:\/\/lobet.eu\/WP\/wp-content\/uploads\/2026\/02\/YLO4484-1024x723.jpg 1024w, https:\/\/lobet.eu\/WP\/wp-content\/uploads\/2026\/02\/YLO4484-150x106.jpg 150w, https:\/\/lobet.eu\/WP\/wp-content\/uploads\/2026\/02\/YLO4484-768x542.jpg 768w, https:\/\/lobet.eu\/WP\/wp-content\/uploads\/2026\/02\/YLO4484-1536x1084.jpg 1536w\" sizes=\"(max-width: 1700px) 100vw, 1700px\" \/><\/a>\n\t\t\t<\/div><\/figure><figure class='gallery-item'>\n\t\t\t<div class='gallery-icon landscape'>\n\t\t\t\t<a data-elementor-open-lightbox=\"yes\" data-elementor-lightbox-slideshow=\"7deed96\" data-e-action-hash=\"#elementor-action%3Aaction%3Dlightbox%26settings%3DeyJpZCI6MTE0ODgsInVybCI6Imh0dHBzOlwvXC9sb2JldC5ldVwvV1BcL3dwLWNvbnRlbnRcL3VwbG9hZHNcLzIwMjZcLzAyXC9ZTE80NTA2LmpwZyIsInNsaWRlc2hvdyI6IjdkZWVkOTYifQ%3D%3D\" href='https:\/\/lobet.eu\/WP\/wp-content\/uploads\/2026\/02\/YLO4506.jpg'><img decoding=\"async\" width=\"1700\" height=\"1200\" src=\"https:\/\/lobet.eu\/WP\/wp-content\/uploads\/2026\/02\/YLO4506.jpg\" class=\"attachment-full size-full\" alt=\"\" srcset=\"https:\/\/lobet.eu\/WP\/wp-content\/uploads\/2026\/02\/YLO4506.jpg 1700w, https:\/\/lobet.eu\/WP\/wp-content\/uploads\/2026\/02\/YLO4506-300x212.jpg 300w, https:\/\/lobet.eu\/WP\/wp-content\/uploads\/2026\/02\/YLO4506-1024x723.jpg 1024w, https:\/\/lobet.eu\/WP\/wp-content\/uploads\/2026\/02\/YLO4506-150x106.jpg 150w, https:\/\/lobet.eu\/WP\/wp-content\/uploads\/2026\/02\/YLO4506-768x542.jpg 768w, https:\/\/lobet.eu\/WP\/wp-content\/uploads\/2026\/02\/YLO4506-1536x1084.jpg 1536w\" sizes=\"(max-width: 1700px) 100vw, 1700px\" \/><\/a>\n\t\t\t<\/div><\/figure><figure class='gallery-item'>\n\t\t\t<div class='gallery-icon landscape'>\n\t\t\t\t<a data-elementor-open-lightbox=\"yes\" data-elementor-lightbox-slideshow=\"7deed96\" data-e-action-hash=\"#elementor-action%3Aaction%3Dlightbox%26settings%3DeyJpZCI6MTE0ODUsInVybCI6Imh0dHBzOlwvXC9sb2JldC5ldVwvV1BcL3dwLWNvbnRlbnRcL3VwbG9hZHNcLzIwMjZcLzAyXC9ZTE80NTc1LmpwZyIsInNsaWRlc2hvdyI6IjdkZWVkOTYifQ%3D%3D\" href='https:\/\/lobet.eu\/WP\/wp-content\/uploads\/2026\/02\/YLO4575.jpg'><img decoding=\"async\" width=\"1700\" height=\"1200\" src=\"https:\/\/lobet.eu\/WP\/wp-content\/uploads\/2026\/02\/YLO4575.jpg\" class=\"attachment-full size-full\" alt=\"\" srcset=\"https:\/\/lobet.eu\/WP\/wp-content\/uploads\/2026\/02\/YLO4575.jpg 1700w, https:\/\/lobet.eu\/WP\/wp-content\/uploads\/2026\/02\/YLO4575-300x212.jpg 300w, https:\/\/lobet.eu\/WP\/wp-content\/uploads\/2026\/02\/YLO4575-1024x723.jpg 1024w, https:\/\/lobet.eu\/WP\/wp-content\/uploads\/2026\/02\/YLO4575-150x106.jpg 150w, https:\/\/lobet.eu\/WP\/wp-content\/uploads\/2026\/02\/YLO4575-768x542.jpg 768w, https:\/\/lobet.eu\/WP\/wp-content\/uploads\/2026\/02\/YLO4575-1536x1084.jpg 1536w\" sizes=\"(max-width: 1700px) 100vw, 1700px\" \/><\/a>\n\t\t\t<\/div><\/figure><figure class='gallery-item'>\n\t\t\t<div class='gallery-icon landscape'>\n\t\t\t\t<a data-elementor-open-lightbox=\"yes\" data-elementor-lightbox-slideshow=\"7deed96\" data-e-action-hash=\"#elementor-action%3Aaction%3Dlightbox%26settings%3DeyJpZCI6MTE0ODQsInVybCI6Imh0dHBzOlwvXC9sb2JldC5ldVwvV1BcL3dwLWNvbnRlbnRcL3VwbG9hZHNcLzIwMjZcLzAyXC9ZTE80NTc0LmpwZyIsInNsaWRlc2hvdyI6IjdkZWVkOTYifQ%3D%3D\" href='https:\/\/lobet.eu\/WP\/wp-content\/uploads\/2026\/02\/YLO4574.jpg'><img loading=\"lazy\" decoding=\"async\" width=\"1700\" height=\"1200\" src=\"https:\/\/lobet.eu\/WP\/wp-content\/uploads\/2026\/02\/YLO4574.jpg\" class=\"attachment-full size-full\" alt=\"\" srcset=\"https:\/\/lobet.eu\/WP\/wp-content\/uploads\/2026\/02\/YLO4574.jpg 1700w, https:\/\/lobet.eu\/WP\/wp-content\/uploads\/2026\/02\/YLO4574-300x212.jpg 300w, https:\/\/lobet.eu\/WP\/wp-content\/uploads\/2026\/02\/YLO4574-1024x723.jpg 1024w, https:\/\/lobet.eu\/WP\/wp-content\/uploads\/2026\/02\/YLO4574-150x106.jpg 150w, https:\/\/lobet.eu\/WP\/wp-content\/uploads\/2026\/02\/YLO4574-768x542.jpg 768w, https:\/\/lobet.eu\/WP\/wp-content\/uploads\/2026\/02\/YLO4574-1536x1084.jpg 1536w\" sizes=\"(max-width: 1700px) 100vw, 1700px\" \/><\/a>\n\t\t\t<\/div><\/figure><figure class='gallery-item'>\n\t\t\t<div class='gallery-icon landscape'>\n\t\t\t\t<a data-elementor-open-lightbox=\"yes\" data-elementor-lightbox-slideshow=\"7deed96\" data-e-action-hash=\"#elementor-action%3Aaction%3Dlightbox%26settings%3DeyJpZCI6MTE0ODMsInVybCI6Imh0dHBzOlwvXC9sb2JldC5ldVwvV1BcL3dwLWNvbnRlbnRcL3VwbG9hZHNcLzIwMjZcLzAyXC9ZTE80NTcwLmpwZyIsInNsaWRlc2hvdyI6IjdkZWVkOTYifQ%3D%3D\" href='https:\/\/lobet.eu\/WP\/wp-content\/uploads\/2026\/02\/YLO4570.jpg'><img loading=\"lazy\" decoding=\"async\" width=\"1700\" height=\"1200\" src=\"https:\/\/lobet.eu\/WP\/wp-content\/uploads\/2026\/02\/YLO4570.jpg\" class=\"attachment-full size-full\" alt=\"\" srcset=\"https:\/\/lobet.eu\/WP\/wp-content\/uploads\/2026\/02\/YLO4570.jpg 1700w, https:\/\/lobet.eu\/WP\/wp-content\/uploads\/2026\/02\/YLO4570-300x212.jpg 300w, https:\/\/lobet.eu\/WP\/wp-content\/uploads\/2026\/02\/YLO4570-1024x723.jpg 1024w, https:\/\/lobet.eu\/WP\/wp-content\/uploads\/2026\/02\/YLO4570-150x106.jpg 150w, https:\/\/lobet.eu\/WP\/wp-content\/uploads\/2026\/02\/YLO4570-768x542.jpg 768w, https:\/\/lobet.eu\/WP\/wp-content\/uploads\/2026\/02\/YLO4570-1536x1084.jpg 1536w\" sizes=\"(max-width: 1700px) 100vw, 1700px\" \/><\/a>\n\t\t\t<\/div><\/figure><figure class='gallery-item'>\n\t\t\t<div class='gallery-icon landscape'>\n\t\t\t\t<a data-elementor-open-lightbox=\"yes\" data-elementor-lightbox-slideshow=\"7deed96\" data-e-action-hash=\"#elementor-action%3Aaction%3Dlightbox%26settings%3DeyJpZCI6MTE0ODIsInVybCI6Imh0dHBzOlwvXC9sb2JldC5ldVwvV1BcL3dwLWNvbnRlbnRcL3VwbG9hZHNcLzIwMjZcLzAyXC9ZTE80NTUyLmpwZyIsInNsaWRlc2hvdyI6IjdkZWVkOTYifQ%3D%3D\" href='https:\/\/lobet.eu\/WP\/wp-content\/uploads\/2026\/02\/YLO4552.jpg'><img loading=\"lazy\" decoding=\"async\" width=\"1700\" height=\"1200\" src=\"https:\/\/lobet.eu\/WP\/wp-content\/uploads\/2026\/02\/YLO4552.jpg\" class=\"attachment-full size-full\" alt=\"\" srcset=\"https:\/\/lobet.eu\/WP\/wp-content\/uploads\/2026\/02\/YLO4552.jpg 1700w, https:\/\/lobet.eu\/WP\/wp-content\/uploads\/2026\/02\/YLO4552-300x212.jpg 300w, https:\/\/lobet.eu\/WP\/wp-content\/uploads\/2026\/02\/YLO4552-1024x723.jpg 1024w, https:\/\/lobet.eu\/WP\/wp-content\/uploads\/2026\/02\/YLO4552-150x106.jpg 150w, https:\/\/lobet.eu\/WP\/wp-content\/uploads\/2026\/02\/YLO4552-768x542.jpg 768w, https:\/\/lobet.eu\/WP\/wp-content\/uploads\/2026\/02\/YLO4552-1536x1084.jpg 1536w\" sizes=\"(max-width: 1700px) 100vw, 1700px\" \/><\/a>\n\t\t\t<\/div><\/figure><figure class='gallery-item'>\n\t\t\t<div class='gallery-icon landscape'>\n\t\t\t\t<a data-elementor-open-lightbox=\"yes\" data-elementor-lightbox-slideshow=\"7deed96\" data-e-action-hash=\"#elementor-action%3Aaction%3Dlightbox%26settings%3DeyJpZCI6MTE0ODEsInVybCI6Imh0dHBzOlwvXC9sb2JldC5ldVwvV1BcL3dwLWNvbnRlbnRcL3VwbG9hZHNcLzIwMjZcLzAyXC9ZTE80NTUxLmpwZyIsInNsaWRlc2hvdyI6IjdkZWVkOTYifQ%3D%3D\" href='https:\/\/lobet.eu\/WP\/wp-content\/uploads\/2026\/02\/YLO4551.jpg'><img loading=\"lazy\" decoding=\"async\" width=\"1700\" height=\"1200\" src=\"https:\/\/lobet.eu\/WP\/wp-content\/uploads\/2026\/02\/YLO4551.jpg\" class=\"attachment-full size-full\" alt=\"\" srcset=\"https:\/\/lobet.eu\/WP\/wp-content\/uploads\/2026\/02\/YLO4551.jpg 1700w, https:\/\/lobet.eu\/WP\/wp-content\/uploads\/2026\/02\/YLO4551-300x212.jpg 300w, https:\/\/lobet.eu\/WP\/wp-content\/uploads\/2026\/02\/YLO4551-1024x723.jpg 1024w, https:\/\/lobet.eu\/WP\/wp-content\/uploads\/2026\/02\/YLO4551-150x106.jpg 150w, https:\/\/lobet.eu\/WP\/wp-content\/uploads\/2026\/02\/YLO4551-768x542.jpg 768w, https:\/\/lobet.eu\/WP\/wp-content\/uploads\/2026\/02\/YLO4551-1536x1084.jpg 1536w\" sizes=\"(max-width: 1700px) 100vw, 1700px\" \/><\/a>\n\t\t\t<\/div><\/figure><figure class='gallery-item'>\n\t\t\t<div class='gallery-icon landscape'>\n\t\t\t\t<a data-elementor-open-lightbox=\"yes\" data-elementor-lightbox-slideshow=\"7deed96\" data-e-action-hash=\"#elementor-action%3Aaction%3Dlightbox%26settings%3DeyJpZCI6MTE0ODAsInVybCI6Imh0dHBzOlwvXC9sb2JldC5ldVwvV1BcL3dwLWNvbnRlbnRcL3VwbG9hZHNcLzIwMjZcLzAyXC9ZTE80NTQ5LmpwZyIsInNsaWRlc2hvdyI6IjdkZWVkOTYifQ%3D%3D\" href='https:\/\/lobet.eu\/WP\/wp-content\/uploads\/2026\/02\/YLO4549.jpg'><img loading=\"lazy\" decoding=\"async\" width=\"1700\" height=\"1200\" src=\"https:\/\/lobet.eu\/WP\/wp-content\/uploads\/2026\/02\/YLO4549.jpg\" class=\"attachment-full size-full\" alt=\"\" srcset=\"https:\/\/lobet.eu\/WP\/wp-content\/uploads\/2026\/02\/YLO4549.jpg 1700w, https:\/\/lobet.eu\/WP\/wp-content\/uploads\/2026\/02\/YLO4549-300x212.jpg 300w, https:\/\/lobet.eu\/WP\/wp-content\/uploads\/2026\/02\/YLO4549-1024x723.jpg 1024w, https:\/\/lobet.eu\/WP\/wp-content\/uploads\/2026\/02\/YLO4549-150x106.jpg 150w, https:\/\/lobet.eu\/WP\/wp-content\/uploads\/2026\/02\/YLO4549-768x542.jpg 768w, https:\/\/lobet.eu\/WP\/wp-content\/uploads\/2026\/02\/YLO4549-1536x1084.jpg 1536w\" sizes=\"(max-width: 1700px) 100vw, 1700px\" \/><\/a>\n\t\t\t<\/div><\/figure><figure class='gallery-item'>\n\t\t\t<div class='gallery-icon landscape'>\n\t\t\t\t<a data-elementor-open-lightbox=\"yes\" data-elementor-lightbox-slideshow=\"7deed96\" data-e-action-hash=\"#elementor-action%3Aaction%3Dlightbox%26settings%3DeyJpZCI6MTE0NzksInVybCI6Imh0dHBzOlwvXC9sb2JldC5ldVwvV1BcL3dwLWNvbnRlbnRcL3VwbG9hZHNcLzIwMjZcLzAyXC9ZTE80NTM4LmpwZyIsInNsaWRlc2hvdyI6IjdkZWVkOTYifQ%3D%3D\" href='https:\/\/lobet.eu\/WP\/wp-content\/uploads\/2026\/02\/YLO4538.jpg'><img loading=\"lazy\" decoding=\"async\" width=\"1700\" height=\"1200\" src=\"https:\/\/lobet.eu\/WP\/wp-content\/uploads\/2026\/02\/YLO4538.jpg\" class=\"attachment-full size-full\" alt=\"\" srcset=\"https:\/\/lobet.eu\/WP\/wp-content\/uploads\/2026\/02\/YLO4538.jpg 1700w, https:\/\/lobet.eu\/WP\/wp-content\/uploads\/2026\/02\/YLO4538-300x212.jpg 300w, https:\/\/lobet.eu\/WP\/wp-content\/uploads\/2026\/02\/YLO4538-1024x723.jpg 1024w, https:\/\/lobet.eu\/WP\/wp-content\/uploads\/2026\/02\/YLO4538-150x106.jpg 150w, https:\/\/lobet.eu\/WP\/wp-content\/uploads\/2026\/02\/YLO4538-768x542.jpg 768w, https:\/\/lobet.eu\/WP\/wp-content\/uploads\/2026\/02\/YLO4538-1536x1084.jpg 1536w\" sizes=\"(max-width: 1700px) 100vw, 1700px\" \/><\/a>\n\t\t\t<\/div><\/figure><figure class='gallery-item'>\n\t\t\t<div class='gallery-icon landscape'>\n\t\t\t\t<a data-elementor-open-lightbox=\"yes\" data-elementor-lightbox-slideshow=\"7deed96\" data-e-action-hash=\"#elementor-action%3Aaction%3Dlightbox%26settings%3DeyJpZCI6MTE0ODYsInVybCI6Imh0dHBzOlwvXC9sb2JldC5ldVwvV1BcL3dwLWNvbnRlbnRcL3VwbG9hZHNcLzIwMjZcLzAyXC9ZTE80NTgzLmpwZyIsInNsaWRlc2hvdyI6IjdkZWVkOTYifQ%3D%3D\" href='https:\/\/lobet.eu\/WP\/wp-content\/uploads\/2026\/02\/YLO4583.jpg'><img loading=\"lazy\" decoding=\"async\" width=\"1700\" height=\"1200\" src=\"https:\/\/lobet.eu\/WP\/wp-content\/uploads\/2026\/02\/YLO4583.jpg\" class=\"attachment-full size-full\" alt=\"\" srcset=\"https:\/\/lobet.eu\/WP\/wp-content\/uploads\/2026\/02\/YLO4583.jpg 1700w, https:\/\/lobet.eu\/WP\/wp-content\/uploads\/2026\/02\/YLO4583-300x212.jpg 300w, https:\/\/lobet.eu\/WP\/wp-content\/uploads\/2026\/02\/YLO4583-1024x723.jpg 1024w, https:\/\/lobet.eu\/WP\/wp-content\/uploads\/2026\/02\/YLO4583-150x106.jpg 150w, https:\/\/lobet.eu\/WP\/wp-content\/uploads\/2026\/02\/YLO4583-768x542.jpg 768w, https:\/\/lobet.eu\/WP\/wp-content\/uploads\/2026\/02\/YLO4583-1536x1084.jpg 1536w\" sizes=\"(max-width: 1700px) 100vw, 1700px\" \/><\/a>\n\t\t\t<\/div><\/figure><figure class='gallery-item'>\n\t\t\t<div class='gallery-icon landscape'>\n\t\t\t\t<a data-elementor-open-lightbox=\"yes\" data-elementor-lightbox-slideshow=\"7deed96\" data-e-action-hash=\"#elementor-action%3Aaction%3Dlightbox%26settings%3DeyJpZCI6MTE0NzgsInVybCI6Imh0dHBzOlwvXC9sb2JldC5ldVwvV1BcL3dwLWNvbnRlbnRcL3VwbG9hZHNcLzIwMjZcLzAyXC9ZTE80NTM2LmpwZyIsInNsaWRlc2hvdyI6IjdkZWVkOTYifQ%3D%3D\" href='https:\/\/lobet.eu\/WP\/wp-content\/uploads\/2026\/02\/YLO4536.jpg'><img loading=\"lazy\" decoding=\"async\" width=\"1700\" height=\"1200\" src=\"https:\/\/lobet.eu\/WP\/wp-content\/uploads\/2026\/02\/YLO4536.jpg\" class=\"attachment-full size-full\" alt=\"\" srcset=\"https:\/\/lobet.eu\/WP\/wp-content\/uploads\/2026\/02\/YLO4536.jpg 1700w, https:\/\/lobet.eu\/WP\/wp-content\/uploads\/2026\/02\/YLO4536-300x212.jpg 300w, https:\/\/lobet.eu\/WP\/wp-content\/uploads\/2026\/02\/YLO4536-1024x723.jpg 1024w, https:\/\/lobet.eu\/WP\/wp-content\/uploads\/2026\/02\/YLO4536-150x106.jpg 150w, https:\/\/lobet.eu\/WP\/wp-content\/uploads\/2026\/02\/YLO4536-768x542.jpg 768w, https:\/\/lobet.eu\/WP\/wp-content\/uploads\/2026\/02\/YLO4536-1536x1084.jpg 1536w\" sizes=\"(max-width: 1700px) 100vw, 1700px\" \/><\/a>\n\t\t\t<\/div><\/figure><figure class='gallery-item'>\n\t\t\t<div class='gallery-icon landscape'>\n\t\t\t\t<a data-elementor-open-lightbox=\"yes\" data-elementor-lightbox-slideshow=\"7deed96\" data-e-action-hash=\"#elementor-action%3Aaction%3Dlightbox%26settings%3DeyJpZCI6MTE0NzcsInVybCI6Imh0dHBzOlwvXC9sb2JldC5ldVwvV1BcL3dwLWNvbnRlbnRcL3VwbG9hZHNcLzIwMjZcLzAyXC9ZTE80NTM0LmpwZyIsInNsaWRlc2hvdyI6IjdkZWVkOTYifQ%3D%3D\" href='https:\/\/lobet.eu\/WP\/wp-content\/uploads\/2026\/02\/YLO4534.jpg'><img loading=\"lazy\" decoding=\"async\" width=\"1700\" height=\"1200\" src=\"https:\/\/lobet.eu\/WP\/wp-content\/uploads\/2026\/02\/YLO4534.jpg\" class=\"attachment-full size-full\" alt=\"\" srcset=\"https:\/\/lobet.eu\/WP\/wp-content\/uploads\/2026\/02\/YLO4534.jpg 1700w, https:\/\/lobet.eu\/WP\/wp-content\/uploads\/2026\/02\/YLO4534-300x212.jpg 300w, https:\/\/lobet.eu\/WP\/wp-content\/uploads\/2026\/02\/YLO4534-1024x723.jpg 1024w, https:\/\/lobet.eu\/WP\/wp-content\/uploads\/2026\/02\/YLO4534-150x106.jpg 150w, https:\/\/lobet.eu\/WP\/wp-content\/uploads\/2026\/02\/YLO4534-768x542.jpg 768w, https:\/\/lobet.eu\/WP\/wp-content\/uploads\/2026\/02\/YLO4534-1536x1084.jpg 1536w\" sizes=\"(max-width: 1700px) 100vw, 1700px\" \/><\/a>\n\t\t\t<\/div><\/figure>\n\t\t<\/div>\n\t\t<\/div>\n\t\t\t\t\t\t<\/div>\n\t\t\t\t<\/div>\n\t\t\t\t\t<\/div>\n\t\t<\/div>\n\t\t\t\t\t<\/div>\n\t\t<\/section>\n\t\t\t\t<\/div>\n\t\t","protected":false},"excerpt":{"rendered":"<p>Une nuit \u00e0 Arles Pendant un stage \u00e0 Arles, une nuit \u00e0 d\u00e9ambuler en ville. Et la prendre en photo autrement&#8230;<\/p>\n","protected":false},"author":1,"featured_media":0,"parent":0,"menu_order":0,"comment_status":"closed","ping_status":"closed","template":"","meta":{"_exactmetrics_skip_tracking":false,"_exactmetrics_sitenote_active":false,"_exactmetrics_sitenote_note":"","_exactmetrics_sitenote_category":0,"pgc_sgb_lightbox_settings":"","footnotes":""},"categories":[144],"tags":[],"class_list":["post-12087","page","type-page","status-publish","hentry","category-galerie","entry"],"_links":{"self":[{"href":"https:\/\/lobet.eu\/WP\/wp-json\/wp\/v2\/pages\/12087","targetHints":{"allow":["GET"]}}],"collection":[{"href":"https:\/\/lobet.eu\/WP\/wp-json\/wp\/v2\/pages"}],"about":[{"href":"https:\/\/lobet.eu\/WP\/wp-json\/wp\/v2\/types\/page"}],"author":[{"embeddable":true,"href":"https:\/\/lobet.eu\/WP\/wp-json\/wp\/v2\/users\/1"}],"replies":[{"embeddable":true,"href":"https:\/\/lobet.eu\/WP\/wp-json\/wp\/v2\/comments?post=12087"}],"version-history":[{"count":4,"href":"https:\/\/lobet.eu\/WP\/wp-json\/wp\/v2\/pages\/12087\/revisions"}],"predecessor-version":[{"id":12142,"href":"https:\/\/lobet.eu\/WP\/wp-json\/wp\/v2\/pages\/12087\/revisions\/12142"}],"wp:attachment":[{"href":"https:\/\/lobet.eu\/WP\/wp-json\/wp\/v2\/media?parent=12087"}],"wp:term":[{"taxonomy":"category","embeddable":true,"href":"https:\/\/lobet.eu\/WP\/wp-json\/wp\/v2\/categories?post=12087"},{"taxonomy":"post_tag","embeddable":true,"href":"https:\/\/lobet.eu\/WP\/wp-json\/wp\/v2\/tags?post=12087"}],"curies":[{"name":"wp","href":"https:\/\/api.w.org\/{rel}","templated":true}]}}