{"id":12075,"date":"2026-03-01T21:28:50","date_gmt":"2026-03-01T21:28:50","guid":{"rendered":"https:\/\/lobet.eu\/WP\/?page_id=12075"},"modified":"2026-03-02T19:46:47","modified_gmt":"2026-03-02T19:46:47","slug":"faux-jumeaux","status":"publish","type":"page","link":"https:\/\/lobet.eu\/WP\/faux-jumeaux\/","title":{"rendered":"Faux jumeaux"},"content":{"rendered":"\t\t<div data-elementor-type=\"wp-page\" data-elementor-id=\"12075\" class=\"elementor elementor-12075\">\n\t\t\t\t\t\t<section class=\"elementor-section elementor-top-section elementor-element elementor-element-00b23f1 elementor-section-boxed elementor-section-height-default elementor-section-height-default\" data-id=\"00b23f1\" data-element_type=\"section\" data-e-type=\"section\">\n\t\t\t\t\t\t<div class=\"elementor-container elementor-column-gap-default\">\n\t\t\t\t\t<div class=\"elementor-column elementor-col-50 elementor-top-column elementor-element elementor-element-d40e55e\" data-id=\"d40e55e\" data-element_type=\"column\" data-e-type=\"column\">\n\t\t\t<div class=\"elementor-widget-wrap elementor-element-populated\">\n\t\t\t\t\t\t<div class=\"elementor-element elementor-element-2a51a7a elementor-widget elementor-widget-heading\" data-id=\"2a51a7a\" data-element_type=\"widget\" data-e-type=\"widget\" data-widget_type=\"heading.default\">\n\t\t\t\t<div class=\"elementor-widget-container\">\n\t\t\t\t\t<h2 class=\"elementor-heading-title elementor-size-default\">Faux jumeaux<\/h2>\t\t\t\t<\/div>\n\t\t\t\t<\/div>\n\t\t\t\t<div class=\"elementor-element elementor-element-49601f3 elementor-widget-divider--view-line elementor-widget elementor-widget-divider\" data-id=\"49601f3\" data-element_type=\"widget\" data-e-type=\"widget\" data-widget_type=\"divider.default\">\n\t\t\t\t<div class=\"elementor-widget-container\">\n\t\t\t\t\t\t\t<div class=\"elementor-divider\">\n\t\t\t<span class=\"elementor-divider-separator\">\n\t\t\t\t\t\t<\/span>\n\t\t<\/div>\n\t\t\t\t\t\t<\/div>\n\t\t\t\t<\/div>\n\t\t\t\t<div class=\"elementor-element elementor-element-938d7db elementor-widget elementor-widget-text-editor\" data-id=\"938d7db\" data-element_type=\"widget\" data-e-type=\"widget\" data-widget_type=\"text-editor.default\">\n\t\t\t\t<div class=\"elementor-widget-container\">\n\t\t\t\t\t\t\t\t\t<p style=\"text-align: right;\">Au bord de mes chemins de randonn\u00e9e, que de maisons, de portes, de fen\u00eatres pas tout \u00e0 fait jumelles&#8230;<\/p>\t\t\t\t\t\t\t\t<\/div>\n\t\t\t\t<\/div>\n\t\t\t\t\t<\/div>\n\t\t<\/div>\n\t\t\t\t<div class=\"elementor-column elementor-col-50 elementor-top-column elementor-element elementor-element-fbf6d85\" data-id=\"fbf6d85\" data-element_type=\"column\" data-e-type=\"column\">\n\t\t\t<div class=\"elementor-widget-wrap elementor-element-populated\">\n\t\t\t\t\t\t<div class=\"elementor-element elementor-element-7deed96 gallery-spacing-custom elementor-widget elementor-widget-image-gallery\" data-id=\"7deed96\" data-element_type=\"widget\" data-e-type=\"widget\" data-widget_type=\"image-gallery.default\">\n\t\t\t\t<div class=\"elementor-widget-container\">\n\t\t\t\t\t\t\t<div class=\"elementor-image-gallery\">\n\t\t\t<div id='gallery-1' class='gallery galleryid-12075 gallery-columns-4 gallery-size-full'><figure class='gallery-item'>\n\t\t\t<div class='gallery-icon landscape'>\n\t\t\t\t<a data-elementor-open-lightbox=\"yes\" data-elementor-lightbox-slideshow=\"7deed96\" data-e-action-hash=\"#elementor-action%3Aaction%3Dlightbox%26settings%3DeyJpZCI6MTE1NTEsInVybCI6Imh0dHBzOlwvXC9sb2JldC5ldVwvV1BcL3dwLWNvbnRlbnRcL3VwbG9hZHNcLzIwMjZcLzAyXC9TSkMtMjAyNC0xMTEyLmpwZyIsInNsaWRlc2hvdyI6IjdkZWVkOTYifQ%3D%3D\" href='https:\/\/lobet.eu\/WP\/wp-content\/uploads\/2026\/02\/SJC-2024-1112.jpg'><img fetchpriority=\"high\" decoding=\"async\" width=\"1700\" height=\"1200\" src=\"https:\/\/lobet.eu\/WP\/wp-content\/uploads\/2026\/02\/SJC-2024-1112.jpg\" class=\"attachment-full size-full\" alt=\"\" srcset=\"https:\/\/lobet.eu\/WP\/wp-content\/uploads\/2026\/02\/SJC-2024-1112.jpg 1700w, https:\/\/lobet.eu\/WP\/wp-content\/uploads\/2026\/02\/SJC-2024-1112-300x212.jpg 300w, https:\/\/lobet.eu\/WP\/wp-content\/uploads\/2026\/02\/SJC-2024-1112-1024x723.jpg 1024w, https:\/\/lobet.eu\/WP\/wp-content\/uploads\/2026\/02\/SJC-2024-1112-150x106.jpg 150w, https:\/\/lobet.eu\/WP\/wp-content\/uploads\/2026\/02\/SJC-2024-1112-768x542.jpg 768w, https:\/\/lobet.eu\/WP\/wp-content\/uploads\/2026\/02\/SJC-2024-1112-1536x1084.jpg 1536w\" sizes=\"(max-width: 1700px) 100vw, 1700px\" \/><\/a>\n\t\t\t<\/div><\/figure><figure class='gallery-item'>\n\t\t\t<div class='gallery-icon landscape'>\n\t\t\t\t<a data-elementor-open-lightbox=\"yes\" data-elementor-lightbox-slideshow=\"7deed96\" data-e-action-hash=\"#elementor-action%3Aaction%3Dlightbox%26settings%3DeyJpZCI6MTE1NTAsInVybCI6Imh0dHBzOlwvXC9sb2JldC5ldVwvV1BcL3dwLWNvbnRlbnRcL3VwbG9hZHNcLzIwMjZcLzAyXC9TSkMtMjAyNC0wNzI0LmpwZyIsInNsaWRlc2hvdyI6IjdkZWVkOTYifQ%3D%3D\" href='https:\/\/lobet.eu\/WP\/wp-content\/uploads\/2026\/02\/SJC-2024-0724.jpg'><img decoding=\"async\" width=\"1700\" height=\"1200\" src=\"https:\/\/lobet.eu\/WP\/wp-content\/uploads\/2026\/02\/SJC-2024-0724.jpg\" class=\"attachment-full size-full\" alt=\"\" srcset=\"https:\/\/lobet.eu\/WP\/wp-content\/uploads\/2026\/02\/SJC-2024-0724.jpg 1700w, https:\/\/lobet.eu\/WP\/wp-content\/uploads\/2026\/02\/SJC-2024-0724-300x212.jpg 300w, https:\/\/lobet.eu\/WP\/wp-content\/uploads\/2026\/02\/SJC-2024-0724-1024x723.jpg 1024w, https:\/\/lobet.eu\/WP\/wp-content\/uploads\/2026\/02\/SJC-2024-0724-150x106.jpg 150w, https:\/\/lobet.eu\/WP\/wp-content\/uploads\/2026\/02\/SJC-2024-0724-768x542.jpg 768w, https:\/\/lobet.eu\/WP\/wp-content\/uploads\/2026\/02\/SJC-2024-0724-1536x1084.jpg 1536w\" sizes=\"(max-width: 1700px) 100vw, 1700px\" \/><\/a>\n\t\t\t<\/div><\/figure><figure class='gallery-item'>\n\t\t\t<div class='gallery-icon landscape'>\n\t\t\t\t<a data-elementor-open-lightbox=\"yes\" data-elementor-lightbox-slideshow=\"7deed96\" data-e-action-hash=\"#elementor-action%3Aaction%3Dlightbox%26settings%3DeyJpZCI6MTE1NDksInVybCI6Imh0dHBzOlwvXC9sb2JldC5ldVwvV1BcL3dwLWNvbnRlbnRcL3VwbG9hZHNcLzIwMjZcLzAyXC9TSkMtMjAyNC01MTk3LmpwZyIsInNsaWRlc2hvdyI6IjdkZWVkOTYifQ%3D%3D\" href='https:\/\/lobet.eu\/WP\/wp-content\/uploads\/2026\/02\/SJC-2024-5197.jpg'><img decoding=\"async\" width=\"1700\" height=\"1200\" src=\"https:\/\/lobet.eu\/WP\/wp-content\/uploads\/2026\/02\/SJC-2024-5197.jpg\" class=\"attachment-full size-full\" alt=\"\" srcset=\"https:\/\/lobet.eu\/WP\/wp-content\/uploads\/2026\/02\/SJC-2024-5197.jpg 1700w, https:\/\/lobet.eu\/WP\/wp-content\/uploads\/2026\/02\/SJC-2024-5197-300x212.jpg 300w, https:\/\/lobet.eu\/WP\/wp-content\/uploads\/2026\/02\/SJC-2024-5197-1024x723.jpg 1024w, https:\/\/lobet.eu\/WP\/wp-content\/uploads\/2026\/02\/SJC-2024-5197-150x106.jpg 150w, https:\/\/lobet.eu\/WP\/wp-content\/uploads\/2026\/02\/SJC-2024-5197-768x542.jpg 768w, https:\/\/lobet.eu\/WP\/wp-content\/uploads\/2026\/02\/SJC-2024-5197-1536x1084.jpg 1536w\" sizes=\"(max-width: 1700px) 100vw, 1700px\" \/><\/a>\n\t\t\t<\/div><\/figure><figure class='gallery-item'>\n\t\t\t<div class='gallery-icon landscape'>\n\t\t\t\t<a data-elementor-open-lightbox=\"yes\" data-elementor-lightbox-slideshow=\"7deed96\" data-e-action-hash=\"#elementor-action%3Aaction%3Dlightbox%26settings%3DeyJpZCI6MTE1NDgsInVybCI6Imh0dHBzOlwvXC9sb2JldC5ldVwvV1BcL3dwLWNvbnRlbnRcL3VwbG9hZHNcLzIwMjZcLzAyXC9TSkMtMjAyNC01MTUzLmpwZyIsInNsaWRlc2hvdyI6IjdkZWVkOTYifQ%3D%3D\" href='https:\/\/lobet.eu\/WP\/wp-content\/uploads\/2026\/02\/SJC-2024-5153.jpg'><img loading=\"lazy\" decoding=\"async\" width=\"1700\" height=\"1200\" src=\"https:\/\/lobet.eu\/WP\/wp-content\/uploads\/2026\/02\/SJC-2024-5153.jpg\" class=\"attachment-full size-full\" alt=\"\" srcset=\"https:\/\/lobet.eu\/WP\/wp-content\/uploads\/2026\/02\/SJC-2024-5153.jpg 1700w, https:\/\/lobet.eu\/WP\/wp-content\/uploads\/2026\/02\/SJC-2024-5153-300x212.jpg 300w, https:\/\/lobet.eu\/WP\/wp-content\/uploads\/2026\/02\/SJC-2024-5153-1024x723.jpg 1024w, https:\/\/lobet.eu\/WP\/wp-content\/uploads\/2026\/02\/SJC-2024-5153-150x106.jpg 150w, https:\/\/lobet.eu\/WP\/wp-content\/uploads\/2026\/02\/SJC-2024-5153-768x542.jpg 768w, https:\/\/lobet.eu\/WP\/wp-content\/uploads\/2026\/02\/SJC-2024-5153-1536x1084.jpg 1536w\" sizes=\"(max-width: 1700px) 100vw, 1700px\" \/><\/a>\n\t\t\t<\/div><\/figure><figure class='gallery-item'>\n\t\t\t<div class='gallery-icon landscape'>\n\t\t\t\t<a data-elementor-open-lightbox=\"yes\" data-elementor-lightbox-slideshow=\"7deed96\" data-e-action-hash=\"#elementor-action%3Aaction%3Dlightbox%26settings%3DeyJpZCI6MTE1NDcsInVybCI6Imh0dHBzOlwvXC9sb2JldC5ldVwvV1BcL3dwLWNvbnRlbnRcL3VwbG9hZHNcLzIwMjZcLzAyXC9TSkMtMjAyNC01MDc4LmpwZyIsInNsaWRlc2hvdyI6IjdkZWVkOTYifQ%3D%3D\" href='https:\/\/lobet.eu\/WP\/wp-content\/uploads\/2026\/02\/SJC-2024-5078.jpg'><img loading=\"lazy\" decoding=\"async\" width=\"1700\" height=\"1200\" src=\"https:\/\/lobet.eu\/WP\/wp-content\/uploads\/2026\/02\/SJC-2024-5078.jpg\" class=\"attachment-full size-full\" alt=\"\" srcset=\"https:\/\/lobet.eu\/WP\/wp-content\/uploads\/2026\/02\/SJC-2024-5078.jpg 1700w, https:\/\/lobet.eu\/WP\/wp-content\/uploads\/2026\/02\/SJC-2024-5078-300x212.jpg 300w, https:\/\/lobet.eu\/WP\/wp-content\/uploads\/2026\/02\/SJC-2024-5078-1024x723.jpg 1024w, https:\/\/lobet.eu\/WP\/wp-content\/uploads\/2026\/02\/SJC-2024-5078-150x106.jpg 150w, https:\/\/lobet.eu\/WP\/wp-content\/uploads\/2026\/02\/SJC-2024-5078-768x542.jpg 768w, https:\/\/lobet.eu\/WP\/wp-content\/uploads\/2026\/02\/SJC-2024-5078-1536x1084.jpg 1536w\" sizes=\"(max-width: 1700px) 100vw, 1700px\" \/><\/a>\n\t\t\t<\/div><\/figure><figure class='gallery-item'>\n\t\t\t<div class='gallery-icon landscape'>\n\t\t\t\t<a data-elementor-open-lightbox=\"yes\" data-elementor-lightbox-slideshow=\"7deed96\" data-e-action-hash=\"#elementor-action%3Aaction%3Dlightbox%26settings%3DeyJpZCI6MTE1NDYsInVybCI6Imh0dHBzOlwvXC9sb2JldC5ldVwvV1BcL3dwLWNvbnRlbnRcL3VwbG9hZHNcLzIwMjZcLzAyXC9TSkMtMjAyNC01MDU0LmpwZyIsInNsaWRlc2hvdyI6IjdkZWVkOTYifQ%3D%3D\" href='https:\/\/lobet.eu\/WP\/wp-content\/uploads\/2026\/02\/SJC-2024-5054.jpg'><img loading=\"lazy\" decoding=\"async\" width=\"1700\" height=\"1200\" src=\"https:\/\/lobet.eu\/WP\/wp-content\/uploads\/2026\/02\/SJC-2024-5054.jpg\" class=\"attachment-full size-full\" alt=\"\" srcset=\"https:\/\/lobet.eu\/WP\/wp-content\/uploads\/2026\/02\/SJC-2024-5054.jpg 1700w, https:\/\/lobet.eu\/WP\/wp-content\/uploads\/2026\/02\/SJC-2024-5054-300x212.jpg 300w, https:\/\/lobet.eu\/WP\/wp-content\/uploads\/2026\/02\/SJC-2024-5054-1024x723.jpg 1024w, https:\/\/lobet.eu\/WP\/wp-content\/uploads\/2026\/02\/SJC-2024-5054-150x106.jpg 150w, https:\/\/lobet.eu\/WP\/wp-content\/uploads\/2026\/02\/SJC-2024-5054-768x542.jpg 768w, https:\/\/lobet.eu\/WP\/wp-content\/uploads\/2026\/02\/SJC-2024-5054-1536x1084.jpg 1536w\" sizes=\"(max-width: 1700px) 100vw, 1700px\" \/><\/a>\n\t\t\t<\/div><\/figure><figure class='gallery-item'>\n\t\t\t<div class='gallery-icon landscape'>\n\t\t\t\t<a data-elementor-open-lightbox=\"yes\" data-elementor-lightbox-slideshow=\"7deed96\" data-e-action-hash=\"#elementor-action%3Aaction%3Dlightbox%26settings%3DeyJpZCI6MTE1NDUsInVybCI6Imh0dHBzOlwvXC9sb2JldC5ldVwvV1BcL3dwLWNvbnRlbnRcL3VwbG9hZHNcLzIwMjZcLzAyXC9TSkMtMjAyNC00OTU3LmpwZyIsInNsaWRlc2hvdyI6IjdkZWVkOTYifQ%3D%3D\" href='https:\/\/lobet.eu\/WP\/wp-content\/uploads\/2026\/02\/SJC-2024-4957.jpg'><img loading=\"lazy\" decoding=\"async\" width=\"1700\" height=\"1200\" src=\"https:\/\/lobet.eu\/WP\/wp-content\/uploads\/2026\/02\/SJC-2024-4957.jpg\" class=\"attachment-full size-full\" alt=\"\" srcset=\"https:\/\/lobet.eu\/WP\/wp-content\/uploads\/2026\/02\/SJC-2024-4957.jpg 1700w, https:\/\/lobet.eu\/WP\/wp-content\/uploads\/2026\/02\/SJC-2024-4957-300x212.jpg 300w, https:\/\/lobet.eu\/WP\/wp-content\/uploads\/2026\/02\/SJC-2024-4957-1024x723.jpg 1024w, https:\/\/lobet.eu\/WP\/wp-content\/uploads\/2026\/02\/SJC-2024-4957-150x106.jpg 150w, https:\/\/lobet.eu\/WP\/wp-content\/uploads\/2026\/02\/SJC-2024-4957-768x542.jpg 768w, https:\/\/lobet.eu\/WP\/wp-content\/uploads\/2026\/02\/SJC-2024-4957-1536x1084.jpg 1536w\" sizes=\"(max-width: 1700px) 100vw, 1700px\" \/><\/a>\n\t\t\t<\/div><\/figure><figure class='gallery-item'>\n\t\t\t<div class='gallery-icon landscape'>\n\t\t\t\t<a data-elementor-open-lightbox=\"yes\" data-elementor-lightbox-slideshow=\"7deed96\" data-e-action-hash=\"#elementor-action%3Aaction%3Dlightbox%26settings%3DeyJpZCI6MTE1NDMsInVybCI6Imh0dHBzOlwvXC9sb2JldC5ldVwvV1BcL3dwLWNvbnRlbnRcL3VwbG9hZHNcLzIwMjZcLzAyXC9TSkMtMjAyNC0yODUyLmpwZyIsInNsaWRlc2hvdyI6IjdkZWVkOTYifQ%3D%3D\" href='https:\/\/lobet.eu\/WP\/wp-content\/uploads\/2026\/02\/SJC-2024-2852.jpg'><img loading=\"lazy\" decoding=\"async\" width=\"1700\" height=\"1200\" src=\"https:\/\/lobet.eu\/WP\/wp-content\/uploads\/2026\/02\/SJC-2024-2852.jpg\" class=\"attachment-full size-full\" alt=\"\" srcset=\"https:\/\/lobet.eu\/WP\/wp-content\/uploads\/2026\/02\/SJC-2024-2852.jpg 1700w, https:\/\/lobet.eu\/WP\/wp-content\/uploads\/2026\/02\/SJC-2024-2852-300x212.jpg 300w, https:\/\/lobet.eu\/WP\/wp-content\/uploads\/2026\/02\/SJC-2024-2852-1024x723.jpg 1024w, https:\/\/lobet.eu\/WP\/wp-content\/uploads\/2026\/02\/SJC-2024-2852-150x106.jpg 150w, https:\/\/lobet.eu\/WP\/wp-content\/uploads\/2026\/02\/SJC-2024-2852-768x542.jpg 768w, https:\/\/lobet.eu\/WP\/wp-content\/uploads\/2026\/02\/SJC-2024-2852-1536x1084.jpg 1536w\" sizes=\"(max-width: 1700px) 100vw, 1700px\" \/><\/a>\n\t\t\t<\/div><\/figure><figure class='gallery-item'>\n\t\t\t<div class='gallery-icon landscape'>\n\t\t\t\t<a data-elementor-open-lightbox=\"yes\" data-elementor-lightbox-slideshow=\"7deed96\" data-e-action-hash=\"#elementor-action%3Aaction%3Dlightbox%26settings%3DeyJpZCI6MTE1NDIsInVybCI6Imh0dHBzOlwvXC9sb2JldC5ldVwvV1BcL3dwLWNvbnRlbnRcL3VwbG9hZHNcLzIwMjZcLzAyXC9TSkMtMjAyNC0xNzc3LmpwZyIsInNsaWRlc2hvdyI6IjdkZWVkOTYifQ%3D%3D\" href='https:\/\/lobet.eu\/WP\/wp-content\/uploads\/2026\/02\/SJC-2024-1777.jpg'><img loading=\"lazy\" decoding=\"async\" width=\"1700\" height=\"1200\" src=\"https:\/\/lobet.eu\/WP\/wp-content\/uploads\/2026\/02\/SJC-2024-1777.jpg\" class=\"attachment-full size-full\" alt=\"\" srcset=\"https:\/\/lobet.eu\/WP\/wp-content\/uploads\/2026\/02\/SJC-2024-1777.jpg 1700w, https:\/\/lobet.eu\/WP\/wp-content\/uploads\/2026\/02\/SJC-2024-1777-300x212.jpg 300w, https:\/\/lobet.eu\/WP\/wp-content\/uploads\/2026\/02\/SJC-2024-1777-1024x723.jpg 1024w, https:\/\/lobet.eu\/WP\/wp-content\/uploads\/2026\/02\/SJC-2024-1777-150x106.jpg 150w, https:\/\/lobet.eu\/WP\/wp-content\/uploads\/2026\/02\/SJC-2024-1777-768x542.jpg 768w, https:\/\/lobet.eu\/WP\/wp-content\/uploads\/2026\/02\/SJC-2024-1777-1536x1084.jpg 1536w\" sizes=\"(max-width: 1700px) 100vw, 1700px\" \/><\/a>\n\t\t\t<\/div><\/figure><figure class='gallery-item'>\n\t\t\t<div class='gallery-icon landscape'>\n\t\t\t\t<a data-elementor-open-lightbox=\"yes\" data-elementor-lightbox-slideshow=\"7deed96\" data-e-action-hash=\"#elementor-action%3Aaction%3Dlightbox%26settings%3DeyJpZCI6MTE1NDEsInVybCI6Imh0dHBzOlwvXC9sb2JldC5ldVwvV1BcL3dwLWNvbnRlbnRcL3VwbG9hZHNcLzIwMjZcLzAyXC9TSkMtMjAyNC0xNTM1LmpwZyIsInNsaWRlc2hvdyI6IjdkZWVkOTYifQ%3D%3D\" href='https:\/\/lobet.eu\/WP\/wp-content\/uploads\/2026\/02\/SJC-2024-1535.jpg'><img loading=\"lazy\" decoding=\"async\" width=\"1700\" height=\"1200\" src=\"https:\/\/lobet.eu\/WP\/wp-content\/uploads\/2026\/02\/SJC-2024-1535.jpg\" class=\"attachment-full size-full\" alt=\"\" srcset=\"https:\/\/lobet.eu\/WP\/wp-content\/uploads\/2026\/02\/SJC-2024-1535.jpg 1700w, https:\/\/lobet.eu\/WP\/wp-content\/uploads\/2026\/02\/SJC-2024-1535-300x212.jpg 300w, https:\/\/lobet.eu\/WP\/wp-content\/uploads\/2026\/02\/SJC-2024-1535-1024x723.jpg 1024w, https:\/\/lobet.eu\/WP\/wp-content\/uploads\/2026\/02\/SJC-2024-1535-150x106.jpg 150w, https:\/\/lobet.eu\/WP\/wp-content\/uploads\/2026\/02\/SJC-2024-1535-768x542.jpg 768w, https:\/\/lobet.eu\/WP\/wp-content\/uploads\/2026\/02\/SJC-2024-1535-1536x1084.jpg 1536w\" sizes=\"(max-width: 1700px) 100vw, 1700px\" \/><\/a>\n\t\t\t<\/div><\/figure><figure class='gallery-item'>\n\t\t\t<div class='gallery-icon landscape'>\n\t\t\t\t<a data-elementor-open-lightbox=\"yes\" data-elementor-lightbox-slideshow=\"7deed96\" data-e-action-hash=\"#elementor-action%3Aaction%3Dlightbox%26settings%3DeyJpZCI6MTE1NDAsInVybCI6Imh0dHBzOlwvXC9sb2JldC5ldVwvV1BcL3dwLWNvbnRlbnRcL3VwbG9hZHNcLzIwMjZcLzAyXC9TSkMtMjAyNC0xNTM0LmpwZyIsInNsaWRlc2hvdyI6IjdkZWVkOTYifQ%3D%3D\" href='https:\/\/lobet.eu\/WP\/wp-content\/uploads\/2026\/02\/SJC-2024-1534.jpg'><img loading=\"lazy\" decoding=\"async\" width=\"1700\" height=\"1200\" src=\"https:\/\/lobet.eu\/WP\/wp-content\/uploads\/2026\/02\/SJC-2024-1534.jpg\" class=\"attachment-full size-full\" alt=\"\" srcset=\"https:\/\/lobet.eu\/WP\/wp-content\/uploads\/2026\/02\/SJC-2024-1534.jpg 1700w, https:\/\/lobet.eu\/WP\/wp-content\/uploads\/2026\/02\/SJC-2024-1534-300x212.jpg 300w, https:\/\/lobet.eu\/WP\/wp-content\/uploads\/2026\/02\/SJC-2024-1534-1024x723.jpg 1024w, https:\/\/lobet.eu\/WP\/wp-content\/uploads\/2026\/02\/SJC-2024-1534-150x106.jpg 150w, https:\/\/lobet.eu\/WP\/wp-content\/uploads\/2026\/02\/SJC-2024-1534-768x542.jpg 768w, https:\/\/lobet.eu\/WP\/wp-content\/uploads\/2026\/02\/SJC-2024-1534-1536x1084.jpg 1536w\" sizes=\"(max-width: 1700px) 100vw, 1700px\" \/><\/a>\n\t\t\t<\/div><\/figure><figure class='gallery-item'>\n\t\t\t<div class='gallery-icon landscape'>\n\t\t\t\t<a data-elementor-open-lightbox=\"yes\" data-elementor-lightbox-slideshow=\"7deed96\" data-e-action-hash=\"#elementor-action%3Aaction%3Dlightbox%26settings%3DeyJpZCI6MTE1MzksInVybCI6Imh0dHBzOlwvXC9sb2JldC5ldVwvV1BcL3dwLWNvbnRlbnRcL3VwbG9hZHNcLzIwMjZcLzAyXC9TSkMtMjAyNC0xMTE3LmpwZyIsInNsaWRlc2hvdyI6IjdkZWVkOTYifQ%3D%3D\" href='https:\/\/lobet.eu\/WP\/wp-content\/uploads\/2026\/02\/SJC-2024-1117.jpg'><img loading=\"lazy\" decoding=\"async\" width=\"1700\" height=\"1200\" src=\"https:\/\/lobet.eu\/WP\/wp-content\/uploads\/2026\/02\/SJC-2024-1117.jpg\" class=\"attachment-full size-full\" alt=\"\" srcset=\"https:\/\/lobet.eu\/WP\/wp-content\/uploads\/2026\/02\/SJC-2024-1117.jpg 1700w, https:\/\/lobet.eu\/WP\/wp-content\/uploads\/2026\/02\/SJC-2024-1117-300x212.jpg 300w, https:\/\/lobet.eu\/WP\/wp-content\/uploads\/2026\/02\/SJC-2024-1117-1024x723.jpg 1024w, https:\/\/lobet.eu\/WP\/wp-content\/uploads\/2026\/02\/SJC-2024-1117-150x106.jpg 150w, https:\/\/lobet.eu\/WP\/wp-content\/uploads\/2026\/02\/SJC-2024-1117-768x542.jpg 768w, https:\/\/lobet.eu\/WP\/wp-content\/uploads\/2026\/02\/SJC-2024-1117-1536x1084.jpg 1536w\" sizes=\"(max-width: 1700px) 100vw, 1700px\" \/><\/a>\n\t\t\t<\/div><\/figure>\n\t\t<\/div>\n\t\t<\/div>\n\t\t\t\t\t\t<\/div>\n\t\t\t\t<\/div>\n\t\t\t\t\t<\/div>\n\t\t<\/div>\n\t\t\t\t\t<\/div>\n\t\t<\/section>\n\t\t\t\t<\/div>\n\t\t","protected":false},"excerpt":{"rendered":"<p>Faux jumeaux Au bord de mes chemins de randonn\u00e9e, que de maisons, de portes, de fen\u00eatres pas tout \u00e0 fait jumelles&#8230;<\/p>\n","protected":false},"author":1,"featured_media":0,"parent":0,"menu_order":0,"comment_status":"closed","ping_status":"closed","template":"","meta":{"_exactmetrics_skip_tracking":false,"_exactmetrics_sitenote_active":false,"_exactmetrics_sitenote_note":"","_exactmetrics_sitenote_category":0,"pgc_sgb_lightbox_settings":"","footnotes":""},"categories":[144],"tags":[],"class_list":["post-12075","page","type-page","status-publish","hentry","category-galerie","entry"],"_links":{"self":[{"href":"https:\/\/lobet.eu\/WP\/wp-json\/wp\/v2\/pages\/12075","targetHints":{"allow":["GET"]}}],"collection":[{"href":"https:\/\/lobet.eu\/WP\/wp-json\/wp\/v2\/pages"}],"about":[{"href":"https:\/\/lobet.eu\/WP\/wp-json\/wp\/v2\/types\/page"}],"author":[{"embeddable":true,"href":"https:\/\/lobet.eu\/WP\/wp-json\/wp\/v2\/users\/1"}],"replies":[{"embeddable":true,"href":"https:\/\/lobet.eu\/WP\/wp-json\/wp\/v2\/comments?post=12075"}],"version-history":[{"count":10,"href":"https:\/\/lobet.eu\/WP\/wp-json\/wp\/v2\/pages\/12075\/revisions"}],"predecessor-version":[{"id":12312,"href":"https:\/\/lobet.eu\/WP\/wp-json\/wp\/v2\/pages\/12075\/revisions\/12312"}],"wp:attachment":[{"href":"https:\/\/lobet.eu\/WP\/wp-json\/wp\/v2\/media?parent=12075"}],"wp:term":[{"taxonomy":"category","embeddable":true,"href":"https:\/\/lobet.eu\/WP\/wp-json\/wp\/v2\/categories?post=12075"},{"taxonomy":"post_tag","embeddable":true,"href":"https:\/\/lobet.eu\/WP\/wp-json\/wp\/v2\/tags?post=12075"}],"curies":[{"name":"wp","href":"https:\/\/api.w.org\/{rel}","templated":true}]}}